{"id":28255,"date":"2025-02-20T23:29:54","date_gmt":"2025-02-20T22:29:54","guid":{"rendered":"https:\/\/olemosaic.orbitalia.org\/producto\/bol-de-coco-azul-abanico-2\/"},"modified":"2025-07-25T18:33:25","modified_gmt":"2025-07-25T16:33:25","slug":"bol-de-coco-bleu-eventail-2","status":"publish","type":"product","link":"https:\/\/olemosaic.orbitalia.org\/fr\/produit\/bol-de-coco-bleu-eventail-2\/","title":{"rendered":"Bol de coco bleu. \u00c9ventail."},"content":{"rendered":"<p>Ce bol en noix de coco bleu est un chef-d&rsquo;\u0153uvre artisanal qui capture l&rsquo;essence de l&rsquo;art traditionnel espagnol. De conception artisanale, il pr\u00e9sente une finition glamour dans des tons brillants qui contrastent magistralement avec un fond noir, accentuant la beaut\u00e9 des d\u00e9tails bleus. Au centre, un charmant motif d&rsquo;\u00e9ventail, entour\u00e9 d&rsquo;un motif de c\u0153urs bleus, lui donne une touche romantique et vibrante, en faisant une pi\u00e8ce parfaite tant pour la d\u00e9coration de la maison que pour ranger de petits objets.<\/p>\n<p>Le bol refl\u00e8te la riche culture espagnole et sa tradition artistique, \u00e9tant un accessoire id\u00e9al pour ceux qui recherchent un souvenir authentique et repr\u00e9sentatif de leur voyage. La technique de peinture \u00e0 la main garantit que chaque bol en noix de coco est unique, plein de caract\u00e8re et d&rsquo;originalit\u00e9, ce qui en fait un souvenir pr\u00e9cieux pour les visiteurs de l&rsquo;Espagne. Son utilisation polyvalente le rend id\u00e9al pour de multiples applications, d&rsquo;un organisateur pratique \u00e0 un \u00e9l\u00e9ment d\u00e9coratif attrayant.<\/p>\n<p>Chez Ol\u00e9 Mosaic, nous nous sp\u00e9cialisons dans la distribution de souvenirs en gros, offrant ce bol en noix de coco bleu comme une option authentique et significative qui met en valeur l&rsquo;h\u00e9ritage culturel de l&rsquo;Espagne. C&rsquo;est un excellent choix pour les boutiques de cadeaux touristiques souhaitant proposer des produits de haute qualit\u00e9 et de valeur culturelle.<\/p>\n","protected":false},"excerpt":{"rendered":"<p>Bol en noix de coco bleu d\u00e9cor\u00e9 d&rsquo;un charmant motif de c\u0153urs et d&rsquo;un \u00e9ventail \u00e0 l&rsquo;int\u00e9rieur. Cet article artisanal, fait de noix de coco, pr\u00e9sente une finition brillante qui contraste avec le fond noir, rehaussant les tons bleus et les d\u00e9tails complexes de l&rsquo;\u00e9ventail. Parfait comme \u00e9l\u00e9ment d\u00e9coratif ou pour ranger de petits objets, il refl\u00e8te l&rsquo;essence de l&rsquo;art traditionnel et de la culture espagnole vibrante. La technique de conception artisanale, peinte \u00e0 la main, garantit que chaque pi\u00e8ce est unique.<\/p>\n","protected":false},"featured_media":10191,"template":"","meta":{"_acf_changed":false},"product_brand":[],"product_cat":[521],"product_tag":[],"class_list":{"0":"post-28255","1":"product","2":"type-product","3":"status-publish","4":"has-post-thumbnail","6":"product_cat-bols","8":"first","9":"instock","10":"shipping-taxable","11":"product-type-simple"},"acf":[],"_links":{"self":[{"href":"https:\/\/olemosaic.orbitalia.org\/fr\/wp-json\/wp\/v2\/product\/28255","targetHints":{"allow":["GET"]}}],"collection":[{"href":"https:\/\/olemosaic.orbitalia.org\/fr\/wp-json\/wp\/v2\/product"}],"about":[{"href":"https:\/\/olemosaic.orbitalia.org\/fr\/wp-json\/wp\/v2\/types\/product"}],"wp:featuredmedia":[{"embeddable":true,"href":"https:\/\/olemosaic.orbitalia.org\/fr\/wp-json\/wp\/v2\/media\/10191"}],"wp:attachment":[{"href":"https:\/\/olemosaic.orbitalia.org\/fr\/wp-json\/wp\/v2\/media?parent=28255"}],"wp:term":[{"taxonomy":"product_brand","embeddable":true,"href":"https:\/\/olemosaic.orbitalia.org\/fr\/wp-json\/wp\/v2\/product_brand?post=28255"},{"taxonomy":"product_cat","embeddable":true,"href":"https:\/\/olemosaic.orbitalia.org\/fr\/wp-json\/wp\/v2\/product_cat?post=28255"},{"taxonomy":"product_tag","embeddable":true,"href":"https:\/\/olemosaic.orbitalia.org\/fr\/wp-json\/wp\/v2\/product_tag?post=28255"}],"curies":[{"name":"wp","href":"https:\/\/api.w.org\/{rel}","templated":true}]}}