{"id":28254,"date":"2025-02-20T23:29:54","date_gmt":"2025-02-20T22:29:54","guid":{"rendered":"https:\/\/olemosaic.orbitalia.org\/producto\/bol-de-coco-azul-tortuga-3\/"},"modified":"2025-07-25T18:49:40","modified_gmt":"2025-07-25T16:49:40","slug":"bol-de-coco-bleu-tortue-3","status":"publish","type":"product","link":"https:\/\/olemosaic.orbitalia.org\/fr\/produit\/bol-de-coco-bleu-tortue-3\/","title":{"rendered":"Bol de coco bleu. Tortue."},"content":{"rendered":"<p>Ce bol en noix de coco bleu est un joyau artisanal id\u00e9al pour ceux qui recherchent un souvenir authentique et vibrant capturant l&rsquo;essence de la M\u00e9diterran\u00e9e. Chaque bol est m\u00e9ticuleusement \u00e9labor\u00e9 de mani\u00e8re artisanale avec de la noix de coco naturelle, ce qui lui conf\u00e8re un caract\u00e8re distinctif et durable. \u00c0 l&rsquo;int\u00e9rieur, un magnifique design avec une tortue au centre se distingue, symbole de la vie marine et des plages ensoleill\u00e9es, entour\u00e9 d&rsquo;un cadre joyeux de c\u0153urs color\u00e9s. Les tons bleus du fond compl\u00e8tent parfaitement les nuances des c\u0153urs, cr\u00e9ant une explosion de couleurs qui \u00e9voque des souvenirs de vacances sur la c\u00f4te.<\/p>\n<p>La tortue, grav\u00e9e avec pr\u00e9cision, ajoute une touche d&rsquo;\u00e9l\u00e9gance et de symbolisme, repr\u00e9sentant la connexion avec la nature et l&rsquo;amour pour l&rsquo;environnement. Ce bol n&rsquo;est pas seulement une magnifique pi\u00e8ce d\u00e9corative, mais aussi fonctionnelle, parfaite pour orner n&rsquo;importe quelle table ou pour un usage quotidien, que ce soit pour servir des collations ou pour organiser de petits objets.<\/p>\n<p>Chez Ol\u00e9 Mosaic, nous comprenons l&rsquo;importance de proposer des souvenirs qui racontent une histoire et refl\u00e8tent la culture locale. Ce bol en noix de coco est un souvenir de qualit\u00e9, ainsi qu&rsquo;une repr\u00e9sentation de la tradition artisanale, id\u00e9al pour les boutiques de cadeaux touristiques qui recherchent des produits authentiques et significatifs. Sans aucun doute, un excellent choix pour ceux qui souhaitent emporter un morceau de la culture m\u00e9diterran\u00e9enne.<\/p>\n","protected":false},"excerpt":{"rendered":"<p>Bol en noix de coco bleu d\u00e9cor\u00e9 d&rsquo;une magnifique tortue au centre et d&rsquo;un cadre joyeux de c\u0153urs color\u00e9s. Fabriqu\u00e9 \u00e0 la main, ce bol combine le mat\u00e9riau naturel de la noix de coco avec un design vibrant qui met en valeur les tons bleus et les nuances color\u00e9es des c\u0153urs. La tortue, grav\u00e9e avec soin, ajoute une touche marine qui \u00e9voque l&rsquo;essence des plages de la M\u00e9diterran\u00e9e. Parfait comme pi\u00e8ce d\u00e9corative ou pour un usage quotidien.<\/p>\n","protected":false},"featured_media":10295,"template":"","meta":{"_acf_changed":false},"product_brand":[],"product_cat":[521],"product_tag":[530],"class_list":{"0":"post-28254","1":"product","2":"type-product","3":"status-publish","4":"has-post-thumbnail","6":"product_cat-bols","7":"product_tag-animaux","8":"pa_motivo-tortues","10":"first","11":"instock","12":"shipping-taxable","13":"product-type-simple"},"acf":[],"_links":{"self":[{"href":"https:\/\/olemosaic.orbitalia.org\/fr\/wp-json\/wp\/v2\/product\/28254","targetHints":{"allow":["GET"]}}],"collection":[{"href":"https:\/\/olemosaic.orbitalia.org\/fr\/wp-json\/wp\/v2\/product"}],"about":[{"href":"https:\/\/olemosaic.orbitalia.org\/fr\/wp-json\/wp\/v2\/types\/product"}],"wp:featuredmedia":[{"embeddable":true,"href":"https:\/\/olemosaic.orbitalia.org\/fr\/wp-json\/wp\/v2\/media\/10295"}],"wp:attachment":[{"href":"https:\/\/olemosaic.orbitalia.org\/fr\/wp-json\/wp\/v2\/media?parent=28254"}],"wp:term":[{"taxonomy":"product_brand","embeddable":true,"href":"https:\/\/olemosaic.orbitalia.org\/fr\/wp-json\/wp\/v2\/product_brand?post=28254"},{"taxonomy":"product_cat","embeddable":true,"href":"https:\/\/olemosaic.orbitalia.org\/fr\/wp-json\/wp\/v2\/product_cat?post=28254"},{"taxonomy":"product_tag","embeddable":true,"href":"https:\/\/olemosaic.orbitalia.org\/fr\/wp-json\/wp\/v2\/product_tag?post=28254"}],"curies":[{"name":"wp","href":"https:\/\/api.w.org\/{rel}","templated":true}]}}