{"id":28253,"date":"2025-02-20T22:29:54","date_gmt":"2025-02-20T22:29:54","guid":{"rendered":"https:\/\/olemosaic.orbitalia.org\/producto\/bol-de-coco-azul-isla-lanzarote\/"},"modified":"2025-07-25T20:25:46","modified_gmt":"2025-07-25T18:25:46","slug":"bol-de-coco-bleu-ile-lanzarote","status":"publish","type":"product","link":"https:\/\/olemosaic.orbitalia.org\/fr\/produit\/bol-de-coco-bleu-ile-lanzarote\/","title":{"rendered":"Bol de coco bleu. \u00cele. Lanzarote."},"content":{"rendered":"<p>Ce bol en noix de coco bleu est une magnifique repr\u00e9sentation de la beaut\u00e9 naturelle de Lanzarote, id\u00e9al pour ceux qui recherchent un souvenir authentique de l&rsquo;\u00eele. \u00c9labor\u00e9 avec des mati\u00e8res premi\u00e8res de haute qualit\u00e9, ce bol \u00e9l\u00e9gant pr\u00e9sente un design captivant dans des tons bleus qui \u00e9voquent l&rsquo;immense paysage marin et les oc\u00e9ans qui entourent l&rsquo;\u00eele. Son int\u00e9rieur brillant affiche une carte d\u00e9licatement imprim\u00e9e de Lanzarote, soulignant son identit\u00e9 insulaire et offrant une touche de culture locale \u00e0 chaque utilisation.<\/p>\n<p>La surface du bol est d\u00e9cor\u00e9e d&rsquo;une s\u00e9rie de cercles dans diverses nuances de bleu, inspir\u00e9s par l&rsquo;eau cristalline qui baigne ses c\u00f4tes. Cette finition artisanale rehausse non seulement les d\u00e9tails, mais apporte \u00e9galement chaleur et authenticit\u00e9 \u00e0 la pi\u00e8ce, la rendant parfaite aussi bien comme objet d\u00e9coratif que pour servir des ap\u00e9ritifs lors de r\u00e9unions de famille ou de f\u00eates.<\/p>\n<p>Ce bol en noix de coco bleu est un reflet clair de la tradition artisanale de Lanzarote, devenant un excellent souvenir repr\u00e9sentatif de l&rsquo;\u00eele. Chez Ol\u00e9 Mosaic, en tant que grossiste de souvenirs, nous proposons des produits qui c\u00e9l\u00e8brent la culture et la beaut\u00e9 de l&rsquo;Espagne, et ce bol est une option id\u00e9ale pour les boutiques de cadeaux touristiques \u00e0 la recherche d&rsquo;articles authentiques et significatifs.<\/p>\n","protected":false},"excerpt":{"rendered":"<p>Bol en noix de coco bleu, inspir\u00e9 par la beaut\u00e9 de Lanzarote. Ce bol \u00e9l\u00e9gant, \u00e9labor\u00e9 avec de la noix de coco et d\u00e9cor\u00e9 d&rsquo;un design dans des tons bleus, \u00e9voque le paysage marin de l&rsquo;\u00eele. Son int\u00e9rieur brillant pr\u00e9sente une carte de Lanzarote, soulignant son identit\u00e9 insulaire. Avec une finition artisanale qui met en valeur les d\u00e9tails, il est parfait aussi bien comme pi\u00e8ce d\u00e9corative que pour servir des ap\u00e9ritifs, apportant une touche distinctive \u00e0 n&rsquo;importe quelle table.<\/p>\n","protected":false},"featured_media":11996,"template":"","meta":{"_acf_changed":false},"product_brand":[],"product_cat":[521],"product_tag":[],"class_list":{"0":"post-28253","1":"product","2":"type-product","3":"status-publish","4":"has-post-thumbnail","6":"product_cat-bols","7":"pa_ciudad-lanzarote","8":"pa_motivo-iles","9":"pa_pais-espana","11":"first","12":"instock","13":"shipping-taxable","14":"product-type-simple"},"acf":[],"_links":{"self":[{"href":"https:\/\/olemosaic.orbitalia.org\/fr\/wp-json\/wp\/v2\/product\/28253","targetHints":{"allow":["GET"]}}],"collection":[{"href":"https:\/\/olemosaic.orbitalia.org\/fr\/wp-json\/wp\/v2\/product"}],"about":[{"href":"https:\/\/olemosaic.orbitalia.org\/fr\/wp-json\/wp\/v2\/types\/product"}],"wp:featuredmedia":[{"embeddable":true,"href":"https:\/\/olemosaic.orbitalia.org\/fr\/wp-json\/wp\/v2\/media\/11996"}],"wp:attachment":[{"href":"https:\/\/olemosaic.orbitalia.org\/fr\/wp-json\/wp\/v2\/media?parent=28253"}],"wp:term":[{"taxonomy":"product_brand","embeddable":true,"href":"https:\/\/olemosaic.orbitalia.org\/fr\/wp-json\/wp\/v2\/product_brand?post=28253"},{"taxonomy":"product_cat","embeddable":true,"href":"https:\/\/olemosaic.orbitalia.org\/fr\/wp-json\/wp\/v2\/product_cat?post=28253"},{"taxonomy":"product_tag","embeddable":true,"href":"https:\/\/olemosaic.orbitalia.org\/fr\/wp-json\/wp\/v2\/product_tag?post=28253"}],"curies":[{"name":"wp","href":"https:\/\/api.w.org\/{rel}","templated":true}]}}