{"id":28201,"date":"2025-02-20T23:29:52","date_gmt":"2025-02-20T22:29:52","guid":{"rendered":"https:\/\/olemosaic.orbitalia.org\/producto\/bol-de-coco-azul-sardina-lisboa-6\/"},"modified":"2025-07-25T18:37:45","modified_gmt":"2025-07-25T16:37:45","slug":"bol-noix-de-coco-bleu-sardine-lisbonne-6","status":"publish","type":"product","link":"https:\/\/olemosaic.orbitalia.org\/fr\/produit\/bol-noix-de-coco-bleu-sardine-lisbonne-6\/","title":{"rendered":"Bol en noix de coco bleu. Sardine. Lisbonne. Azulejos portugais."},"content":{"rendered":"<p>Ce bol en noix de coco bleu est une v\u00e9ritable \u0153uvre d&rsquo;art, inspir\u00e9e par la riche tradition de la p\u00eache de Lisbonne. Son design circulaire \u00e9voque la forme de l&rsquo;oc\u00e9an, avec un int\u00e9rieur qui joue sur des teintes de bleu, rappelant les eaux cristallines qui baignent la capitale portugaise. La surface de ce bol se distingue par un charmant motif de sardine peinte en rouge, symbole iconique de la gastronomie et de la culture lisbo\u00e8tes, qui conf\u00e8re un caract\u00e8re distinctif et attrayant \u00e0 la pi\u00e8ce. De plus, l&rsquo;\u00e9tiquette m\u00e9tallique avec le texte \u00ab\u00a0LISBOA\u00a0\u00bb rehausse son authenticit\u00e9, en faisant un souvenir parfait de cette ville vibrante.<\/p>\n<p>Ce bol n&rsquo;est pas seulement un objet d\u00e9coratif ; sa polyvalence le rend id\u00e9al pour sublimer n&rsquo;importe quelle table, que ce soit lors d&rsquo;un \u00e9v\u00e9nement, d&rsquo;un d\u00eener ou simplement comme \u00e9l\u00e9ment de d\u00e9coration int\u00e9rieure. Le lien culturel de ce souvenir avec Lisbonne se refl\u00e8te dans son design et les \u00e9l\u00e9ments qui l&rsquo;ornent, ce qui en fait un souvenir repr\u00e9sentatif du mode de vie local.<\/p>\n<p>Chez Ol\u00e9 Mosaic, nous offrons \u00e0 nos clients une vari\u00e9t\u00e9 de souvenirs qui capturent l&rsquo;essence culturelle de chaque r\u00e9gion. Ce bol en noix de coco bleu est une excellente option pour les boutiques de cadeaux touristiques \u00e0 la recherche d&rsquo;articles authentiques et porteurs de sens. En tant que grossistes en souvenirs, nous garantissons \u00e0 nos partenaires des produits qui mettent en valeur le meilleur de chaque lieu.<\/p>\n","protected":false},"excerpt":{"rendered":"<p>Bol en noix de coco bleu, inspir\u00e9 par la tradition de la p\u00eache de Lisbonne. Ce joli r\u00e9cipient se distingue par son design circulaire et son int\u00e9rieur color\u00e9, d\u00e9cor\u00e9 de tons bleus \u00e9voquant l&rsquo;oc\u00e9an. La surface pr\u00e9sente une sardine peinte en rouge, accompagn\u00e9e du texte \u00ab\u00a0LISBOA\u00a0\u00bb sur une \u00e9tiquette m\u00e9tallique, ce qui lui donne une touche distinctive. Id\u00e9al pour donner un air authentique \u00e0 n&rsquo;importe quelle table ou comme pi\u00e8ce d\u00e9corative.<\/p>\n","protected":false},"featured_media":12032,"template":"","meta":{"_acf_changed":false},"product_brand":[],"product_cat":[521],"product_tag":[530],"class_list":{"0":"post-28201","1":"product","2":"type-product","3":"status-publish","4":"has-post-thumbnail","6":"product_cat-bols","7":"product_tag-animaux","8":"pa_ciudad-lisboa","9":"pa_motivo-sardines","10":"pa_pais-portugal","12":"first","13":"instock","14":"shipping-taxable","15":"product-type-simple"},"acf":[],"_links":{"self":[{"href":"https:\/\/olemosaic.orbitalia.org\/fr\/wp-json\/wp\/v2\/product\/28201","targetHints":{"allow":["GET"]}}],"collection":[{"href":"https:\/\/olemosaic.orbitalia.org\/fr\/wp-json\/wp\/v2\/product"}],"about":[{"href":"https:\/\/olemosaic.orbitalia.org\/fr\/wp-json\/wp\/v2\/types\/product"}],"wp:featuredmedia":[{"embeddable":true,"href":"https:\/\/olemosaic.orbitalia.org\/fr\/wp-json\/wp\/v2\/media\/12032"}],"wp:attachment":[{"href":"https:\/\/olemosaic.orbitalia.org\/fr\/wp-json\/wp\/v2\/media?parent=28201"}],"wp:term":[{"taxonomy":"product_brand","embeddable":true,"href":"https:\/\/olemosaic.orbitalia.org\/fr\/wp-json\/wp\/v2\/product_brand?post=28201"},{"taxonomy":"product_cat","embeddable":true,"href":"https:\/\/olemosaic.orbitalia.org\/fr\/wp-json\/wp\/v2\/product_cat?post=28201"},{"taxonomy":"product_tag","embeddable":true,"href":"https:\/\/olemosaic.orbitalia.org\/fr\/wp-json\/wp\/v2\/product_tag?post=28201"}],"curies":[{"name":"wp","href":"https:\/\/api.w.org\/{rel}","templated":true}]}}