{"id":28196,"date":"2025-02-20T22:29:51","date_gmt":"2025-02-20T22:29:51","guid":{"rendered":"https:\/\/olemosaic.orbitalia.org\/producto\/bol-de-coco-azul-isla-tenerife\/"},"modified":"2025-07-25T19:46:19","modified_gmt":"2025-07-25T17:46:19","slug":"bol-noix-de-coco-bleu-ile-tenerife","status":"publish","type":"product","link":"https:\/\/olemosaic.orbitalia.org\/fr\/produit\/bol-noix-de-coco-bleu-ile-tenerife\/","title":{"rendered":"Bol en noix de coco bleu. \u00cele. Tenerife."},"content":{"rendered":"<p>Ce bol bleu en noix de coco est un souvenir charmant qui \u00e9voque l&rsquo;essence vibrante de l&rsquo;\u00eele de Tenerife. Fabriqu\u00e9 en c\u00e9ramique de haute qualit\u00e9, sa surface brillante et color\u00e9e est orn\u00e9e d&rsquo;un ton bleu profond qui rappelle les eaux cristallines entourant l&rsquo;\u00eele. Au centre se d\u00e9tache la silhouette blanche de Tenerife avec le texte \u00ab\u00a0TENERIFE\u00a0\u00bb \u00e9l\u00e9gamment dessin\u00e9, soulignant le lien profond avec cette destination touristique embl\u00e9matique.<\/p>\n<p>Le design du bol imite une mosa\u00efque caract\u00e9ristique, avec des d\u00e9tails blancs formant un contour autour de l&rsquo;\u00eele, s&rsquo;inspirant de la riche tradition artisanale canarienne. Ce bol n&rsquo;est pas seulement id\u00e9al comme pi\u00e8ce d\u00e9corative, mais peut \u00e9galement \u00eatre utilis\u00e9 pour servir des aliments, offrant une touche distinctive \u00e0 n&rsquo;importe quelle table. Son charme en fait une excellente option pour ceux qui cherchent \u00e0 emporter un souvenir authentique de la culture canarienne.<\/p>\n<p>Chez Ol\u00e9 Mosaic, nous nous sp\u00e9cialisons dans la distribution de souvenirs en gros, et ce bol en c\u00e9ramique de Tenerife repr\u00e9sente le type d&rsquo;art qui r\u00e9sonne aupr\u00e8s des touristes visitant les \u00eeles Canaries. Ce produit, faisant partie de notre collection de souvenirs, se distingue par sa qualit\u00e9 et sa pertinence culturelle, devenant un incontournable pour les boutiques de cadeaux touristiques cherchant \u00e0 offrir des produits uniques et significatifs.<\/p>\n","protected":false},"excerpt":{"rendered":"<p>Bol en noix de coco bleu, inspir\u00e9 de l&rsquo;\u00eele de Tenerife. Ce charmant bol, fabriqu\u00e9 en c\u00e9ramique, pr\u00e9sente une couleur bleue vibrante avec des d\u00e9tails blancs illustrant la silhouette de l&rsquo;\u00eele et le mot \u00ab\u00a0TENERIFE\u00a0\u00bb. D\u00e9cor\u00e9 d&rsquo;un design caract\u00e9ristique imitant une mosa\u00efque, le bol \u00e9voque la beaut\u00e9 des paysages canariens. Id\u00e9al comme pi\u00e8ce d\u00e9corative ou pour servir des aliments, il ajoute une touche distinctive \u00e0 n&rsquo;importe quel foyer.<\/p>\n","protected":false},"featured_media":11787,"template":"","meta":{"_acf_changed":false},"product_brand":[],"product_cat":[521],"product_tag":[],"class_list":{"0":"post-28196","1":"product","2":"type-product","3":"status-publish","4":"has-post-thumbnail","6":"product_cat-bols","7":"pa_ciudad-tenerife","8":"pa_motivo-iles","9":"pa_pais-espana","11":"first","12":"instock","13":"shipping-taxable","14":"product-type-simple"},"acf":[],"_links":{"self":[{"href":"https:\/\/olemosaic.orbitalia.org\/fr\/wp-json\/wp\/v2\/product\/28196","targetHints":{"allow":["GET"]}}],"collection":[{"href":"https:\/\/olemosaic.orbitalia.org\/fr\/wp-json\/wp\/v2\/product"}],"about":[{"href":"https:\/\/olemosaic.orbitalia.org\/fr\/wp-json\/wp\/v2\/types\/product"}],"wp:featuredmedia":[{"embeddable":true,"href":"https:\/\/olemosaic.orbitalia.org\/fr\/wp-json\/wp\/v2\/media\/11787"}],"wp:attachment":[{"href":"https:\/\/olemosaic.orbitalia.org\/fr\/wp-json\/wp\/v2\/media?parent=28196"}],"wp:term":[{"taxonomy":"product_brand","embeddable":true,"href":"https:\/\/olemosaic.orbitalia.org\/fr\/wp-json\/wp\/v2\/product_brand?post=28196"},{"taxonomy":"product_cat","embeddable":true,"href":"https:\/\/olemosaic.orbitalia.org\/fr\/wp-json\/wp\/v2\/product_cat?post=28196"},{"taxonomy":"product_tag","embeddable":true,"href":"https:\/\/olemosaic.orbitalia.org\/fr\/wp-json\/wp\/v2\/product_tag?post=28196"}],"curies":[{"name":"wp","href":"https:\/\/api.w.org\/{rel}","templated":true}]}}