{"id":28192,"date":"2025-02-20T23:29:51","date_gmt":"2025-02-20T22:29:51","guid":{"rendered":"https:\/\/olemosaic.orbitalia.org\/producto\/bol-de-coco-azul-tenerife\/"},"modified":"2025-07-25T20:28:45","modified_gmt":"2025-07-25T18:28:45","slug":"bol-noix-de-coco-bleu-tenerife","status":"publish","type":"product","link":"https:\/\/olemosaic.orbitalia.org\/fr\/produit\/bol-noix-de-coco-bleu-tenerife\/","title":{"rendered":"Bol en noix de coco bleu. Tenerife."},"content":{"rendered":"<p>Ce bol en noix de coco bleu est un souvenir exquis inspir\u00e9 par la beaut\u00e9 naturelle de Tenerife. Fabriqu\u00e9 artisanalement, ce bol \u00e9l\u00e9gant capture l&rsquo;essence de la mer et du ciel de l&rsquo;\u00eele avec son design vibrant aux tons bleus et dor\u00e9s. Sa surface iridescente, d\u00e9cor\u00e9e de fins d\u00e9tails \u00e9voquant les textures marines, transforme cette pi\u00e8ce en un objet d\u00e9coratif et fonctionnel, id\u00e9al pour sublimer n&rsquo;importe quel int\u00e9rieur.<\/p>\n<p>Au centre du bol resplendit l&rsquo;inscription \u00ab\u00a0Tenerife\u00a0\u00bb, r\u00e9alis\u00e9e en nacre, une touche distinctive qui ajoute un air d&rsquo;authenticit\u00e9 et de singularit\u00e9 au produit. La technique employ\u00e9e, jouant sur les nuances de bleu et de dor\u00e9, refl\u00e8te non seulement la richesse chromatique de l&rsquo;\u00eele, mais poss\u00e8de \u00e9galement une connexion culturelle significative, rappelant l&rsquo;importance de l&rsquo;environnement marin dans la vie et les traditions de Tenerife.<\/p>\n<p>Ce bol en noix de coco bleu est un excellent cadeau pour les touristes \u00e0 la recherche de souvenirs authentiques de Tenerife, car il repr\u00e9sente une partie de son patrimoine culturel. Chez Ol\u00e9 Mosaic, nous nous sp\u00e9cialisons dans la distribution de souvenirs en gros, offrant des produits qui capturent l&rsquo;essence de l&rsquo;identit\u00e9 r\u00e9gionale. Ce bol n&rsquo;est pas seulement un article d\u00e9coratif, mais un souvenir inestimable pour ceux qui souhaitent emporter un morceau de l&rsquo;\u00eele magique. En tant que grossistes de produits typiques, nous garantissons l&rsquo;authenticit\u00e9 et la qualit\u00e9 de chaque pi\u00e8ce.<\/p>\n","protected":false},"excerpt":{"rendered":"<p>Bol en noix de coco bleu, inspir\u00e9 par la beaut\u00e9 de Tenerife. Ce bol \u00e9l\u00e9gant est fabriqu\u00e9 en noix de coco et d\u00e9cor\u00e9 d&rsquo;un design vibrant aux tons bleus et dor\u00e9s, \u00e9voquant la mer et le ciel de l&rsquo;\u00eele. Au centre, une touche distinctive avec l&rsquo;inscription \u00ab\u00a0Tenerife\u00a0\u00bb se d\u00e9tache en nacre. La technique artisanale utilis\u00e9e sublime les textures marines et la richesse chromatique, en faisant une pi\u00e8ce d\u00e9corative et fonctionnelle id\u00e9ale pour tout int\u00e9rieur.<\/p>\n","protected":false},"featured_media":10104,"template":"","meta":{"_acf_changed":false},"product_brand":[],"product_cat":[521],"product_tag":[],"class_list":{"0":"post-28192","1":"product","2":"type-product","3":"status-publish","4":"has-post-thumbnail","6":"product_cat-bols","7":"pa_ciudad-tenerife","8":"pa_pais-espana","10":"first","11":"instock","12":"shipping-taxable","13":"product-type-simple"},"acf":[],"_links":{"self":[{"href":"https:\/\/olemosaic.orbitalia.org\/fr\/wp-json\/wp\/v2\/product\/28192","targetHints":{"allow":["GET"]}}],"collection":[{"href":"https:\/\/olemosaic.orbitalia.org\/fr\/wp-json\/wp\/v2\/product"}],"about":[{"href":"https:\/\/olemosaic.orbitalia.org\/fr\/wp-json\/wp\/v2\/types\/product"}],"wp:featuredmedia":[{"embeddable":true,"href":"https:\/\/olemosaic.orbitalia.org\/fr\/wp-json\/wp\/v2\/media\/10104"}],"wp:attachment":[{"href":"https:\/\/olemosaic.orbitalia.org\/fr\/wp-json\/wp\/v2\/media?parent=28192"}],"wp:term":[{"taxonomy":"product_brand","embeddable":true,"href":"https:\/\/olemosaic.orbitalia.org\/fr\/wp-json\/wp\/v2\/product_brand?post=28192"},{"taxonomy":"product_cat","embeddable":true,"href":"https:\/\/olemosaic.orbitalia.org\/fr\/wp-json\/wp\/v2\/product_cat?post=28192"},{"taxonomy":"product_tag","embeddable":true,"href":"https:\/\/olemosaic.orbitalia.org\/fr\/wp-json\/wp\/v2\/product_tag?post=28192"}],"curies":[{"name":"wp","href":"https:\/\/api.w.org\/{rel}","templated":true}]}}