{"id":28175,"date":"2025-02-20T23:29:51","date_gmt":"2025-02-20T22:29:51","guid":{"rendered":"https:\/\/olemosaic.orbitalia.org\/producto\/bol-de-coco-azul-tortuga-gran-canaria-3\/"},"modified":"2025-07-25T18:53:57","modified_gmt":"2025-07-25T16:53:57","slug":"bol-noix-de-coco-bleu-tortue-grande-canarie-3","status":"publish","type":"product","link":"https:\/\/olemosaic.orbitalia.org\/fr\/produit\/bol-noix-de-coco-bleu-tortue-grande-canarie-3\/","title":{"rendered":"Bol en noix de coco bleu. Tortue. Grande Canarie. Fond marin."},"content":{"rendered":"<p>Ce bol en noix de coco bleu est un charmant souvenir de Grande Canarie, capturant l&rsquo;essence de la vie marine des \u00eeles Canaries. Fabriqu\u00e9 artisanalement \u00e0 partir de coques de noix de coco, ce bol est un exemple remarquable de la tradition artisanale locale. \u00c0 premi\u00e8re vue, il pr\u00e9sente un fond blanc vibrant, d\u00e9cor\u00e9 d&rsquo;\u00e9claboussures de couleur en forme de c\u0153urs dans les tons bleu, vert et rose, \u00e9voquant la joie et la diversit\u00e9 du paysage canarien. Au centre du bol, se d\u00e9tache une tortue avec un effet peint \u00e0 la main, symbole embl\u00e9matique de la riche faune marine de Grande Canarie, repr\u00e9sentant le lien profond entre la culture locale et son environnement naturel. L&rsquo;inscription \u00ab\u00a0Gran Canaria\u00a0\u00bb dans le design ajoute une touche personnelle, transformant ce bol ne seulement en une pi\u00e8ce d\u00e9corative, mais aussi en un rappel de votre visite sur cette \u00eele magnifique. Id\u00e9al tant pour un usage quotidien que pour embellir n&rsquo;importe quel espace, ce bol est une excellente option pour les touristes \u00e0 la recherche de souvenirs uniques et authentiques. Chez Ol\u00e9 Mosaic, en tant que grossistes de souvenirs, nous proposons des produits qui refl\u00e8tent l&rsquo;authenticit\u00e9 et la richesse culturelle de chaque r\u00e9gion, garantissant qualit\u00e9 et exclusivit\u00e9 \u00e0 nos clients.<\/p>\n","protected":false},"excerpt":{"rendered":"<p>Bol en noix de coco bleu d\u00e9cor\u00e9 d&rsquo;une tortue, repr\u00e9sentant le paysage marin de Grande Canarie. Cet article artisanal, fabriqu\u00e9 \u00e0 partir de coques de noix de coco, pr\u00e9sente un design artisanal peint \u00e0 la main, avec un fond blanc parsem\u00e9 de c\u0153urs aux couleurs vibrantes comme le bleu, le vert et le rose. Au centre, une tortue se d\u00e9tache, symbole de la vie marine canarienne, ainsi que l&rsquo;inscription \u00ab\u00a0Gran Canaria\u00a0\u00bb. Id\u00e9al comme pi\u00e8ce d\u00e9corative ou pour un usage quotidien.<\/p>\n","protected":false},"featured_media":10371,"template":"","meta":{"_acf_changed":false},"product_brand":[],"product_cat":[521],"product_tag":[530],"class_list":{"0":"post-28175","1":"product","2":"type-product","3":"status-publish","4":"has-post-thumbnail","6":"product_cat-bols","7":"product_tag-animaux","8":"pa_ciudad-gran-canaria","9":"pa_motivo-tortues","10":"pa_pais-espana","12":"first","13":"instock","14":"shipping-taxable","15":"product-type-simple"},"acf":[],"_links":{"self":[{"href":"https:\/\/olemosaic.orbitalia.org\/fr\/wp-json\/wp\/v2\/product\/28175","targetHints":{"allow":["GET"]}}],"collection":[{"href":"https:\/\/olemosaic.orbitalia.org\/fr\/wp-json\/wp\/v2\/product"}],"about":[{"href":"https:\/\/olemosaic.orbitalia.org\/fr\/wp-json\/wp\/v2\/types\/product"}],"wp:featuredmedia":[{"embeddable":true,"href":"https:\/\/olemosaic.orbitalia.org\/fr\/wp-json\/wp\/v2\/media\/10371"}],"wp:attachment":[{"href":"https:\/\/olemosaic.orbitalia.org\/fr\/wp-json\/wp\/v2\/media?parent=28175"}],"wp:term":[{"taxonomy":"product_brand","embeddable":true,"href":"https:\/\/olemosaic.orbitalia.org\/fr\/wp-json\/wp\/v2\/product_brand?post=28175"},{"taxonomy":"product_cat","embeddable":true,"href":"https:\/\/olemosaic.orbitalia.org\/fr\/wp-json\/wp\/v2\/product_cat?post=28175"},{"taxonomy":"product_tag","embeddable":true,"href":"https:\/\/olemosaic.orbitalia.org\/fr\/wp-json\/wp\/v2\/product_tag?post=28175"}],"curies":[{"name":"wp","href":"https:\/\/api.w.org\/{rel}","templated":true}]}}