{"id":28153,"date":"2025-02-20T23:29:49","date_gmt":"2025-02-20T22:29:49","guid":{"rendered":"https:\/\/olemosaic.orbitalia.org\/producto\/bol-de-coco-azul-isla-gran-canaria-2\/"},"modified":"2025-07-25T18:56:44","modified_gmt":"2025-07-25T16:56:44","slug":"bol-noix-de-coco-bleu-ile-grande-canarie-2","status":"publish","type":"product","link":"https:\/\/olemosaic.orbitalia.org\/fr\/produit\/bol-noix-de-coco-bleu-ile-grande-canarie-2\/","title":{"rendered":"Bol en noix de coco bleu. \u00cele. Grande Canarie. Fond marin."},"content":{"rendered":"<p>Ce bol en noix de coco bleu est un v\u00e9ritable hommage \u00e0 la beaut\u00e9 de la Grande Canarie, capturant l&rsquo;essence vibrante de l&rsquo;\u00eele avec un design contemporain et color\u00e9. \u00c9labor\u00e9 m\u00e9ticuleusement \u00e0 partir de coque de noix de coco, ce bol exclusif est peint \u00e0 la main dans un ton bleu brillant qui \u00e9voque le ciel canarien et la mer qui entoure l&rsquo;\u00eele. D\u00e9cor\u00e9 d&rsquo;un fond noir contrastant avec \u00e9l\u00e9gance, le bol pr\u00e9sente le texte \u00ab Gran Canaria \u00bb au centre, entour\u00e9 de c\u0153urs avec une finition brillante, cr\u00e9ant un effet visuel attrayant qui captive le regard.<\/p>\n<p>En plus de sa beaut\u00e9 esth\u00e9tique, le bol en noix de coco est une pi\u00e8ce polyvalente, id\u00e9ale pour servir des ap\u00e9ritifs ou comme \u00e9l\u00e9ment d\u00e9coratif dans la maison. Son design c\u00e9l\u00e8bre le folklore canarien et repr\u00e9sente un style de vie d\u00e9contract\u00e9, typique des \u00eeles. Ce souvenir n&rsquo;est pas seulement un souvenir charmant de la Grande Canarie, mais il refl\u00e8te \u00e9galement l&rsquo;authenticit\u00e9 de l&rsquo;artisanat local, ce qui en fait le cadeau parfait pour les touristes souhaitant emporter une partie de la culture canarienne.<\/p>\n<p>Chez Ol\u00e9 Mosaic, en tant que distributeurs de souvenirs en gros, nous proposons des produits authentiques qui mettent en valeur la richesse culturelle des r\u00e9gions que nous repr\u00e9sentons. Ce bol en noix de coco bleu est une option id\u00e9ale pour les boutiques de cadeaux touristiques qui souhaitent offrir \u00e0 leurs clients un cadeau authentique et de qualit\u00e9, encapsulant l&rsquo;essence de nos destinations.<\/p>\n","protected":false},"excerpt":{"rendered":"<p>Bol en noix de coco bleu, un hommage \u00e0 la beaut\u00e9 de la Grande Canarie. Ce bol exclusif, fait de coque de noix de coco, poss\u00e8de un design artisanal, peint \u00e0 la main, avec des tons vibrants de bleu et de noir, cr\u00e9ant un effet visuel attrayant. Au centre, l&rsquo;inscription \u00ab\u00a0Gran Canaria\u00a0\u00bb se d\u00e9tache, entour\u00e9e de c\u0153urs avec une finition brillante. Id\u00e9al pour servir des ap\u00e9ritifs ou comme pi\u00e8ce d\u00e9corative, il combine l&rsquo;authenticit\u00e9 du folklore canarien avec un design contemporain et color\u00e9.<\/p>\n","protected":false},"featured_media":10199,"template":"","meta":{"_acf_changed":false},"product_brand":[],"product_cat":[521],"product_tag":[],"class_list":{"0":"post-28153","1":"product","2":"type-product","3":"status-publish","4":"has-post-thumbnail","6":"product_cat-bols","7":"pa_ciudad-gran-canaria","8":"pa_motivo-iles","9":"pa_pais-espana","11":"first","12":"instock","13":"shipping-taxable","14":"product-type-simple"},"acf":[],"_links":{"self":[{"href":"https:\/\/olemosaic.orbitalia.org\/fr\/wp-json\/wp\/v2\/product\/28153","targetHints":{"allow":["GET"]}}],"collection":[{"href":"https:\/\/olemosaic.orbitalia.org\/fr\/wp-json\/wp\/v2\/product"}],"about":[{"href":"https:\/\/olemosaic.orbitalia.org\/fr\/wp-json\/wp\/v2\/types\/product"}],"wp:featuredmedia":[{"embeddable":true,"href":"https:\/\/olemosaic.orbitalia.org\/fr\/wp-json\/wp\/v2\/media\/10199"}],"wp:attachment":[{"href":"https:\/\/olemosaic.orbitalia.org\/fr\/wp-json\/wp\/v2\/media?parent=28153"}],"wp:term":[{"taxonomy":"product_brand","embeddable":true,"href":"https:\/\/olemosaic.orbitalia.org\/fr\/wp-json\/wp\/v2\/product_brand?post=28153"},{"taxonomy":"product_cat","embeddable":true,"href":"https:\/\/olemosaic.orbitalia.org\/fr\/wp-json\/wp\/v2\/product_cat?post=28153"},{"taxonomy":"product_tag","embeddable":true,"href":"https:\/\/olemosaic.orbitalia.org\/fr\/wp-json\/wp\/v2\/product_tag?post=28153"}],"curies":[{"name":"wp","href":"https:\/\/api.w.org\/{rel}","templated":true}]}}