{"id":28139,"date":"2025-02-20T23:29:49","date_gmt":"2025-02-20T22:29:49","guid":{"rendered":"https:\/\/olemosaic.orbitalia.org\/producto\/bol-de-coco-azul-sardina-lisboa-4\/"},"modified":"2025-07-25T18:48:21","modified_gmt":"2025-07-25T16:48:21","slug":"bol-noix-de-coco-bleu-sardine-lisbonne-fr","status":"publish","type":"product","link":"https:\/\/olemosaic.orbitalia.org\/fr\/produit\/bol-noix-de-coco-bleu-sardine-lisbonne-fr\/","title":{"rendered":"Bol en noix de coco bleu. Sardine. Lisbonne. Portugal. Fond marin."},"content":{"rendered":"<p>Ce bol en noix de coco bleu d\u00e9cor\u00e9 est un charmant souvenir qui repr\u00e9sente la gastronomie vibrante de Lisbonne. Avec un fond bleu intense \u00e9voquant la mer M\u00e9diterran\u00e9e, il pr\u00e9sente un design incluant une sympathique sardine, symbole de la riche tradition de p\u00eache de la ville. Le mot \u00ab\u00a0LISBOA\u00a0\u00bb se distingue au centre du bol, entour\u00e9 d&rsquo;une bordure complexe combinant des textures qui rappellent les vagues de l&rsquo;oc\u00e9an. Chaque bol est peint \u00e0 la main, ce qui garantit une touche personnelle et exclusive, rendant chaque pi\u00e8ce unique.<\/p>\n<p>Ce bol est id\u00e9al pour servir de d\u00e9licieux ap\u00e9ritifs portugais, comme des tapas de poisson, ou simplement comme un \u00e9l\u00e9ment d\u00e9coratif attrayant dans n&rsquo;importe quelle maison. Son design authentique et color\u00e9 capture non seulement l&rsquo;essence de Lisbonne, mais invite \u00e9galement les touristes \u00e0 emporter un morceau de la culture locale. Chez Ol\u00e9 Mosaic, nous nous sp\u00e9cialisons dans la distribution de souvenirs en gros, et ce bol en noix de coco bleu est une excellente option pour les boutiques de cadeaux touristiques \u00e0 la recherche de produits repr\u00e9sentant la singularit\u00e9 et la richesse culturelle de leurs destinations. Offrez \u00e0 vos clients un souvenir de Lisbonne qui allie art, tradition et fonctionnalit\u00e9 \u00e0 chaque utilisation.<\/p>\n","protected":false},"excerpt":{"rendered":"<p>Bol en noix de coco bleu d\u00e9cor\u00e9 d&rsquo;un sympathique motif de sardine, repr\u00e9sentant l&rsquo;essence gastronomique de Lisbonne. Ce bol attrayant pr\u00e9sente un fond bleu vibrant avec une bordure complexe de textures \u00e9voquant la mer. Au centre, le mot \u00ab\u00a0LISBOA\u00a0\u00bb se d\u00e9tache \u00e0 c\u00f4t\u00e9 de la sardine, le tout dans un design artisanal peint \u00e0 la main, ajoutant une touche personnelle et unique au produit. Id\u00e9al pour servir des ap\u00e9ritifs ou comme \u00e9l\u00e9ment d\u00e9coratif.<\/p>\n","protected":false},"featured_media":11795,"template":"","meta":{"_acf_changed":false},"product_brand":[],"product_cat":[521],"product_tag":[530],"class_list":{"0":"post-28139","1":"product","2":"type-product","3":"status-publish","4":"has-post-thumbnail","6":"product_cat-bols","7":"product_tag-animaux","8":"pa_ciudad-lisboa","9":"pa_motivo-sardines","10":"pa_pais-portugal","12":"first","13":"instock","14":"shipping-taxable","15":"product-type-simple"},"acf":[],"_links":{"self":[{"href":"https:\/\/olemosaic.orbitalia.org\/fr\/wp-json\/wp\/v2\/product\/28139","targetHints":{"allow":["GET"]}}],"collection":[{"href":"https:\/\/olemosaic.orbitalia.org\/fr\/wp-json\/wp\/v2\/product"}],"about":[{"href":"https:\/\/olemosaic.orbitalia.org\/fr\/wp-json\/wp\/v2\/types\/product"}],"wp:featuredmedia":[{"embeddable":true,"href":"https:\/\/olemosaic.orbitalia.org\/fr\/wp-json\/wp\/v2\/media\/11795"}],"wp:attachment":[{"href":"https:\/\/olemosaic.orbitalia.org\/fr\/wp-json\/wp\/v2\/media?parent=28139"}],"wp:term":[{"taxonomy":"product_brand","embeddable":true,"href":"https:\/\/olemosaic.orbitalia.org\/fr\/wp-json\/wp\/v2\/product_brand?post=28139"},{"taxonomy":"product_cat","embeddable":true,"href":"https:\/\/olemosaic.orbitalia.org\/fr\/wp-json\/wp\/v2\/product_cat?post=28139"},{"taxonomy":"product_tag","embeddable":true,"href":"https:\/\/olemosaic.orbitalia.org\/fr\/wp-json\/wp\/v2\/product_tag?post=28139"}],"curies":[{"name":"wp","href":"https:\/\/api.w.org\/{rel}","templated":true}]}}