{"id":28138,"date":"2025-02-20T23:29:49","date_gmt":"2025-02-20T22:29:49","guid":{"rendered":"https:\/\/olemosaic.orbitalia.org\/producto\/bol-de-coco-azul-delfin-gran-canaria-2\/"},"modified":"2025-07-25T18:38:44","modified_gmt":"2025-07-25T16:38:44","slug":"bol-noix-de-coco-bleu-dauphin-grande-canarie-fr","status":"publish","type":"product","link":"https:\/\/olemosaic.orbitalia.org\/fr\/produit\/bol-noix-de-coco-bleu-dauphin-grande-canarie-fr\/","title":{"rendered":"Bol en noix de coco bleu. Dauphin. Mosa\u00efque. Grande Canarie."},"content":{"rendered":"<p>Ce bol en noix de coco bleu d\u00e9cor\u00e9 est un charmant souvenir de la Grande Canarie qui capture l&rsquo;essence de l&rsquo;oc\u00e9an et de la culture canarienne. \u00c9labor\u00e9 avec une technique artisanale m\u00e9ticuleuse, chaque bol pr\u00e9sente une brillante combinaison de couleurs dans les tons bleus, verts et roses, cr\u00e9ant une belle mosa\u00efque qui \u00e9voque la fra\u00eecheur des eaux de l&rsquo;Atlantique. \u00c0 l&rsquo;int\u00e9rieur, on peut appr\u00e9cier une magnifique repr\u00e9sentation de deux dauphins nageant en harmonie, symbole de la connexion avec la mer qui caract\u00e9rise la vie aux \u00eeles Canaries. Au centre, une d\u00e9licate plaque de nacre porte l&rsquo;inscription \u00ab\u00a0Gran Canaria\u00a0\u00bb, ajoutant une touche de sophistication et d&rsquo;authenticit\u00e9 \u00e0 cette pi\u00e8ce.<\/p>\n<p>Ce bol est non seulement id\u00e9al pour un usage quotidien, comme servir des ap\u00e9ritifs ou comme \u00e9l\u00e9ment d\u00e9coratif dans n&rsquo;importe quelle maison, mais il est aussi un rappel visuel de la beaut\u00e9 naturelle et de la culture vibrante des \u00eeles. Chaque bol en noix de coco bleu est un v\u00e9ritable symbole de la tradition artisanale canarienne, parfait pour les touristes \u00e0 la recherche de souvenirs qui encapsulent leur exp\u00e9rience sur l&rsquo;\u00eele. Chez Ol\u00e9 Mosaic, nous sommes distributeurs de souvenirs de la Grande Canarie et proposons une vari\u00e9t\u00e9 de produits authentiques qui refl\u00e8tent le riche h\u00e9ritage culturel de la r\u00e9gion. Ce bol est une excellente option pour les boutiques de cadeaux touristiques souhaitant offrir des articles uniques et repr\u00e9sentatifs de leur voyage.<\/p>\n","protected":false},"excerpt":{"rendered":"<p>Bol en noix de coco bleu d\u00e9cor\u00e9 de motifs marins, repr\u00e9sentant deux dauphins sur un fond blanc brillant. Ce charmant souvenir de la Grande Canarie, fabriqu\u00e9 de mani\u00e8re artisanale, pr\u00e9sente une magnifique mosa\u00efque de couleurs dans les tons bleus, verts et roses, ainsi qu&rsquo;une plaque de nacre avec le texte \u00ab\u00a0Gran Canaria\u00a0\u00bb. Parfait comme \u00e9l\u00e9ment d\u00e9coratif ou pour un usage quotidien, il \u00e9voque la beaut\u00e9 de l&rsquo;oc\u00e9an et la culture canarienne.<\/p>\n","protected":false},"featured_media":10359,"template":"","meta":{"_acf_changed":false},"product_brand":[],"product_cat":[521],"product_tag":[530],"class_list":{"0":"post-28138","1":"product","2":"type-product","3":"status-publish","4":"has-post-thumbnail","6":"product_cat-bols","7":"product_tag-animaux","8":"pa_ciudad-gran-canaria","9":"pa_motivo-dauphins","10":"pa_pais-espana","12":"first","13":"instock","14":"shipping-taxable","15":"product-type-simple"},"acf":[],"_links":{"self":[{"href":"https:\/\/olemosaic.orbitalia.org\/fr\/wp-json\/wp\/v2\/product\/28138","targetHints":{"allow":["GET"]}}],"collection":[{"href":"https:\/\/olemosaic.orbitalia.org\/fr\/wp-json\/wp\/v2\/product"}],"about":[{"href":"https:\/\/olemosaic.orbitalia.org\/fr\/wp-json\/wp\/v2\/types\/product"}],"wp:featuredmedia":[{"embeddable":true,"href":"https:\/\/olemosaic.orbitalia.org\/fr\/wp-json\/wp\/v2\/media\/10359"}],"wp:attachment":[{"href":"https:\/\/olemosaic.orbitalia.org\/fr\/wp-json\/wp\/v2\/media?parent=28138"}],"wp:term":[{"taxonomy":"product_brand","embeddable":true,"href":"https:\/\/olemosaic.orbitalia.org\/fr\/wp-json\/wp\/v2\/product_brand?post=28138"},{"taxonomy":"product_cat","embeddable":true,"href":"https:\/\/olemosaic.orbitalia.org\/fr\/wp-json\/wp\/v2\/product_cat?post=28138"},{"taxonomy":"product_tag","embeddable":true,"href":"https:\/\/olemosaic.orbitalia.org\/fr\/wp-json\/wp\/v2\/product_tag?post=28138"}],"curies":[{"name":"wp","href":"https:\/\/api.w.org\/{rel}","templated":true}]}}