{"id":28131,"date":"2025-02-20T23:29:48","date_gmt":"2025-02-20T22:29:48","guid":{"rendered":"https:\/\/olemosaic.orbitalia.org\/producto\/bol-de-coco-azul-sardina-lisboa-3\/"},"modified":"2025-07-25T18:42:27","modified_gmt":"2025-07-25T16:42:27","slug":"bol-noix-de-coco-bleu-sardine-lisbonne-3","status":"publish","type":"product","link":"https:\/\/olemosaic.orbitalia.org\/fr\/produit\/bol-noix-de-coco-bleu-sardine-lisbonne-3\/","title":{"rendered":"Bol en noix de coco bleu. Sardine. Lisbonne. Motif c\u0153urs."},"content":{"rendered":"<p>Ce bol en noix de coco bleu, d\u00e9cor\u00e9 d&rsquo;une sardine, est un charmant souvenir qui encapsule la riche tradition culinaire de Lisbonne. \u00c9labor\u00e9 avec des mat\u00e9riaux naturels, ce bol unique se distingue par son design int\u00e9rieur vibrant, une combinaison de teintes bleues et vertes qui \u00e9voquent la beaut\u00e9 de l&rsquo;oc\u00e9an, encadr\u00e9 par des c\u0153urs color\u00e9s qui lui donnent une touche de joie et d&rsquo;authenticit\u00e9. Au centre, la figure d\u00e9licate d&rsquo;une sardine resplendit, symbolisant l&rsquo;abondance de la mer qui a soutenu la culture portugaise au fil des si\u00e8cles.<\/p>\n<p>Chaque bol est m\u00e9ticuleusement peint \u00e0 la main, ce qui garantit que chaque pi\u00e8ce est v\u00e9ritablement singuli\u00e8re et refl\u00e8te l&rsquo;artisanat traditionnel portugais. La surface brillante du bol lui conf\u00e8re non seulement une finition \u00e9l\u00e9gante, mais en fait \u00e9galement un \u00e9l\u00e9ment d\u00e9coratif attrayant, parfait tant pour servir que pour exposer. Avec son design charmant et sa connexion avec la gastronomie locale, ce bol est un hommage au riche h\u00e9ritage culinaire de Lisbonne et \u00e0 son r\u00f4le de premier plan dans la gastronomie m\u00e9diterran\u00e9enne.<\/p>\n<p>Chez Ol\u00e9 Mosaic, nous nous sp\u00e9cialisons dans la distribution de souvenirs en gros qui capturent l&rsquo;essence de la culture portugaise. Ce bol en noix de coco n&rsquo;est pas seulement un excellent choix pour les touristes \u00e0 la recherche de souvenirs authentiques, mais c&rsquo;est aussi un produit id\u00e9al pour les boutiques de souvenirs touristiques souhaitant proposer des articles qui mettent en valeur la beaut\u00e9 et la tradition de Lisbonne. En tant que grossistes de souvenirs, nous garantissons la qualit\u00e9 et l&rsquo;authenticit\u00e9 de chacun de nos produits, assurant ainsi la satisfaction de vos clients.<\/p>\n","protected":false},"excerpt":{"rendered":"<p>Bol en noix de coco bleu d\u00e9cor\u00e9 d&rsquo;une sardine, inspir\u00e9 par la tradition culinaire de Lisbonne. Ce magnifique bol pr\u00e9sente un design int\u00e9rieur aux couleurs vibrantes, avec des tons bleus, verts et des d\u00e9tails en forme de c\u0153urs entourant la figure de la sardine, repr\u00e9sentant la richesse de la mer. Fabriqu\u00e9 \u00e0 la main en noix de coco avec un design artisanal peint \u00e0 la main, chaque pi\u00e8ce est unique, id\u00e9ale aussi bien pour servir que pour d\u00e9corer. Sa surface brillante et sa touche artistique en font un souvenir attrayant de la culture portugaise.<\/p>\n","protected":false},"featured_media":10287,"template":"","meta":{"_acf_changed":false},"product_brand":[],"product_cat":[521],"product_tag":[530],"class_list":{"0":"post-28131","1":"product","2":"type-product","3":"status-publish","4":"has-post-thumbnail","6":"product_cat-bols","7":"product_tag-animaux","8":"pa_ciudad-lisboa","9":"pa_motivo-sardines","10":"pa_pais-portugal","12":"first","13":"instock","14":"shipping-taxable","15":"product-type-simple"},"acf":[],"_links":{"self":[{"href":"https:\/\/olemosaic.orbitalia.org\/fr\/wp-json\/wp\/v2\/product\/28131","targetHints":{"allow":["GET"]}}],"collection":[{"href":"https:\/\/olemosaic.orbitalia.org\/fr\/wp-json\/wp\/v2\/product"}],"about":[{"href":"https:\/\/olemosaic.orbitalia.org\/fr\/wp-json\/wp\/v2\/types\/product"}],"wp:featuredmedia":[{"embeddable":true,"href":"https:\/\/olemosaic.orbitalia.org\/fr\/wp-json\/wp\/v2\/media\/10287"}],"wp:attachment":[{"href":"https:\/\/olemosaic.orbitalia.org\/fr\/wp-json\/wp\/v2\/media?parent=28131"}],"wp:term":[{"taxonomy":"product_brand","embeddable":true,"href":"https:\/\/olemosaic.orbitalia.org\/fr\/wp-json\/wp\/v2\/product_brand?post=28131"},{"taxonomy":"product_cat","embeddable":true,"href":"https:\/\/olemosaic.orbitalia.org\/fr\/wp-json\/wp\/v2\/product_cat?post=28131"},{"taxonomy":"product_tag","embeddable":true,"href":"https:\/\/olemosaic.orbitalia.org\/fr\/wp-json\/wp\/v2\/product_tag?post=28131"}],"curies":[{"name":"wp","href":"https:\/\/api.w.org\/{rel}","templated":true}]}}