{"id":28127,"date":"2025-02-20T23:29:48","date_gmt":"2025-02-20T22:29:48","guid":{"rendered":"https:\/\/olemosaic.orbitalia.org\/producto\/bol-de-coco-azul-salamandra-2\/"},"modified":"2025-07-25T19:02:04","modified_gmt":"2025-07-25T17:02:04","slug":"bol-noix-de-coco-bleu-salamandre-2","status":"publish","type":"product","link":"https:\/\/olemosaic.orbitalia.org\/fr\/produit\/bol-noix-de-coco-bleu-salamandre-2\/","title":{"rendered":"Bol en noix de coco bleu. Salamandre."},"content":{"rendered":"<p>Ce bol en noix de coco bleu, d\u00e9cor\u00e9 d&rsquo;une magnifique salamandre, est une pi\u00e8ce artisanale qui se distingue par son fond bleu \u00e9clatant, parfait pour apporter une touche unique \u00e0 votre table. Fabriqu\u00e9 en noix de coco et peint \u00e0 la main, ce bol combine des \u00e9l\u00e9ments de la tradition m\u00e9diterran\u00e9enne avec un design contemporain, refl\u00e9tant la richesse culturelle de la r\u00e9gion. Au centre, une \u00e9l\u00e9gante salamandre, dans un ton plus clair, est entour\u00e9e d&rsquo;une bordure d\u00e9licate aux motifs blancs \u00e9voquant le style trencad\u00eds, typique de la c\u00e9ramique m\u00e9diterran\u00e9enne.<\/p>\n<p>La salamandre, symbole de transformation et de r\u00e9silience, ajoute une signification particuli\u00e8re \u00e0 cette \u0153uvre, en faisant un excellent souvenir repr\u00e9sentatif de la culture locale. En plus d&rsquo;\u00eatre fonctionnel pour servir des ap\u00e9ritifs, ce bol peut \u00e9galement \u00eatre utilis\u00e9 comme \u00e9l\u00e9ment d\u00e9coratif, sublimant n&rsquo;importe quel espace. Parfait pour les touristes \u00e0 la recherche de souvenirs authentiques, ce bol n&rsquo;est pas seulement un cadeau id\u00e9al, mais aussi une expression de la riche tradition artisanale des villes m\u00e9diterran\u00e9ennes.<\/p>\n<p>Chez Ol\u00e9 Mosaic, nous sommes sp\u00e9cialis\u00e9s dans la distribution en gros, et ce bol en noix de coco bleu est un excellent investissement pour les boutiques de souvenirs touristiques souhaitant proposer des articles authentiques et de qualit\u00e9. Avec nous, les grossistes de souvenirs peuvent \u00eatre assur\u00e9s que chaque pi\u00e8ce refl\u00e8te l&rsquo;essence et l&rsquo;art de la culture m\u00e9diterran\u00e9enne.<\/p>\n","protected":false},"excerpt":{"rendered":"<p>Bol en noix de coco bleu d\u00e9cor\u00e9 d&rsquo;une salamandre, id\u00e9al pour la d\u00e9coration de table. Cette pi\u00e8ce artisanale pr\u00e9sente un fond bleu vibrant avec une salamandre au centre, entour\u00e9e d&rsquo;une bordure de motifs blancs simulant un trencad\u00eds. Fabriqu\u00e9 en noix de coco, ce bol au design artisanal, peint \u00e0 la main, allie tradition et touche moderne, refl\u00e9tant la riche culture m\u00e9diterran\u00e9enne et le folklore artisanal de la r\u00e9gion. Parfait pour servir des ap\u00e9ritifs ou comme \u00e9l\u00e9ment d\u00e9coratif.<\/p>\n","protected":false},"featured_media":10054,"template":"","meta":{"_acf_changed":false},"product_brand":[],"product_cat":[521],"product_tag":[530],"class_list":{"0":"post-28127","1":"product","2":"type-product","3":"status-publish","4":"has-post-thumbnail","6":"product_cat-bols","7":"product_tag-animaux","8":"pa_motivo-salamandres","10":"first","11":"instock","12":"shipping-taxable","13":"product-type-simple"},"acf":[],"_links":{"self":[{"href":"https:\/\/olemosaic.orbitalia.org\/fr\/wp-json\/wp\/v2\/product\/28127","targetHints":{"allow":["GET"]}}],"collection":[{"href":"https:\/\/olemosaic.orbitalia.org\/fr\/wp-json\/wp\/v2\/product"}],"about":[{"href":"https:\/\/olemosaic.orbitalia.org\/fr\/wp-json\/wp\/v2\/types\/product"}],"wp:featuredmedia":[{"embeddable":true,"href":"https:\/\/olemosaic.orbitalia.org\/fr\/wp-json\/wp\/v2\/media\/10054"}],"wp:attachment":[{"href":"https:\/\/olemosaic.orbitalia.org\/fr\/wp-json\/wp\/v2\/media?parent=28127"}],"wp:term":[{"taxonomy":"product_brand","embeddable":true,"href":"https:\/\/olemosaic.orbitalia.org\/fr\/wp-json\/wp\/v2\/product_brand?post=28127"},{"taxonomy":"product_cat","embeddable":true,"href":"https:\/\/olemosaic.orbitalia.org\/fr\/wp-json\/wp\/v2\/product_cat?post=28127"},{"taxonomy":"product_tag","embeddable":true,"href":"https:\/\/olemosaic.orbitalia.org\/fr\/wp-json\/wp\/v2\/product_tag?post=28127"}],"curies":[{"name":"wp","href":"https:\/\/api.w.org\/{rel}","templated":true}]}}