{"id":28114,"date":"2025-02-20T23:29:48","date_gmt":"2025-02-20T22:29:48","guid":{"rendered":"https:\/\/olemosaic.orbitalia.org\/producto\/bol-de-coco-azul-tortuga-tenerife\/"},"modified":"2025-07-25T20:16:47","modified_gmt":"2025-07-25T18:16:47","slug":"bol-noix-de-coco-bleu-tortue-tenerife","status":"publish","type":"product","link":"https:\/\/olemosaic.orbitalia.org\/fr\/produit\/bol-noix-de-coco-bleu-tortue-tenerife\/","title":{"rendered":"Bol en noix de coco bleu. Tortue. Tenerife."},"content":{"rendered":"<p>Ce bol en noix de coco bleu, orn\u00e9 d&rsquo;une charmante tortue, est un exemple exquis de l&rsquo;artisanat canarien qui capture l&rsquo;essence de Tenerife et son riche h\u00e9ritage naturel. Fabriqu\u00e9 \u00e0 partir d&rsquo;une authentique coque de noix de coco, cet \u00e9l\u00e9gant bol se distingue par son design attrayant peint \u00e0 la main, o\u00f9 des tons bleut\u00e9s doux se combinent avec de d\u00e9licats cercles \u00e9voquant l&rsquo;immensit\u00e9 de l&rsquo;oc\u00e9an. Au centre du bol ressort la figure d&rsquo;une tortue, qui symbolise la biodiversit\u00e9 marine entourant l&rsquo;\u00eele, accompagn\u00e9e du texte \u00ab\u00a0TENERIFE\u00a0\u00bb, renfor\u00e7ant la connexion culturelle avec cette magnifique destination.<\/p>\n<p>Ce bol est non seulement id\u00e9al comme pi\u00e8ce d\u00e9corative, mais il peut \u00e9galement \u00eatre utilis\u00e9 pour d\u00e9guster des ap\u00e9ritifs, devenant le centre d&rsquo;attention sur n&rsquo;importe quelle table. Sa finition artisanale et sa th\u00e9matique marine font de ce souvenir un choix parfait pour les touristes \u00e0 la recherche d&rsquo;un souvenir authentique refl\u00e9tant la beaut\u00e9 naturelle et la richesse culturelle de Tenerife. Chez Ol\u00e9 Mosaic, nous sommes sp\u00e9cialistes de la distribution de souvenirs en gros, et ce bol en noix de coco bleu repr\u00e9sente une opportunit\u00e9 unique pour les boutiques de cadeaux touristiques souhaitant proposer des produits artistiques et de qualit\u00e9. Son authenticit\u00e9 et sa pertinence culturelle en font un souvenir incontournable pour ceux qui souhaitent ramener un peu de la magie des Canaries chez eux.<\/p>\n","protected":false},"excerpt":{"rendered":"<p>Bol en noix de coco bleu d\u00e9cor\u00e9 d&rsquo;une charmante tortue, repr\u00e9sentant la beaut\u00e9 de Tenerife. Cet \u00e9l\u00e9gant bol, r\u00e9alis\u00e9 avec une coque de noix de coco, pr\u00e9sente un design artisanal, peint \u00e0 la main, avec des tons bleut\u00e9s et des d\u00e9tails circulaires \u00e9voquant l&rsquo;oc\u00e9an. Au centre, se d\u00e9tache la figure d&rsquo;une tortue, accompagn\u00e9e du texte \u00ab\u00a0TENERIFE\u00a0\u00bb, qui souligne la connexion avec la nature marine de l&rsquo;\u00eele. Id\u00e9al comme pi\u00e8ce d\u00e9corative ou pour d\u00e9guster des ap\u00e9ritifs.<\/p>\n","protected":false},"featured_media":11933,"template":"","meta":{"_acf_changed":false},"product_brand":[],"product_cat":[521],"product_tag":[530],"class_list":{"0":"post-28114","1":"product","2":"type-product","3":"status-publish","4":"has-post-thumbnail","6":"product_cat-bols","7":"product_tag-animaux","8":"pa_ciudad-tenerife","9":"pa_motivo-tortues","10":"pa_pais-espana","12":"first","13":"instock","14":"shipping-taxable","15":"product-type-simple"},"acf":[],"_links":{"self":[{"href":"https:\/\/olemosaic.orbitalia.org\/fr\/wp-json\/wp\/v2\/product\/28114","targetHints":{"allow":["GET"]}}],"collection":[{"href":"https:\/\/olemosaic.orbitalia.org\/fr\/wp-json\/wp\/v2\/product"}],"about":[{"href":"https:\/\/olemosaic.orbitalia.org\/fr\/wp-json\/wp\/v2\/types\/product"}],"wp:featuredmedia":[{"embeddable":true,"href":"https:\/\/olemosaic.orbitalia.org\/fr\/wp-json\/wp\/v2\/media\/11933"}],"wp:attachment":[{"href":"https:\/\/olemosaic.orbitalia.org\/fr\/wp-json\/wp\/v2\/media?parent=28114"}],"wp:term":[{"taxonomy":"product_brand","embeddable":true,"href":"https:\/\/olemosaic.orbitalia.org\/fr\/wp-json\/wp\/v2\/product_brand?post=28114"},{"taxonomy":"product_cat","embeddable":true,"href":"https:\/\/olemosaic.orbitalia.org\/fr\/wp-json\/wp\/v2\/product_cat?post=28114"},{"taxonomy":"product_tag","embeddable":true,"href":"https:\/\/olemosaic.orbitalia.org\/fr\/wp-json\/wp\/v2\/product_tag?post=28114"}],"curies":[{"name":"wp","href":"https:\/\/api.w.org\/{rel}","templated":true}]}}