{"id":28113,"date":"2025-02-20T22:29:48","date_gmt":"2025-02-20T22:29:48","guid":{"rendered":"https:\/\/olemosaic.orbitalia.org\/producto\/bol-de-coco-azul-salamandra-mallorca\/"},"modified":"2025-07-25T19:27:42","modified_gmt":"2025-07-25T17:27:42","slug":"bol-noix-de-coco-bleu-salamandre-majorque","status":"publish","type":"product","link":"https:\/\/olemosaic.orbitalia.org\/fr\/produit\/bol-noix-de-coco-bleu-salamandre-majorque\/","title":{"rendered":"Bol en noix de coco bleu. Salamandre. Majorque."},"content":{"rendered":"<p>Ce bol en noix de coco bleu, d\u00e9cor\u00e9 d&rsquo;une charmante salamandre, est une v\u00e9ritable essence de Majorque, id\u00e9al pour ceux qui recherchent un souvenir repr\u00e9sentatif de cette belle \u00eele des Bal\u00e9ares. Fabriqu\u00e9 en c\u00e9ramique de haute qualit\u00e9, le bol resplendit dans un ton bleu vibrant qui \u00e9voque les eaux cristallines de la M\u00e9diterran\u00e9e, captant l&rsquo;attention de quiconque l&rsquo;observe. Au centre, une salamandre \u00e9l\u00e9gamment dessin\u00e9e symbolise la riche faune de Majorque, entour\u00e9e d&rsquo;un design d\u00e9licat qui refl\u00e8te l&rsquo;art traditionnel de l&rsquo;\u00eele, soulignant le savoir-faire artisanal local. L&rsquo;inscription \u00ab\u00a0MALLORCA\u00a0\u00bb, situ\u00e9e de mani\u00e8re pro\u00e9minente, garantit que cet objet ne soit pas seulement fonctionnel, mais aussi un rappel constant de la culture majorquine.<\/p>\n<p>Ce bol n&rsquo;est pas seulement un ustensile, mais une v\u00e9ritable pi\u00e8ce d&rsquo;art folklorique des Bal\u00e9ares, parfaite aussi bien pour un usage pratique en cuisine que pour \u00eatre un \u00e9l\u00e9ment d\u00e9coratif attrayant dans n&rsquo;importe quel foyer. Chez Ol\u00e9 Mosaic, nous sommes fiers de proposer des produits authentiques, et ce bol en noix de coco bleu est une excellente option pour les boutiques de cadeaux touristiques souhaitant offrir \u00e0 leurs clients un souvenir authentique et de qualit\u00e9. En tant que grossiste de souvenirs, nous garantissons que ce bol sera un tr\u00e9sor pour les touristes cherchant \u00e0 emporter un petit morceau de Majorque.<\/p>\n","protected":false},"excerpt":{"rendered":"<p>Bol en noix de coco bleu d\u00e9cor\u00e9 d&rsquo;une charmante salamandre, typique de Majorque. Ce produit, r\u00e9alis\u00e9 en c\u00e9ramique, pr\u00e9sente une couleur bleue vibrante qui rehausse son attrait. L&rsquo;image de la salamandre, accompagn\u00e9e de l&rsquo;inscription \u00ab\u00a0MALLORCA\u00a0\u00bb, se situe au centre, entour\u00e9e d&rsquo;un design d\u00e9licat qui \u00e9voque l&rsquo;art traditionnel de l&rsquo;\u00eele. Parfait comme \u00e9l\u00e9ment d\u00e9coratif ou pour un usage fonctionnel, ce bol est une authentique pi\u00e8ce d&rsquo;art folklorique des Bal\u00e9ares.<\/p>\n","protected":false},"featured_media":11771,"template":"","meta":{"_acf_changed":false},"product_brand":[],"product_cat":[521],"product_tag":[530],"class_list":{"0":"post-28113","1":"product","2":"type-product","3":"status-publish","4":"has-post-thumbnail","6":"product_cat-bols","7":"product_tag-animaux","8":"pa_ciudad-mallorca","9":"pa_motivo-salamandres","10":"pa_pais-espana","12":"first","13":"instock","14":"shipping-taxable","15":"product-type-simple"},"acf":[],"_links":{"self":[{"href":"https:\/\/olemosaic.orbitalia.org\/fr\/wp-json\/wp\/v2\/product\/28113","targetHints":{"allow":["GET"]}}],"collection":[{"href":"https:\/\/olemosaic.orbitalia.org\/fr\/wp-json\/wp\/v2\/product"}],"about":[{"href":"https:\/\/olemosaic.orbitalia.org\/fr\/wp-json\/wp\/v2\/types\/product"}],"wp:featuredmedia":[{"embeddable":true,"href":"https:\/\/olemosaic.orbitalia.org\/fr\/wp-json\/wp\/v2\/media\/11771"}],"wp:attachment":[{"href":"https:\/\/olemosaic.orbitalia.org\/fr\/wp-json\/wp\/v2\/media?parent=28113"}],"wp:term":[{"taxonomy":"product_brand","embeddable":true,"href":"https:\/\/olemosaic.orbitalia.org\/fr\/wp-json\/wp\/v2\/product_brand?post=28113"},{"taxonomy":"product_cat","embeddable":true,"href":"https:\/\/olemosaic.orbitalia.org\/fr\/wp-json\/wp\/v2\/product_cat?post=28113"},{"taxonomy":"product_tag","embeddable":true,"href":"https:\/\/olemosaic.orbitalia.org\/fr\/wp-json\/wp\/v2\/product_tag?post=28113"}],"curies":[{"name":"wp","href":"https:\/\/api.w.org\/{rel}","templated":true}]}}