{"id":28112,"date":"2025-02-20T23:29:47","date_gmt":"2025-02-20T22:29:47","guid":{"rendered":"https:\/\/olemosaic.orbitalia.org\/producto\/bol-de-coco-azul-mariposa-3\/"},"modified":"2025-07-25T19:37:57","modified_gmt":"2025-07-25T17:37:57","slug":"bol-noix-de-coco-bleu-papillon-3","status":"publish","type":"product","link":"https:\/\/olemosaic.orbitalia.org\/fr\/produit\/bol-noix-de-coco-bleu-papillon-3\/","title":{"rendered":"Bol en noix de coco bleu. Papillon. Motif c\u0153urs."},"content":{"rendered":"<p>Ce bol en noix de coco bleu, orn\u00e9 d&rsquo;un \u00e9l\u00e9gant papillon, est un authentique souvenir repr\u00e9sentatif de l&rsquo;art populaire de la r\u00e9gion. Son design se distingue par une finition brillante qui combine un fond noir parsem\u00e9 de tons bleus vibrants, cr\u00e9ant un effet visuel saisissant qui capte instantan\u00e9ment l&rsquo;attention. \u00c0 l&rsquo;int\u00e9rieur, le bol pr\u00e9sente en son centre un papillon d&rsquo;un bleu intense, symbolisant la transformation et la beaut\u00e9, entour\u00e9 d&rsquo;un cadre d\u00e9coratif de d\u00e9licats c\u0153urs bleus, rehaussant son charme et son style.<\/p>\n<p>En plus d&rsquo;\u00eatre un \u00e9l\u00e9ment d\u00e9coratif attrayant, cette pi\u00e8ce est fonctionnelle, parfaite pour pr\u00e9senter des ap\u00e9ritifs ou comme centre de table. Sa cr\u00e9ation suit des techniques artisanales traditionnelles, refl\u00e9tant le savoir-faire des artisans de la r\u00e9gion, ce qui en fait un souvenir authentique et significatif. En acqu\u00e9rant ce bol, vous ne ramenez pas seulement chez vous un objet frappant, mais aussi une partie de la culture et du folklore local, id\u00e9al pour ceux qui recherchent des souvenirs qui racontent une histoire.<\/p>\n<p>Chez Ol\u00e9 Mosaic, nous nous sp\u00e9cialisons dans la distribution de souvenirs en gros, et ce bol en noix de coco bleu est une option exceptionnelle pour les boutiques de cadeaux touristiques qui souhaitent proposer des produits authentiques et de qualit\u00e9. En tant que grossistes de souvenirs, nous garantissons que chaque pi\u00e8ce, comme ce bol d\u00e9cor\u00e9, soit un reflet parfait de la richesse culturelle de la r\u00e9gion.<\/p>\n","protected":false},"excerpt":{"rendered":"<p>Bol en noix de coco bleu d\u00e9cor\u00e9 d&rsquo;un \u00e9l\u00e9gant papillon, un souvenir distinctif qui capture l&rsquo;essence de l&rsquo;art populaire. Ce bol pr\u00e9sente une finition brillante avec un fond noir parsem\u00e9 de nuances bleues et un cadre de c\u0153urs de la m\u00eame couleur. Le papillon central, d&rsquo;un bleu vibrant, se d\u00e9tache \u00e0 l&rsquo;int\u00e9rieur, apportant une touche artistique. Id\u00e9al pour d\u00e9corer ou comme pi\u00e8ce fonctionnelle, ce bol est repr\u00e9sentatif de l&rsquo;art color\u00e9 de la r\u00e9gion.<\/p>\n","protected":false},"featured_media":13437,"template":"","meta":{"_acf_changed":false},"product_brand":[],"product_cat":[521],"product_tag":[530],"class_list":{"0":"post-28112","1":"product","2":"type-product","3":"status-publish","4":"has-post-thumbnail","6":"product_cat-bols","7":"product_tag-animaux","8":"pa_motivo-papillons","10":"first","11":"instock","12":"shipping-taxable","13":"product-type-simple"},"acf":[],"_links":{"self":[{"href":"https:\/\/olemosaic.orbitalia.org\/fr\/wp-json\/wp\/v2\/product\/28112","targetHints":{"allow":["GET"]}}],"collection":[{"href":"https:\/\/olemosaic.orbitalia.org\/fr\/wp-json\/wp\/v2\/product"}],"about":[{"href":"https:\/\/olemosaic.orbitalia.org\/fr\/wp-json\/wp\/v2\/types\/product"}],"wp:featuredmedia":[{"embeddable":true,"href":"https:\/\/olemosaic.orbitalia.org\/fr\/wp-json\/wp\/v2\/media\/13437"}],"wp:attachment":[{"href":"https:\/\/olemosaic.orbitalia.org\/fr\/wp-json\/wp\/v2\/media?parent=28112"}],"wp:term":[{"taxonomy":"product_brand","embeddable":true,"href":"https:\/\/olemosaic.orbitalia.org\/fr\/wp-json\/wp\/v2\/product_brand?post=28112"},{"taxonomy":"product_cat","embeddable":true,"href":"https:\/\/olemosaic.orbitalia.org\/fr\/wp-json\/wp\/v2\/product_cat?post=28112"},{"taxonomy":"product_tag","embeddable":true,"href":"https:\/\/olemosaic.orbitalia.org\/fr\/wp-json\/wp\/v2\/product_tag?post=28112"}],"curies":[{"name":"wp","href":"https:\/\/api.w.org\/{rel}","templated":true}]}}