{"id":28099,"date":"2025-02-20T23:29:47","date_gmt":"2025-02-20T22:29:47","guid":{"rendered":"https:\/\/olemosaic.orbitalia.org\/producto\/bol-de-coco-azul-ibiscus-3\/"},"modified":"2025-07-25T19:52:39","modified_gmt":"2025-07-25T17:52:39","slug":"bol-de-coco-bleu-hibiscus-3","status":"publish","type":"product","link":"https:\/\/olemosaic.orbitalia.org\/fr\/produit\/bol-de-coco-bleu-hibiscus-3\/","title":{"rendered":"Bol de coco bleu. Hibiscus. Style m\u00e9diterran\u00e9en. Espagne."},"content":{"rendered":"<p>Ce bol en noix de coco bleu, d\u00e9cor\u00e9 d&rsquo;un motif vibrant d&rsquo;hibiscus, est une v\u00e9ritable pi\u00e8ce d&rsquo;art qui encapsule l&rsquo;essence tropicale. \u00c9labor\u00e9 \u00e0 partir de coques de noix de coco soigneusement s\u00e9lectionn\u00e9es, chaque bol est peint \u00e0 la main, ce qui garantit sa singularit\u00e9 et son originalit\u00e9. \u00c0 l&rsquo;int\u00e9rieur, un design floral exub\u00e9rant d&rsquo;hibiscus dans un ton bleu brillant se d\u00e9tache, contrastant avec un fond noir parsem\u00e9 de petits \u00e9clats de couleur. Autour du bord, un motif de c\u0153urs dans diff\u00e9rentes nuances de bleu ajoute une touche ludique et charmante, en faisant une \u0153uvre qui se remarque sur n&rsquo;importe quelle table ou espace d\u00e9coratif.<\/p>\n<p>Le lien culturel de ce bol r\u00e9side dans le symbolisme de l&rsquo;hibiscus, une fleur qui repr\u00e9sente la beaut\u00e9 et l&rsquo;hospitalit\u00e9 dans de nombreuses cultures tropicales. Ce bol n&rsquo;est pas seulement id\u00e9al pour servir des ap\u00e9ritifs ou comme accessoire d\u00e9coratif, il s&rsquo;\u00e9rige \u00e9galement comme un excellent souvenir. Chaque visite d&rsquo;une destination tropicale est immortalis\u00e9e dans cet objet, qui refl\u00e8te la joie et la fra\u00eecheur de l&rsquo;environnement.<\/p>\n<p>Chez Ol\u00e9 Mosaic, nous proposons ce bol en noix de coco bleu comme une pi\u00e8ce repr\u00e9sentative de l&rsquo;artisanat tropical. Il est parfait pour les boutiques de cadeaux touristiques \u00e0 la recherche de souvenirs authentiques et de qualit\u00e9. Ce bol est un excellent choix tant pour un usage quotidien que pour se rem\u00e9morer des moments m\u00e9morables d&rsquo;une escapade dans un paradis tropical, soulignant sa pertinence culturelle et esth\u00e9tique.<\/p>\n","protected":false},"excerpt":{"rendered":"<p>Bol en noix de coco bleu d\u00e9cor\u00e9 d&rsquo;un motif vibrant d&rsquo;hibiscus. Ce bol attrayant, fabriqu\u00e9 \u00e0 partir d&rsquo;une pi\u00e8ce de noix de coco, pr\u00e9sente un design artisanal peint \u00e0 la main dans des tons bleus intenses, avec des d\u00e9tails \u00e9voquant des c\u0153urs et le design floral caract\u00e9ristique au centre. Sa finition brillante et color\u00e9e en fait un \u00e9l\u00e9ment id\u00e9al pour la table, ajoutant une touche de fra\u00eecheur et de joie inspir\u00e9e de l&rsquo;essence tropicale. Parfait comme souvenir ou pour un usage d\u00e9coratif.<\/p>\n","protected":false},"featured_media":13441,"template":"","meta":{"_acf_changed":false},"product_brand":[],"product_cat":[521],"product_tag":[],"class_list":{"0":"post-28099","1":"product","2":"type-product","3":"status-publish","4":"has-post-thumbnail","6":"product_cat-bols","7":"pa_motivo-hibiscus","9":"first","10":"instock","11":"shipping-taxable","12":"product-type-simple"},"acf":[],"_links":{"self":[{"href":"https:\/\/olemosaic.orbitalia.org\/fr\/wp-json\/wp\/v2\/product\/28099","targetHints":{"allow":["GET"]}}],"collection":[{"href":"https:\/\/olemosaic.orbitalia.org\/fr\/wp-json\/wp\/v2\/product"}],"about":[{"href":"https:\/\/olemosaic.orbitalia.org\/fr\/wp-json\/wp\/v2\/types\/product"}],"wp:featuredmedia":[{"embeddable":true,"href":"https:\/\/olemosaic.orbitalia.org\/fr\/wp-json\/wp\/v2\/media\/13441"}],"wp:attachment":[{"href":"https:\/\/olemosaic.orbitalia.org\/fr\/wp-json\/wp\/v2\/media?parent=28099"}],"wp:term":[{"taxonomy":"product_brand","embeddable":true,"href":"https:\/\/olemosaic.orbitalia.org\/fr\/wp-json\/wp\/v2\/product_brand?post=28099"},{"taxonomy":"product_cat","embeddable":true,"href":"https:\/\/olemosaic.orbitalia.org\/fr\/wp-json\/wp\/v2\/product_cat?post=28099"},{"taxonomy":"product_tag","embeddable":true,"href":"https:\/\/olemosaic.orbitalia.org\/fr\/wp-json\/wp\/v2\/product_tag?post=28099"}],"curies":[{"name":"wp","href":"https:\/\/api.w.org\/{rel}","templated":true}]}}