{"id":28098,"date":"2025-02-20T23:29:47","date_gmt":"2025-02-20T22:29:47","guid":{"rendered":"https:\/\/olemosaic.orbitalia.org\/producto\/bol-de-coco-azul-caballito-de-mar-menorca\/"},"modified":"2025-07-25T18:43:56","modified_gmt":"2025-07-25T16:43:56","slug":"bol-de-coco-bleu-hippocampe-minorque","status":"publish","type":"product","link":"https:\/\/olemosaic.orbitalia.org\/fr\/produit\/bol-de-coco-bleu-hippocampe-minorque\/","title":{"rendered":"Bol de coco bleu. Hippocampe. Minorque."},"content":{"rendered":"<p>Ce bol en noix de coco bleu, d\u00e9cor\u00e9 d&rsquo;un sympathique hippocampe, est une repr\u00e9sentation exquise du charme m\u00e9diterran\u00e9en de Minorque. \u00c9labor\u00e9 de mani\u00e8re artisanale, il se distingue par son design vibrant peint \u00e0 la main dans divers tons de bleu \u00e9voquant les profondeurs de la mer, entour\u00e9 d&rsquo;un \u00e9l\u00e9gant bord sombre qui souligne sa beaut\u00e9. Au centre, l&rsquo;hippocampe, ic\u00f4ne de la faune marine, ajoute une touche ludique et distinctive, tandis que l&rsquo;inscription \u00ab MINORQUE \u00bb renforce son lien avec la r\u00e9gion. Ce bol ne remplit pas seulement une fonction d\u00e9corative, il est aussi une repr\u00e9sentation culturelle de la riche biodiversit\u00e9 qui caract\u00e9rise les \u00eeles Bal\u00e9ares.<\/p>\n<p>L&rsquo;utilisation de la noix de coco dans sa fabrication apporte une nuance authentique et naturelle, en faisant un excellent souvenir pour ceux qui cherchent \u00e0 emporter un morceau de l&rsquo;essence de Minorque. Son design attrayant et sa connexion avec la nature en font un cadeau id\u00e9al pour les touristes et pour ceux qui souhaitent introduire un air m\u00e9diterran\u00e9en dans leur foyer. Chez Ol\u00e9 Mosaic, nous sommes experts dans la distribution de souvenirs en gros, et ce bol en noix de coco est une option parfaite pour les boutiques de cadeaux touristiques cherchant \u00e0 offrir des produits de qualit\u00e9 c\u00e9l\u00e9brant la culture locale.<\/p>\n","protected":false},"excerpt":{"rendered":"<p>Bol en noix de coco bleu d\u00e9cor\u00e9 d&rsquo;un sympathique hippocampe, repr\u00e9sentant la beaut\u00e9 marine de Minorque. Ce produit artisanal se distingue par son design peint \u00e0 la main dans des tons de bleu vari\u00e9s, compl\u00e9t\u00e9 par un bord sombre qui rehausse son \u00e9l\u00e9gance. Au centre, l&rsquo;hippocampe, embl\u00e8me de la M\u00e9diterran\u00e9e, est accompagn\u00e9 du texte \u00ab\u00a0MINORQUE\u00a0\u00bb, cr\u00e9ant une pi\u00e8ce \u00e0 la fois d\u00e9corative et repr\u00e9sentative de la culture locale. Id\u00e9al comme souvenir ou pour donner une touche m\u00e9diterran\u00e9enne \u00e0 n&rsquo;importe quel int\u00e9rieur.<\/p>\n","protected":false},"featured_media":11905,"template":"","meta":{"_acf_changed":false},"product_brand":[],"product_cat":[521],"product_tag":[530],"class_list":{"0":"post-28098","1":"product","2":"type-product","3":"status-publish","4":"has-post-thumbnail","6":"product_cat-bols","7":"product_tag-animaux","8":"pa_ciudad-menorca","9":"pa_motivo-hippocampes","10":"pa_pais-espana","12":"first","13":"instock","14":"shipping-taxable","15":"product-type-simple"},"acf":[],"_links":{"self":[{"href":"https:\/\/olemosaic.orbitalia.org\/fr\/wp-json\/wp\/v2\/product\/28098","targetHints":{"allow":["GET"]}}],"collection":[{"href":"https:\/\/olemosaic.orbitalia.org\/fr\/wp-json\/wp\/v2\/product"}],"about":[{"href":"https:\/\/olemosaic.orbitalia.org\/fr\/wp-json\/wp\/v2\/types\/product"}],"wp:featuredmedia":[{"embeddable":true,"href":"https:\/\/olemosaic.orbitalia.org\/fr\/wp-json\/wp\/v2\/media\/11905"}],"wp:attachment":[{"href":"https:\/\/olemosaic.orbitalia.org\/fr\/wp-json\/wp\/v2\/media?parent=28098"}],"wp:term":[{"taxonomy":"product_brand","embeddable":true,"href":"https:\/\/olemosaic.orbitalia.org\/fr\/wp-json\/wp\/v2\/product_brand?post=28098"},{"taxonomy":"product_cat","embeddable":true,"href":"https:\/\/olemosaic.orbitalia.org\/fr\/wp-json\/wp\/v2\/product_cat?post=28098"},{"taxonomy":"product_tag","embeddable":true,"href":"https:\/\/olemosaic.orbitalia.org\/fr\/wp-json\/wp\/v2\/product_tag?post=28098"}],"curies":[{"name":"wp","href":"https:\/\/api.w.org\/{rel}","templated":true}]}}