{"id":28096,"date":"2025-02-20T23:29:47","date_gmt":"2025-02-20T22:29:47","guid":{"rendered":"https:\/\/olemosaic.orbitalia.org\/producto\/bol-de-coco-azul-flamenco-3\/"},"modified":"2025-07-25T21:14:41","modified_gmt":"2025-07-25T19:14:41","slug":"bol-de-coco-bleu-flamant-rose-3","status":"publish","type":"product","link":"https:\/\/olemosaic.orbitalia.org\/fr\/produit\/bol-de-coco-bleu-flamant-rose-3\/","title":{"rendered":"Bol de coco bleu. Flamant rose. Art andalou."},"content":{"rendered":"<p>Ce bol en noix de coco bleu, d\u00e9cor\u00e9 d&rsquo;un charmant motif de flamants roses, est une pi\u00e8ce unique qui apporte une touche de couleur et de style \u00e0 n&rsquo;importe quel int\u00e9rieur. Fabriqu\u00e9 \u00e0 la main \u00e0 partir de noix de coco, il se distingue par son design vibrant dans des tons bleu et noir, fusionnant modernit\u00e9 et tradition artisanale. L&rsquo;int\u00e9rieur du bol pr\u00e9sente un motif d\u00e9coratif complexe o\u00f9 les flamants roses, peints avec \u00e9l\u00e9gance, se dressent sur un fond bleu, entour\u00e9s de petits d\u00e9tails en forme de c\u0153urs qui ajoutent un \u00e9l\u00e9ment ludique et romantique.<\/p>\n<p>Ce souvenir n&rsquo;est pas seulement une belle pi\u00e8ce d\u00e9corative, mais il \u00e9voque \u00e9galement l&rsquo;essence du paysage espagnol, en particulier des r\u00e9gions c\u00f4ti\u00e8res, o\u00f9 les flamants roses sont un symbole de beaut\u00e9 naturelle. Son design \u00e9l\u00e9gant et frais refl\u00e8te le style de vie d\u00e9contract\u00e9 qui caract\u00e9rise les zones les plus chaudes d&rsquo;Espagne, ce qui en fait un souvenir repr\u00e9sentatif id\u00e9al pour les touristes souhaitant emporter un morceau de cette culture chez eux.<\/p>\n<p>Chez Ol\u00e9 Mosaic, notre engagement est d&rsquo;offrir des souvenirs authentiques et de qualit\u00e9, et ce bol de flamants roses est une excellente option pour les boutiques de cadeaux touristiques \u00e0 la recherche de produits distinctifs. En tant que grossistes de souvenirs au design exceptionnel, nous garantissons que chaque pi\u00e8ce est un t\u00e9moignage du patrimoine et de la cr\u00e9ativit\u00e9 espagnole, parfaite pour ceux qui appr\u00e9cient la beaut\u00e9 et l&rsquo;artisanat.<\/p>\n","protected":false},"excerpt":{"rendered":"<p>Bol en noix de coco bleu d\u00e9cor\u00e9 d&rsquo;un charmant motif de flamants roses, id\u00e9al pour ajouter une touche de couleur et de style \u00e0 n&rsquo;importe quel int\u00e9rieur. Ce produit, fabriqu\u00e9 en noix de coco, pr\u00e9sente un design moderne aux tons bleu et noir, combin\u00e9 \u00e0 de petits d\u00e9tails en forme de c\u0153urs. Les flamants roses, peints avec grand soin, apportent un air frais et \u00e9l\u00e9gant, en faisant un souvenir original qui \u00e9voque la culture espagnole.<\/p>\n","protected":false},"featured_media":13458,"template":"","meta":{"_acf_changed":false},"product_brand":[],"product_cat":[521],"product_tag":[530],"class_list":{"0":"post-28096","1":"product","2":"type-product","3":"status-publish","4":"has-post-thumbnail","6":"product_cat-bols","7":"product_tag-animaux","8":"pa_motivo-flamants-roses","10":"first","11":"instock","12":"shipping-taxable","13":"product-type-simple"},"acf":[],"_links":{"self":[{"href":"https:\/\/olemosaic.orbitalia.org\/fr\/wp-json\/wp\/v2\/product\/28096","targetHints":{"allow":["GET"]}}],"collection":[{"href":"https:\/\/olemosaic.orbitalia.org\/fr\/wp-json\/wp\/v2\/product"}],"about":[{"href":"https:\/\/olemosaic.orbitalia.org\/fr\/wp-json\/wp\/v2\/types\/product"}],"wp:featuredmedia":[{"embeddable":true,"href":"https:\/\/olemosaic.orbitalia.org\/fr\/wp-json\/wp\/v2\/media\/13458"}],"wp:attachment":[{"href":"https:\/\/olemosaic.orbitalia.org\/fr\/wp-json\/wp\/v2\/media?parent=28096"}],"wp:term":[{"taxonomy":"product_brand","embeddable":true,"href":"https:\/\/olemosaic.orbitalia.org\/fr\/wp-json\/wp\/v2\/product_brand?post=28096"},{"taxonomy":"product_cat","embeddable":true,"href":"https:\/\/olemosaic.orbitalia.org\/fr\/wp-json\/wp\/v2\/product_cat?post=28096"},{"taxonomy":"product_tag","embeddable":true,"href":"https:\/\/olemosaic.orbitalia.org\/fr\/wp-json\/wp\/v2\/product_tag?post=28096"}],"curies":[{"name":"wp","href":"https:\/\/api.w.org\/{rel}","templated":true}]}}