{"id":28072,"date":"2025-02-20T22:29:45","date_gmt":"2025-02-20T22:29:45","guid":{"rendered":"https:\/\/olemosaic.orbitalia.org\/producto\/bol-de-coco-azul-caballito-de-mar-barcelona-3\/"},"modified":"2025-07-25T18:40:16","modified_gmt":"2025-07-25T16:40:16","slug":"bol-noix-de-coco-bleu-hippocampe-barcelone-3","status":"publish","type":"product","link":"https:\/\/olemosaic.orbitalia.org\/fr\/produit\/bol-noix-de-coco-bleu-hippocampe-barcelone-3\/","title":{"rendered":"Bol en noix de coco bleu. Hippocampe. Barcelone."},"content":{"rendered":"<p>Ce bol en noix de coco bleu, d\u00e9cor\u00e9 d&rsquo;un \u00e9l\u00e9gant hippocampe, est un souvenir exquis qui capture l&rsquo;essence du littoral barcelonais. Son design attrayant pr\u00e9sente une base d&rsquo;un bleu vibrant, orn\u00e9e de motifs dor\u00e9s complexes \u00e9voquant la texture du corail marin, cr\u00e9ant une fusion de couleurs rappelant les eaux cristallines de la M\u00e9diterran\u00e9e. Au centre, l&rsquo;inscription \u00ab\u00a0Barcelona\u00a0\u00bb se distingue par une finition brillante, entour\u00e9e d&rsquo;un design artistique qui refl\u00e8te le charme de la ville c\u00f4ti\u00e8re.<\/p>\n<p>\u00c9labor\u00e9 avec des mat\u00e9riaux de haute qualit\u00e9, ce bol allie fonctionnalit\u00e9 et esth\u00e9tique, ce qui en fait un \u00e9l\u00e9ment d\u00e9coratif id\u00e9al pour n&rsquo;importe quel foyer. Son image d&rsquo;hippocampe, symbole de la vie marine, repr\u00e9sente la connexion de Barcelone avec son environnement littoral, faisant de cet article un authentique repr\u00e9sentant de la culture catalane.<\/p>\n<p>Le bol en noix de coco bleu n&rsquo;est pas seulement un magnifique souvenir de voyage, mais aussi une pi\u00e8ce unique qui rehausse la beaut\u00e9 de tout espace. Chez Ol\u00e9 Mosaic, nous sommes experts dans la distribution de souvenirs en gros, offrant des produits authentiques et repr\u00e9sentatifs de l&rsquo;Espagne. Ce bol est une excellente option pour les boutiques de cadeaux touristiques cherchant \u00e0 surprendre leurs clients avec des articles d&rsquo;une grande pertinence culturelle et d&rsquo;une esth\u00e9tique sup\u00e9rieure, ce qui en fait un incontournable de toute collection de souvenirs de Barcelone.<\/p>\n","protected":false},"excerpt":{"rendered":"<p>Bol en noix de coco bleu d\u00e9cor\u00e9 d&rsquo;un \u00e9l\u00e9gant hippocampe, repr\u00e9sentant l&rsquo;essence du littoral barcelonais. Cet article original pr\u00e9sente une base bleue avec des motifs dor\u00e9s complexes imitant la texture du corail, cr\u00e9ant un attrait visuel. L&rsquo;inscription \u00ab\u00a0Barcelona\u00a0\u00bb occupe le centre, encadr\u00e9e par un design artistique qui \u00e9voque le charme de la mer M\u00e9diterran\u00e9e. Id\u00e9al comme \u00e9l\u00e9ment d\u00e9coratif ou souvenir de la ville.<\/p>\n","protected":false},"featured_media":10139,"template":"","meta":{"_acf_changed":false},"product_brand":[],"product_cat":[521],"product_tag":[530],"class_list":{"0":"post-28072","1":"product","2":"type-product","3":"status-publish","4":"has-post-thumbnail","6":"product_cat-bols","7":"product_tag-animaux","8":"pa_ciudad-barcelona","9":"pa_motivo-hippocampes","10":"pa_pais-espana","12":"first","13":"instock","14":"shipping-taxable","15":"product-type-simple"},"acf":[],"_links":{"self":[{"href":"https:\/\/olemosaic.orbitalia.org\/fr\/wp-json\/wp\/v2\/product\/28072","targetHints":{"allow":["GET"]}}],"collection":[{"href":"https:\/\/olemosaic.orbitalia.org\/fr\/wp-json\/wp\/v2\/product"}],"about":[{"href":"https:\/\/olemosaic.orbitalia.org\/fr\/wp-json\/wp\/v2\/types\/product"}],"wp:featuredmedia":[{"embeddable":true,"href":"https:\/\/olemosaic.orbitalia.org\/fr\/wp-json\/wp\/v2\/media\/10139"}],"wp:attachment":[{"href":"https:\/\/olemosaic.orbitalia.org\/fr\/wp-json\/wp\/v2\/media?parent=28072"}],"wp:term":[{"taxonomy":"product_brand","embeddable":true,"href":"https:\/\/olemosaic.orbitalia.org\/fr\/wp-json\/wp\/v2\/product_brand?post=28072"},{"taxonomy":"product_cat","embeddable":true,"href":"https:\/\/olemosaic.orbitalia.org\/fr\/wp-json\/wp\/v2\/product_cat?post=28072"},{"taxonomy":"product_tag","embeddable":true,"href":"https:\/\/olemosaic.orbitalia.org\/fr\/wp-json\/wp\/v2\/product_tag?post=28072"}],"curies":[{"name":"wp","href":"https:\/\/api.w.org\/{rel}","templated":true}]}}