{"id":28050,"date":"2025-02-20T22:29:44","date_gmt":"2025-02-20T22:29:44","guid":{"rendered":"https:\/\/olemosaic.orbitalia.org\/producto\/bol-de-coco-azul-sardina-lisboa-2\/"},"modified":"2025-07-25T19:10:28","modified_gmt":"2025-07-25T17:10:28","slug":"bol-noix-de-coco-bleu-sardine-lisbonne-2","status":"publish","type":"product","link":"https:\/\/olemosaic.orbitalia.org\/fr\/produit\/bol-noix-de-coco-bleu-sardine-lisbonne-2\/","title":{"rendered":"Bol en noix de coco bleu. Sardine. Lisbonne."},"content":{"rendered":"<p>Ce bol en noix de coco bleu, d\u00e9cor\u00e9 de motifs de sardines, est un v\u00e9ritable tr\u00e9sor qui capture l&rsquo;essence vibrante de Lisbonne. Son design circulaire pr\u00e9sente un fond blanc qui met en valeur un jeu de c\u0153urs color\u00e9s dans des tons bleu, vert, rose et orange, cr\u00e9ant un contraste joyeux qui embellit n&rsquo;importe quel espace. Au centre du bol, l&rsquo;illustration d&rsquo;une sardine, pierre angulaire de la gastronomie lisbo\u00e8te, se distingue, accompagn\u00e9e du texte \u00ab LISBOA \u00bb sur une \u00e9l\u00e9gante plaque m\u00e9tallique qui ajoute une touche moderne et distinctive.<\/p>\n<p>Fabriqu\u00e9 en noix de coco, ce bol n&rsquo;est pas seulement une pi\u00e8ce d\u00e9corative, mais aussi un souvenir fonctionnel qui vous transportera dans les rues color\u00e9es de la capitale portugaise. La repr\u00e9sentation de la sardine est un clin d&rsquo;\u0153il \u00e0 la riche tradition culinaire de Lisbonne, o\u00f9 ce poisson est un symbole de la culture locale et un ingr\u00e9dient essentiel dans de nombreux plats typiques, comme les c\u00e9l\u00e8bres sardines grill\u00e9es d\u00e9gust\u00e9es lors des festivit\u00e9s estivales.<\/p>\n<p>Ce bol est un souvenir id\u00e9al pour les touristes cherchant \u00e0 ramener chez eux un morceau de Lisbonne. Chez Ol\u00e9 Mosaic, nous sommes distributeurs de souvenirs authentiques et repr\u00e9sentatifs, et ce bol n&rsquo;est pas seulement une option unique pour les boutiques de cadeaux touristiques, mais aussi une pi\u00e8ce qui c\u00e9l\u00e8bre l&rsquo;identit\u00e9 culturelle du Portugal. Chaque bol en noix de coco bleu est un gage de qualit\u00e9 et d&rsquo;artisanat, ce qui en fait un excellent article pour ceux qui souhaitent se souvenir de leur visite \u00e0 Lisbonne.<\/p>\n","protected":false},"excerpt":{"rendered":"<p>Bol en noix de coco bleu d\u00e9cor\u00e9 de motifs de sardines, id\u00e9al pour se souvenir de Lisbonne. Ce bol attrayant pr\u00e9sente un design circulaire orn\u00e9 de c\u0153urs color\u00e9s dans des tons bleu, vert, rose et orange, contrastant avec le fond blanc. Au centre, une sardine illustr\u00e9e et le texte \u00ab\u00a0LISBOA\u00a0\u00bb sur une plaque m\u00e9tallique se distinguent. Son style vibrant et joyeux en fait un beau souvenir ou un accessoire d\u00e9coratif \u00e9l\u00e9gant.<\/p>\n","protected":false},"featured_media":10323,"template":"","meta":{"_acf_changed":false},"product_brand":[],"product_cat":[521],"product_tag":[530],"class_list":{"0":"post-28050","1":"product","2":"type-product","3":"status-publish","4":"has-post-thumbnail","6":"product_cat-bols","7":"product_tag-animaux","8":"pa_ciudad-lisboa","9":"pa_motivo-sardines","10":"pa_pais-portugal","12":"first","13":"instock","14":"shipping-taxable","15":"product-type-simple"},"acf":[],"_links":{"self":[{"href":"https:\/\/olemosaic.orbitalia.org\/fr\/wp-json\/wp\/v2\/product\/28050","targetHints":{"allow":["GET"]}}],"collection":[{"href":"https:\/\/olemosaic.orbitalia.org\/fr\/wp-json\/wp\/v2\/product"}],"about":[{"href":"https:\/\/olemosaic.orbitalia.org\/fr\/wp-json\/wp\/v2\/types\/product"}],"wp:featuredmedia":[{"embeddable":true,"href":"https:\/\/olemosaic.orbitalia.org\/fr\/wp-json\/wp\/v2\/media\/10323"}],"wp:attachment":[{"href":"https:\/\/olemosaic.orbitalia.org\/fr\/wp-json\/wp\/v2\/media?parent=28050"}],"wp:term":[{"taxonomy":"product_brand","embeddable":true,"href":"https:\/\/olemosaic.orbitalia.org\/fr\/wp-json\/wp\/v2\/product_brand?post=28050"},{"taxonomy":"product_cat","embeddable":true,"href":"https:\/\/olemosaic.orbitalia.org\/fr\/wp-json\/wp\/v2\/product_cat?post=28050"},{"taxonomy":"product_tag","embeddable":true,"href":"https:\/\/olemosaic.orbitalia.org\/fr\/wp-json\/wp\/v2\/product_tag?post=28050"}],"curies":[{"name":"wp","href":"https:\/\/api.w.org\/{rel}","templated":true}]}}