{"id":28049,"date":"2025-02-20T22:29:44","date_gmt":"2025-02-20T22:29:44","guid":{"rendered":"https:\/\/olemosaic.orbitalia.org\/producto\/bol-de-coco-azul-salamandra-barcelona-2\/"},"modified":"2025-07-25T20:26:12","modified_gmt":"2025-07-25T18:26:12","slug":"bol-noix-de-coco-bleu-salamandre-barcelone-2","status":"publish","type":"product","link":"https:\/\/olemosaic.orbitalia.org\/fr\/produit\/bol-noix-de-coco-bleu-salamandre-barcelone-2\/","title":{"rendered":"Bol en noix de coco bleu. Salamandre. Barcelone."},"content":{"rendered":"<p>Ce bol en noix de coco bleu d\u00e9cor\u00e9 de motifs de salamandre est un chef-d&rsquo;\u0153uvre qui \u00e9voque l&rsquo;essence vibrante de Barcelone. Son design pr\u00e9sente un fond noir qui contraste spectaculairement avec les mosa\u00efques dans des tons bleus et verts, cr\u00e9ant un effet visuel qui capte l&rsquo;attention de quiconque l&rsquo;admire. Au centre, une salamandre stylis\u00e9e, symbole iconique de l&rsquo;architecture moderniste de la ville, se d\u00e9ploie majestueusement aux c\u00f4t\u00e9s du mot \u00ab\u00a0Barcelona\u00a0\u00bb, soulignant le lien culturel de l&rsquo;objet avec la riche histoire de l&rsquo;art et du design de la r\u00e9gion.<\/p>\n<p>Ce bol, avec sa forme \u00e9l\u00e9gante et la d\u00e9coration en forme de c\u0153ur autour du bord, n&rsquo;est pas seulement esth\u00e9tiquement attrayant, mais aussi fonctionnel, id\u00e9al pour \u00eatre utilis\u00e9 comme pi\u00e8ce d\u00e9corative dans la maison ou comme compl\u00e9ment pour servir des ap\u00e9ritifs. Son authenticit\u00e9 en tant que souvenir en fait un cadeau parfait pour les touristes cherchant des souvenirs repr\u00e9sentatifs de leur visite dans la ville. Chez Ol\u00e9 Mosaic, nous nous sp\u00e9cialisons dans la distribution de souvenirs en gros, et ce bol en noix de coco bleu est une excellente option pour les boutiques de cadeaux touristiques souhaitant int\u00e9grer des produits authentiques et artistiques de Barcelone. Profitez de l&rsquo;opportunit\u00e9 d&rsquo;offrir ce bol exclusif \u00e0 vos clients, un souvenir qui encapsule la magie et la culture de l&rsquo;une des villes les plus embl\u00e9matiques d&rsquo;Espagne.<\/p>\n","protected":false},"excerpt":{"rendered":"<p>Bol en noix de coco bleu d\u00e9cor\u00e9 de motifs de salamandre, repr\u00e9sentant l&rsquo;essence vibrante de Barcelone. Ce bol \u00e9l\u00e9gant pr\u00e9sente un fond noir avec un effet de mosa\u00efque dans des tons bleus et verts, rehauss\u00e9 par un design en forme de c\u0153ur. L&rsquo;image de la salamandre, symbole de l&rsquo;architecture moderniste, se situe au centre avec le mot \u00ab\u00a0Barcelona\u00a0\u00bb. Id\u00e9al pour la d\u00e9coration ou comme pi\u00e8ce fonctionnelle dans la maison.<\/p>\n","protected":false},"featured_media":10232,"template":"","meta":{"_acf_changed":false},"product_brand":[],"product_cat":[521],"product_tag":[530],"class_list":{"0":"post-28049","1":"product","2":"type-product","3":"status-publish","4":"has-post-thumbnail","6":"product_cat-bols","7":"product_tag-animaux","8":"pa_ciudad-barcelona","9":"pa_motivo-salamandres","10":"pa_pais-espana","12":"first","13":"instock","14":"shipping-taxable","15":"product-type-simple"},"acf":[],"_links":{"self":[{"href":"https:\/\/olemosaic.orbitalia.org\/fr\/wp-json\/wp\/v2\/product\/28049","targetHints":{"allow":["GET"]}}],"collection":[{"href":"https:\/\/olemosaic.orbitalia.org\/fr\/wp-json\/wp\/v2\/product"}],"about":[{"href":"https:\/\/olemosaic.orbitalia.org\/fr\/wp-json\/wp\/v2\/types\/product"}],"wp:featuredmedia":[{"embeddable":true,"href":"https:\/\/olemosaic.orbitalia.org\/fr\/wp-json\/wp\/v2\/media\/10232"}],"wp:attachment":[{"href":"https:\/\/olemosaic.orbitalia.org\/fr\/wp-json\/wp\/v2\/media?parent=28049"}],"wp:term":[{"taxonomy":"product_brand","embeddable":true,"href":"https:\/\/olemosaic.orbitalia.org\/fr\/wp-json\/wp\/v2\/product_brand?post=28049"},{"taxonomy":"product_cat","embeddable":true,"href":"https:\/\/olemosaic.orbitalia.org\/fr\/wp-json\/wp\/v2\/product_cat?post=28049"},{"taxonomy":"product_tag","embeddable":true,"href":"https:\/\/olemosaic.orbitalia.org\/fr\/wp-json\/wp\/v2\/product_tag?post=28049"}],"curies":[{"name":"wp","href":"https:\/\/api.w.org\/{rel}","templated":true}]}}