{"id":28047,"date":"2025-02-20T23:29:44","date_gmt":"2025-02-20T22:29:44","guid":{"rendered":"https:\/\/olemosaic.orbitalia.org\/producto\/bol-de-coco-azul-ibiscus\/"},"modified":"2025-07-25T20:41:00","modified_gmt":"2025-07-25T18:41:00","slug":"bol-noix-de-coco-bleu-hibiscus","status":"publish","type":"product","link":"https:\/\/olemosaic.orbitalia.org\/fr\/produit\/bol-noix-de-coco-bleu-hibiscus\/","title":{"rendered":"Bol en noix de coco bleu. Hibiscus."},"content":{"rendered":"<p>Ce bol en noix de coco bleu, d\u00e9cor\u00e9 de motifs d&rsquo;hibiscus, est une pi\u00e8ce unique qui apportera une touche tropicale \u00e0 n&rsquo;importe quel int\u00e9rieur. \u00c9labor\u00e9 avec un soin artisanal, ce produit phare se caract\u00e9rise par son design vibrant peint \u00e0 la main dans des tons bleus et blancs, \u00e9voquant la fra\u00eecheur de l&rsquo;oc\u00e9an. La fleur d&rsquo;hibiscus, repr\u00e9sent\u00e9e dans un ton terre cuite chaleureux, ajoute non seulement un contraste attrayant, mais symbolise \u00e9galement la beaut\u00e9 et l&rsquo;exotisme des r\u00e9gions tropicales.<\/p>\n<p>Sa forme organique refl\u00e8te l&rsquo;esth\u00e9tique relaxante et naturelle des c\u00f4tes, en faisant un magnifique \u00e9l\u00e9ment d\u00e9coratif pour tout espace, que ce soit sur une table basse, un buffet ou comme accessoire utile dans la cuisine. La finition brillante du bol souligne les d\u00e9tails du design, apportant une sensation de lumi\u00e8re et de vitalit\u00e9 \u00e0 la d\u00e9coration int\u00e9rieure.<\/p>\n<p>Ce bol en noix de coco n&rsquo;est pas seulement un souvenir parfait pour ceux qui souhaitent se rem\u00e9morer des moments de leur voyage, mais aussi un symbole de la riche biodiversit\u00e9 et de la culture pr\u00e9sentes dans les zones c\u00f4ti\u00e8res. Chez Ol\u00e9 Mosaic, en tant que grossistes de souvenirs, nous proposons des produits authentiques qui c\u00e9l\u00e8brent les traditions et l&rsquo;esth\u00e9tique de l&rsquo;environnement. Ce bol hibiscus est, sans aucun doute, une excellente option pour les boutiques de cadeaux touristiques cherchant \u00e0 offrir des articles uniques et repr\u00e9sentatifs de la culture artisanale.<\/p>\n","protected":false},"excerpt":{"rendered":"<p>Bol en noix de coco bleu d\u00e9cor\u00e9 de motifs d&rsquo;hibiscus, id\u00e9al pour ajouter une touche tropicale \u00e0 votre int\u00e9rieur. Ce produit se distingue par son design artisanal, peint \u00e0 la main, dans des tons bleus et blancs, avec une finition brillante qui fait ressortir les d\u00e9tails de la fleur dans un ton terre cuite chaleureux. Sa forme organique refl\u00e8te l&rsquo;esth\u00e9tique naturelle et relaxante de la c\u00f4te, en faisant un \u00e9l\u00e9ment d\u00e9coratif attrayant pour tout espace. Parfait pour un usage d\u00e9coratif ou comme centre de table.<\/p>\n","protected":false},"featured_media":13506,"template":"","meta":{"_acf_changed":false},"product_brand":[],"product_cat":[521],"product_tag":[],"class_list":{"0":"post-28047","1":"product","2":"type-product","3":"status-publish","4":"has-post-thumbnail","6":"product_cat-bols","7":"pa_motivo-hibiscus","9":"first","10":"instock","11":"shipping-taxable","12":"product-type-simple"},"acf":[],"_links":{"self":[{"href":"https:\/\/olemosaic.orbitalia.org\/fr\/wp-json\/wp\/v2\/product\/28047","targetHints":{"allow":["GET"]}}],"collection":[{"href":"https:\/\/olemosaic.orbitalia.org\/fr\/wp-json\/wp\/v2\/product"}],"about":[{"href":"https:\/\/olemosaic.orbitalia.org\/fr\/wp-json\/wp\/v2\/types\/product"}],"wp:featuredmedia":[{"embeddable":true,"href":"https:\/\/olemosaic.orbitalia.org\/fr\/wp-json\/wp\/v2\/media\/13506"}],"wp:attachment":[{"href":"https:\/\/olemosaic.orbitalia.org\/fr\/wp-json\/wp\/v2\/media?parent=28047"}],"wp:term":[{"taxonomy":"product_brand","embeddable":true,"href":"https:\/\/olemosaic.orbitalia.org\/fr\/wp-json\/wp\/v2\/product_brand?post=28047"},{"taxonomy":"product_cat","embeddable":true,"href":"https:\/\/olemosaic.orbitalia.org\/fr\/wp-json\/wp\/v2\/product_cat?post=28047"},{"taxonomy":"product_tag","embeddable":true,"href":"https:\/\/olemosaic.orbitalia.org\/fr\/wp-json\/wp\/v2\/product_tag?post=28047"}],"curies":[{"name":"wp","href":"https:\/\/api.w.org\/{rel}","templated":true}]}}