{"id":28039,"date":"2025-02-20T22:29:43","date_gmt":"2025-02-20T22:29:43","guid":{"rendered":"https:\/\/olemosaic.orbitalia.org\/producto\/bol-de-coco-azul-bailaora-2\/"},"modified":"2025-07-25T19:46:09","modified_gmt":"2025-07-25T17:46:09","slug":"bol-noix-de-coco-bleu-danseuse-flamenco-2","status":"publish","type":"product","link":"https:\/\/olemosaic.orbitalia.org\/fr\/produit\/bol-noix-de-coco-bleu-danseuse-flamenco-2\/","title":{"rendered":"Bol en noix de coco bleu. Danseuse de flamenco."},"content":{"rendered":"<p>Ce bol en noix de coco bleu, d\u00e9cor\u00e9 de l&rsquo;image d&rsquo;une danseuse de flamenco, est un v\u00e9ritable hommage au riche h\u00e9ritage culturel andalou. Son design vibrant, dans les tons bleus, \u00e9voque les profondeurs de la mer M\u00e9diterran\u00e9e et est compl\u00e9t\u00e9 par un fond en mosa\u00efque qui capture l&rsquo;essence de l&rsquo;art flamenco. Au centre, la figure de la danseuse \u00e9merge avec gr\u00e2ce, dans un geste captivant, symbolisant la passion et le mouvement du flamenco, art d\u00e9clar\u00e9 Patrimoine Culturel Immat\u00e9riel de l&rsquo;Humanit\u00e9 par l&rsquo;UNESCO.<\/p>\n<p>Le bol, \u00e9labor\u00e9 de mani\u00e8re artisanale, est non seulement visuellement attrayant, mais int\u00e8gre \u00e9galement de d\u00e9licats \u00e9l\u00e9ments d\u00e9coratifs en forme de c\u0153urs qui ajoutent une touche romantique et festive. La combinaison de ces d\u00e9tails souligne le savoir-faire des artisans, qui cr\u00e9ent chaque pi\u00e8ce avec amour et d\u00e9vouement. Ce bol n&rsquo;est pas seulement un objet d\u00e9coratif, mais un symbole de l&rsquo;identit\u00e9 culturelle andalouse, parfait pour ceux qui souhaitent ramener un morceau de la tradition et du folklore espagnol chez eux.<\/p>\n<p>Chez Ol\u00e9 Mosaic, nous sommes fiers de proposer des souvenirs de qualit\u00e9 en gros, id\u00e9aux pour les boutiques de cadeaux touristiques. Ce bol en noix de coco bleu est une excellente option pour ceux qui recherchent des souvenirs uniques et authentiques d&rsquo;Andalousie, alliant beaut\u00e9, fonctionnalit\u00e9 et un riche h\u00e9ritage culturel.<\/p>\n","protected":false},"excerpt":{"rendered":"<p>Bol en noix de coco bleu d\u00e9cor\u00e9 de l&rsquo;image d&rsquo;une danseuse de flamenco. Cet \u00e9l\u00e9gant bol pr\u00e9sente un design vibrant dans les tons bleus, avec un fond en mosa\u00efque qui met en valeur la figure en mouvement de la danseuse. La pi\u00e8ce, fabriqu\u00e9e artisanalement, int\u00e8gre des \u00e9l\u00e9ments d\u00e9coratifs en forme de c\u0153urs qui compl\u00e8tent son attrait visuel. Id\u00e9al pour ajouter une touche de culture andalouse \u00e0 n&rsquo;importe quel espace.<\/p>\n","protected":false},"featured_media":13470,"template":"","meta":{"_acf_changed":false},"product_brand":[],"product_cat":[521],"product_tag":[],"class_list":{"0":"post-28039","1":"product","2":"type-product","3":"status-publish","4":"has-post-thumbnail","6":"product_cat-bols","7":"pa_motivo-danseurs","9":"first","10":"instock","11":"shipping-taxable","12":"product-type-simple"},"acf":[],"_links":{"self":[{"href":"https:\/\/olemosaic.orbitalia.org\/fr\/wp-json\/wp\/v2\/product\/28039","targetHints":{"allow":["GET"]}}],"collection":[{"href":"https:\/\/olemosaic.orbitalia.org\/fr\/wp-json\/wp\/v2\/product"}],"about":[{"href":"https:\/\/olemosaic.orbitalia.org\/fr\/wp-json\/wp\/v2\/types\/product"}],"wp:featuredmedia":[{"embeddable":true,"href":"https:\/\/olemosaic.orbitalia.org\/fr\/wp-json\/wp\/v2\/media\/13470"}],"wp:attachment":[{"href":"https:\/\/olemosaic.orbitalia.org\/fr\/wp-json\/wp\/v2\/media?parent=28039"}],"wp:term":[{"taxonomy":"product_brand","embeddable":true,"href":"https:\/\/olemosaic.orbitalia.org\/fr\/wp-json\/wp\/v2\/product_brand?post=28039"},{"taxonomy":"product_cat","embeddable":true,"href":"https:\/\/olemosaic.orbitalia.org\/fr\/wp-json\/wp\/v2\/product_cat?post=28039"},{"taxonomy":"product_tag","embeddable":true,"href":"https:\/\/olemosaic.orbitalia.org\/fr\/wp-json\/wp\/v2\/product_tag?post=28039"}],"curies":[{"name":"wp","href":"https:\/\/api.w.org\/{rel}","templated":true}]}}