{"id":28036,"date":"2025-02-20T22:29:43","date_gmt":"2025-02-20T22:29:43","guid":{"rendered":"https:\/\/olemosaic.orbitalia.org\/producto\/bol-de-coco-azul-delfin-barcelona\/"},"modified":"2025-07-25T19:09:52","modified_gmt":"2025-07-25T17:09:52","slug":"bol-noix-de-coco-bleu-dauphin-barcelone","status":"publish","type":"product","link":"https:\/\/olemosaic.orbitalia.org\/fr\/produit\/bol-noix-de-coco-bleu-dauphin-barcelone\/","title":{"rendered":"Bol en noix de coco bleu. Dauphin. Barcelone."},"content":{"rendered":"<p>Ce bol en noix de coco bleu d\u00e9cor\u00e9 de dauphins est une pi\u00e8ce unique qui capture l&rsquo;esprit marin de Barcelone. Avec un bleu vibrant comme protagoniste, le bol est compl\u00e9t\u00e9 par un \u00e9l\u00e9gant fond noir qui met en valeur l&rsquo;image de deux dauphins en parfaite harmonie, entrela\u00e7ant leurs corps dans un beau design qui \u00e9voque la libert\u00e9 de l&rsquo;oc\u00e9an. La d\u00e9coration est accentu\u00e9e par de petites pi\u00e8ces en forme de c\u0153ur qui apportent une touche ludique et distinctive, faisant de ce bol un \u00e9l\u00e9ment d\u00e9coratif attrayant et fonctionnel. Il est non seulement parfait pour servir des aliments, mais il peut \u00e9galement \u00eatre utilis\u00e9 comme une \u0153uvre d&rsquo;art dans votre maison, id\u00e9al pour \u00eatre expos\u00e9 sur des \u00e9tag\u00e8res ou des tables.<\/p>\n<p>La repr\u00e9sentation des dauphins, symbole d&rsquo;amiti\u00e9 et de communication, se connecte directement \u00e0 la riche tradition maritime de Barcelone, une ville qui vit et respire cette ambiance c\u00f4ti\u00e8re. Ce bol n&rsquo;est pas seulement un souvenir repr\u00e9sentatif de Barcelone, mais un rappel de la mer M\u00e9diterran\u00e9e et de sa vie marine exub\u00e9rante. Chez Ol\u00e9 Mosaic, nous sommes sp\u00e9cialistes de la distribution de souvenirs en gros, offrant des produits authentiques qui refl\u00e8tent la culture locale. Ce bol en noix de coco bleu est une excellente option pour les boutiques de cadeaux touristiques qui cherchent \u00e0 proposer des souvenirs de qualit\u00e9 et de pertinence culturelle. En tant que grossistes de souvenirs, nous garantissons l&rsquo;authenticit\u00e9 et le design de chaque pi\u00e8ce.<\/p>\n","protected":false},"excerpt":{"rendered":"<p>Bol en noix de coco bleu d\u00e9cor\u00e9 de dauphins, \u00e9voquant l&rsquo;esprit marin de Barcelone. Ce bol frappant pr\u00e9sente un design vibrant dans les tons bleus, avec un fond noir qui rehausse l&rsquo;image de deux dauphins entrelac\u00e9s. La d\u00e9coration, avec de petites pi\u00e8ces en forme de c\u0153ur, apporte une touche ludique et distinctive. Id\u00e9al comme \u00e9l\u00e9ment d\u00e9coratif ou pour un usage quotidien, ce bol allie art et fonctionnalit\u00e9 en un seul produit.<\/p>\n","protected":false},"featured_media":10263,"template":"","meta":{"_acf_changed":false},"product_brand":[],"product_cat":[521],"product_tag":[530],"class_list":{"0":"post-28036","1":"product","2":"type-product","3":"status-publish","4":"has-post-thumbnail","6":"product_cat-bols","7":"product_tag-animaux","8":"pa_ciudad-barcelona","9":"pa_motivo-dauphins","10":"pa_pais-espana","12":"first","13":"instock","14":"shipping-taxable","15":"product-type-simple"},"acf":[],"_links":{"self":[{"href":"https:\/\/olemosaic.orbitalia.org\/fr\/wp-json\/wp\/v2\/product\/28036","targetHints":{"allow":["GET"]}}],"collection":[{"href":"https:\/\/olemosaic.orbitalia.org\/fr\/wp-json\/wp\/v2\/product"}],"about":[{"href":"https:\/\/olemosaic.orbitalia.org\/fr\/wp-json\/wp\/v2\/types\/product"}],"wp:featuredmedia":[{"embeddable":true,"href":"https:\/\/olemosaic.orbitalia.org\/fr\/wp-json\/wp\/v2\/media\/10263"}],"wp:attachment":[{"href":"https:\/\/olemosaic.orbitalia.org\/fr\/wp-json\/wp\/v2\/media?parent=28036"}],"wp:term":[{"taxonomy":"product_brand","embeddable":true,"href":"https:\/\/olemosaic.orbitalia.org\/fr\/wp-json\/wp\/v2\/product_brand?post=28036"},{"taxonomy":"product_cat","embeddable":true,"href":"https:\/\/olemosaic.orbitalia.org\/fr\/wp-json\/wp\/v2\/product_cat?post=28036"},{"taxonomy":"product_tag","embeddable":true,"href":"https:\/\/olemosaic.orbitalia.org\/fr\/wp-json\/wp\/v2\/product_tag?post=28036"}],"curies":[{"name":"wp","href":"https:\/\/api.w.org\/{rel}","templated":true}]}}