{"id":28029,"date":"2025-02-20T23:29:43","date_gmt":"2025-02-20T22:29:43","guid":{"rendered":"https:\/\/olemosaic.orbitalia.org\/producto\/bol-de-coco-azul-caballito-de-mar-gran-canaria\/"},"modified":"2025-07-25T18:52:50","modified_gmt":"2025-07-25T16:52:50","slug":"bol-en-noix-de-coco-bleu-hippocampe-grande-canarie","status":"publish","type":"product","link":"https:\/\/olemosaic.orbitalia.org\/fr\/produit\/bol-en-noix-de-coco-bleu-hippocampe-grande-canarie\/","title":{"rendered":"Bol en noix de coco bleu. Hippocampe. Grande Canarie."},"content":{"rendered":"<p>Ce bol en noix de coco bleu, d\u00e9cor\u00e9 d&rsquo;hippocampes, est une belle repr\u00e9sentation de la culture vibrante de la Grande Canarie. Fabriqu\u00e9 artisanalement, le bol se distingue par son design peint \u00e0 la main, illustrant deux hippocampes dans des tons dor\u00e9s, symbolisant la vie marine qui caract\u00e9rise cette \u00eele des Canaries. Les hippocampes, qui semblent danser \u00e0 la surface du bol, sont entour\u00e9s d&rsquo;une mosa\u00efque de c\u0153urs aux couleurs vibrantes bleu, vert, rose et jaune, cr\u00e9ant un contraste visuel captivant qui attire l&rsquo;attention sous tous les angles.<\/p>\n<p>Ce bol n&rsquo;est pas seulement une pi\u00e8ce d\u00e9corative, mais aussi un objet fonctionnel qui peut \u00eatre utilis\u00e9 pour servir des ap\u00e9ritifs ou comme \u00e9l\u00e9ment de d\u00e9coration dans n&rsquo;importe quelle maison. Son design unique et son lien avec le patrimoine maritime de la Grande Canarie en font un souvenir id\u00e9al pour les touristes \u00e0 la recherche de souvenirs authentiques et repr\u00e9sentatifs de la culture canarienne. Par son originalit\u00e9 et son artisanat, ce bol est une excellente option pour les boutiques de cadeaux touristiques qui cherchent \u00e0 offrir des souvenirs avec une histoire.<\/p>\n<p>Chez Ol\u00e9 Mosaic, nous sommes sp\u00e9cialis\u00e9s dans la distribution de souvenirs en gros, offrant des produits comme ce bol en noix de coco, qui c\u00e9l\u00e8brent la richesse culturelle et la beaut\u00e9 naturelle de l&rsquo;Espagne. En tant que grossistes de souvenirs, nous garantissons l&rsquo;authenticit\u00e9 et l&rsquo;exclusivit\u00e9 de chaque pi\u00e8ce que nous proposons.<\/p>\n","protected":false},"excerpt":{"rendered":"<p>Bol en noix de coco bleu d\u00e9cor\u00e9 de deux hippocampes, typique de la Grande Canarie. Ce bol attrayant, fabriqu\u00e9 en noix de coco, pr\u00e9sente un design artisanal peint \u00e0 la main, o\u00f9 les hippocampes se d\u00e9tachent dans des tons dor\u00e9s sur un fond clair. Les bords sont orn\u00e9s d&rsquo;une mosa\u00efque de c\u0153urs aux couleurs vibrantes bleu, vert, rose et jaune, cr\u00e9ant un beau contraste visuel. Id\u00e9al comme pi\u00e8ce d\u00e9corative ou fonctionnelle dans n&rsquo;importe quelle maison.<\/p>\n","protected":false},"featured_media":10347,"template":"","meta":{"_acf_changed":false},"product_brand":[],"product_cat":[521],"product_tag":[530],"class_list":{"0":"post-28029","1":"product","2":"type-product","3":"status-publish","4":"has-post-thumbnail","6":"product_cat-bols","7":"product_tag-animaux","8":"pa_ciudad-gran-canaria","9":"pa_motivo-hippocampes","10":"pa_pais-espana","12":"first","13":"instock","14":"shipping-taxable","15":"product-type-simple"},"acf":[],"_links":{"self":[{"href":"https:\/\/olemosaic.orbitalia.org\/fr\/wp-json\/wp\/v2\/product\/28029","targetHints":{"allow":["GET"]}}],"collection":[{"href":"https:\/\/olemosaic.orbitalia.org\/fr\/wp-json\/wp\/v2\/product"}],"about":[{"href":"https:\/\/olemosaic.orbitalia.org\/fr\/wp-json\/wp\/v2\/types\/product"}],"wp:featuredmedia":[{"embeddable":true,"href":"https:\/\/olemosaic.orbitalia.org\/fr\/wp-json\/wp\/v2\/media\/10347"}],"wp:attachment":[{"href":"https:\/\/olemosaic.orbitalia.org\/fr\/wp-json\/wp\/v2\/media?parent=28029"}],"wp:term":[{"taxonomy":"product_brand","embeddable":true,"href":"https:\/\/olemosaic.orbitalia.org\/fr\/wp-json\/wp\/v2\/product_brand?post=28029"},{"taxonomy":"product_cat","embeddable":true,"href":"https:\/\/olemosaic.orbitalia.org\/fr\/wp-json\/wp\/v2\/product_cat?post=28029"},{"taxonomy":"product_tag","embeddable":true,"href":"https:\/\/olemosaic.orbitalia.org\/fr\/wp-json\/wp\/v2\/product_tag?post=28029"}],"curies":[{"name":"wp","href":"https:\/\/api.w.org\/{rel}","templated":true}]}}