{"id":28026,"date":"2025-02-20T23:29:42","date_gmt":"2025-02-20T22:29:42","guid":{"rendered":"https:\/\/olemosaic.orbitalia.org\/producto\/bol-de-coco-azul-mano\/"},"modified":"2025-07-25T19:43:23","modified_gmt":"2025-07-25T17:43:23","slug":"bol-en-noix-de-coco-bleu-main","status":"publish","type":"product","link":"https:\/\/olemosaic.orbitalia.org\/fr\/produit\/bol-en-noix-de-coco-bleu-main\/","title":{"rendered":"Bol en noix de coco bleu. Main. Hamsa."},"content":{"rendered":"<p>Ce bol en noix de coco bleu d\u00e9cor\u00e9 \u00e0 la main est un excellent souvenir repr\u00e9sentant le riche h\u00e9ritage culturel de la r\u00e9gion. Son design vibrant, avec des nuances de bleu sur un fond clair, capture l&rsquo;essence de l&rsquo;art contemporain tout en rendant hommage aux traditions artisanales. Au centre se d\u00e9tache l&#8217;embl\u00e9matique main de Fatma, symbole de protection et de chance, dans une couleur marron sophistiqu\u00e9e qui contraste merveilleusement avec le bleu. La technique de fabrication artisanale utilis\u00e9e pour chaque pi\u00e8ce garantit que chaque bol est unique, orn\u00e9 de d\u00e9tails en mosa\u00efque qui \u00e9voquent la richesse artistique de l&rsquo;h\u00e9ritage m\u00e9diterran\u00e9en.<\/p>\n<p>En plus d&rsquo;\u00eatre un objet d\u00e9coratif, ce bol en noix de coco bleu est polyvalent et pratique, parfait pour servir des ap\u00e9ritifs ou simplement pour \u00eatre expos\u00e9 sur une \u00e9tag\u00e8re. Les touristes y trouveront un souvenir authentique qui encapsule la culture locale, ce qui en fait un cadeau id\u00e9al pour ceux qui recherchent des souvenirs de qualit\u00e9. Chez Ol\u00e9 Mosaic, en tant que grossistes de souvenirs authentiques, nous garantissons l&rsquo;authenticit\u00e9 et l&rsquo;art de chacun de nos produits, offrant une grande vari\u00e9t\u00e9 d&rsquo;articles culturels repr\u00e9sentatifs. Ce bol en noix de coco n&rsquo;est pas seulement un atout pour la maison, mais aussi un symbole tangible de la richesse culturelle qu&rsquo;offre la r\u00e9gion.<\/p>\n","protected":false},"excerpt":{"rendered":"<p>Bol en noix de coco bleu d\u00e9cor\u00e9 dans un style artisanal, id\u00e9al pour ajouter une touche culturelle \u00e0 n&rsquo;importe quel espace. Cette pi\u00e8ce pr\u00e9sente un design aux nuances bleues sur un fond clair, mettant en valeur la traditionnelle main de Fatma en couleur marron. Chaque bol est unique gr\u00e2ce \u00e0 sa fabrication artisanale, avec des d\u00e9tails en mosa\u00efque qui \u00e9voquent le riche h\u00e9ritage artistique de la r\u00e9gion. Parfait comme objet d\u00e9coratif ou pour un usage pratique.<\/p>\n","protected":false},"featured_media":13510,"template":"","meta":{"_acf_changed":false},"product_brand":[],"product_cat":[521],"product_tag":[],"class_list":{"0":"post-28026","1":"product","2":"type-product","3":"status-publish","4":"has-post-thumbnail","6":"product_cat-bols","7":"pa_motivo-mains","9":"first","10":"instock","11":"shipping-taxable","12":"product-type-simple"},"acf":[],"_links":{"self":[{"href":"https:\/\/olemosaic.orbitalia.org\/fr\/wp-json\/wp\/v2\/product\/28026","targetHints":{"allow":["GET"]}}],"collection":[{"href":"https:\/\/olemosaic.orbitalia.org\/fr\/wp-json\/wp\/v2\/product"}],"about":[{"href":"https:\/\/olemosaic.orbitalia.org\/fr\/wp-json\/wp\/v2\/types\/product"}],"wp:featuredmedia":[{"embeddable":true,"href":"https:\/\/olemosaic.orbitalia.org\/fr\/wp-json\/wp\/v2\/media\/13510"}],"wp:attachment":[{"href":"https:\/\/olemosaic.orbitalia.org\/fr\/wp-json\/wp\/v2\/media?parent=28026"}],"wp:term":[{"taxonomy":"product_brand","embeddable":true,"href":"https:\/\/olemosaic.orbitalia.org\/fr\/wp-json\/wp\/v2\/product_brand?post=28026"},{"taxonomy":"product_cat","embeddable":true,"href":"https:\/\/olemosaic.orbitalia.org\/fr\/wp-json\/wp\/v2\/product_cat?post=28026"},{"taxonomy":"product_tag","embeddable":true,"href":"https:\/\/olemosaic.orbitalia.org\/fr\/wp-json\/wp\/v2\/product_tag?post=28026"}],"curies":[{"name":"wp","href":"https:\/\/api.w.org\/{rel}","templated":true}]}}