{"id":28005,"date":"2025-02-20T23:29:42","date_gmt":"2025-02-20T22:29:42","guid":{"rendered":"https:\/\/olemosaic.orbitalia.org\/producto\/bol-de-coco-azul-caballito-de-mar-2\/"},"modified":"2025-07-25T19:45:51","modified_gmt":"2025-07-25T17:45:51","slug":"bol-noix-de-coco-bleu-hippocampe-fr","status":"publish","type":"product","link":"https:\/\/olemosaic.orbitalia.org\/fr\/produit\/bol-noix-de-coco-bleu-hippocampe-fr\/","title":{"rendered":"Bol en noix de coco bleu. Hippocampe."},"content":{"rendered":"<p>Ce bol en noix de coco bleu, avec un design tr\u00e8s sp\u00e9cial d&rsquo;hippocampe, est un v\u00e9ritable bijou d\u00e9coratif qui capture l&rsquo;essence de la M\u00e9diterran\u00e9e. Confectionn\u00e9 \u00e0 la main selon la technique ancestrale de la mosa\u00efque, ce bol se distingue par son fond bleu vibrant, repr\u00e9sentant la profondeur et la fra\u00eecheur de la mer. \u00c0 l&rsquo;int\u00e9rieur, on peut appr\u00e9cier des fragments de c\u00e9ramique dans des tons blancs qui contrastent d\u00e9licatement avec le bleu, cr\u00e9ant une esth\u00e9tique \u00e9l\u00e9gante orn\u00e9e d&rsquo;un charmant hippocampe peint en blanc au centre. Ce d\u00e9tail central souligne non seulement la singularit\u00e9 du bol, mais symbolise \u00e9galement la richesse de la vie marine des c\u00f4tes m\u00e9diterran\u00e9ennes.<\/p>\n<p>Le bord du bol est rehauss\u00e9 d&rsquo;un design qui renforce sa sophistication, en faisant un objet id\u00e9al pour embellir n&rsquo;importe quel coin de votre maison, que ce soit dans la cuisine, le salon ou dans le cadre d&rsquo;une d\u00e9coration plus large. En tant que souvenir, ce bol capture l&rsquo;essence des c\u00f4tes de la M\u00e9diterran\u00e9e, offrant un souvenir authentique et repr\u00e9sentatif de la culture locale. Chez Ol\u00e9 Mosaic, notre engagement envers l&rsquo;authenticit\u00e9 se traduit par ce bol en noix de coco bleu, qui est un cadeau parfait pour les touristes \u00e0 la recherche de souvenirs de qualit\u00e9 avec une signification culturelle. C&rsquo;est une magnifique option pour les boutiques de cadeaux touristiques souhaitant offrir des produits uniques et personnalis\u00e9s \u00e0 leurs clients. En tant que grossistes d&rsquo;articles de d\u00e9coration, nous garantissons que chaque pi\u00e8ce est un t\u00e9moignage du riche h\u00e9ritage artisanal de la r\u00e9gion.<\/p>\n","protected":false},"excerpt":{"rendered":"<p>Bol en noix de coco bleu avec un design tr\u00e8s sp\u00e9cial d&rsquo;hippocampe, id\u00e9al pour d\u00e9corer n&rsquo;importe quel coin de votre maison. Ce magnifique bol est r\u00e9alis\u00e9 avec la technique de la mosa\u00efque et pr\u00e9sente un fond bleu vibrant d\u00e9cor\u00e9 de fragments de c\u00e9ramique blancs. Au centre, un d\u00e9licat hippocampe peint en blanc se d\u00e9tache, entour\u00e9 d&rsquo;un bord \u00e9l\u00e9gant qui lui donne une touche de sophistication. Parfait comme souvenir des c\u00f4tes de la M\u00e9diterran\u00e9e.<\/p>\n","protected":false},"featured_media":10057,"template":"","meta":{"_acf_changed":false},"product_brand":[],"product_cat":[521],"product_tag":[530],"class_list":{"0":"post-28005","1":"product","2":"type-product","3":"status-publish","4":"has-post-thumbnail","6":"product_cat-bols","7":"product_tag-animaux","8":"pa_motivo-hippocampes","10":"first","11":"instock","12":"shipping-taxable","13":"product-type-simple"},"acf":[],"_links":{"self":[{"href":"https:\/\/olemosaic.orbitalia.org\/fr\/wp-json\/wp\/v2\/product\/28005","targetHints":{"allow":["GET"]}}],"collection":[{"href":"https:\/\/olemosaic.orbitalia.org\/fr\/wp-json\/wp\/v2\/product"}],"about":[{"href":"https:\/\/olemosaic.orbitalia.org\/fr\/wp-json\/wp\/v2\/types\/product"}],"wp:featuredmedia":[{"embeddable":true,"href":"https:\/\/olemosaic.orbitalia.org\/fr\/wp-json\/wp\/v2\/media\/10057"}],"wp:attachment":[{"href":"https:\/\/olemosaic.orbitalia.org\/fr\/wp-json\/wp\/v2\/media?parent=28005"}],"wp:term":[{"taxonomy":"product_brand","embeddable":true,"href":"https:\/\/olemosaic.orbitalia.org\/fr\/wp-json\/wp\/v2\/product_brand?post=28005"},{"taxonomy":"product_cat","embeddable":true,"href":"https:\/\/olemosaic.orbitalia.org\/fr\/wp-json\/wp\/v2\/product_cat?post=28005"},{"taxonomy":"product_tag","embeddable":true,"href":"https:\/\/olemosaic.orbitalia.org\/fr\/wp-json\/wp\/v2\/product_tag?post=28005"}],"curies":[{"name":"wp","href":"https:\/\/api.w.org\/{rel}","templated":true}]}}