{"id":28004,"date":"2025-02-20T23:29:42","date_gmt":"2025-02-20T22:29:42","guid":{"rendered":"https:\/\/olemosaic.orbitalia.org\/producto\/bol-de-coco-azul-mariposa-2\/"},"modified":"2025-07-25T19:51:45","modified_gmt":"2025-07-25T17:51:45","slug":"bol-noix-de-coco-bleu-papillon-fr","status":"publish","type":"product","link":"https:\/\/olemosaic.orbitalia.org\/fr\/produit\/bol-noix-de-coco-bleu-papillon-fr\/","title":{"rendered":"Bol en noix de coco bleu. Papillon."},"content":{"rendered":"<p>Ce bol en noix de coco bleu avec papillon est une \u0153uvre d&rsquo;art unique, id\u00e9ale pour ceux qui recherchent des souvenirs authentiques et repr\u00e9sentatifs de la culture artisanale. Fabriqu\u00e9 de mani\u00e8re artisanale, le bol pr\u00e9sente un charmant papillon dans des tons bruns qui se d\u00e9tache sur un \u00e9l\u00e9gant fond clair, symbolisant la transformation et la beaut\u00e9 de la nature. Sa structure en noix de coco souligne la texture naturelle du mat\u00e9riau, apportant une touche organique et rustique \u00e0 n&rsquo;importe quel espace.<\/p>\n<p>Le design vibrant du bol est compl\u00e9t\u00e9 par une d\u00e9licate mosa\u00efque de c\u0153urs aux couleurs vives qui orne la partie interne, cr\u00e9ant une harmonie visuelle qui \u00e9voque la joie et l&rsquo;amour. Les pi\u00e8ces dans des tons rose, vert, bleu et violet s&rsquo;unissent pour former un motif captivant, rendant chaque bol v\u00e9ritablement unique.<\/p>\n<p>Ce bol n&rsquo;est pas seulement un \u00e9l\u00e9ment d\u00e9coratif, mais aussi une pi\u00e8ce fonctionnelle qui peut \u00eatre utilis\u00e9e dans n&rsquo;importe quel coin de la maison, de la cuisine au salon. Sa connexion culturelle avec l&rsquo;art de la mosa\u00efque et la tradition de l&rsquo;artisanat en fait un cadeau significatif pour les touristes souhaitant emporter un morceau de la culture locale. Chez Ol\u00e9 Mosaic, nous sommes des distributeurs de souvenirs en gros, et ce bol en noix de coco bleu avec papillon repr\u00e9sente une excellente option pour les boutiques de cadeaux touristiques cherchant \u00e0 offrir des produits authentiques et de qualit\u00e9.<\/p>\n","protected":false},"excerpt":{"rendered":"<p>Bol en noix de coco bleu avec un motif de papillon, orn\u00e9 de mosa\u00efques color\u00e9es en forme de c\u0153ur. Cet article, fabriqu\u00e9 de mani\u00e8re artisanale, pr\u00e9sente une structure en noix de coco qui souligne la texture naturelle du mat\u00e9riau. L&rsquo;\u00e9l\u00e9gance du papillon dans les tons bruns contraste avec le fond clair et les couleurs vives des mosa\u00efques, cr\u00e9ant une pi\u00e8ce d\u00e9corative et fonctionnelle, id\u00e9ale pour n&rsquo;importe quel coin de la maison. \u00c9voque la beaut\u00e9 de la nature et l&rsquo;art traditionnel.<\/p>\n","protected":false},"featured_media":13474,"template":"","meta":{"_acf_changed":false},"product_brand":[],"product_cat":[521],"product_tag":[530],"class_list":{"0":"post-28004","1":"product","2":"type-product","3":"status-publish","4":"has-post-thumbnail","6":"product_cat-bols","7":"product_tag-animaux","8":"pa_motivo-papillons","10":"first","11":"instock","12":"shipping-taxable","13":"product-type-simple"},"acf":[],"_links":{"self":[{"href":"https:\/\/olemosaic.orbitalia.org\/fr\/wp-json\/wp\/v2\/product\/28004","targetHints":{"allow":["GET"]}}],"collection":[{"href":"https:\/\/olemosaic.orbitalia.org\/fr\/wp-json\/wp\/v2\/product"}],"about":[{"href":"https:\/\/olemosaic.orbitalia.org\/fr\/wp-json\/wp\/v2\/types\/product"}],"wp:featuredmedia":[{"embeddable":true,"href":"https:\/\/olemosaic.orbitalia.org\/fr\/wp-json\/wp\/v2\/media\/13474"}],"wp:attachment":[{"href":"https:\/\/olemosaic.orbitalia.org\/fr\/wp-json\/wp\/v2\/media?parent=28004"}],"wp:term":[{"taxonomy":"product_brand","embeddable":true,"href":"https:\/\/olemosaic.orbitalia.org\/fr\/wp-json\/wp\/v2\/product_brand?post=28004"},{"taxonomy":"product_cat","embeddable":true,"href":"https:\/\/olemosaic.orbitalia.org\/fr\/wp-json\/wp\/v2\/product_cat?post=28004"},{"taxonomy":"product_tag","embeddable":true,"href":"https:\/\/olemosaic.orbitalia.org\/fr\/wp-json\/wp\/v2\/product_tag?post=28004"}],"curies":[{"name":"wp","href":"https:\/\/api.w.org\/{rel}","templated":true}]}}