{"id":28001,"date":"2025-02-20T23:29:42","date_gmt":"2025-02-20T22:29:42","guid":{"rendered":"https:\/\/olemosaic.orbitalia.org\/producto\/bol-de-coco-azul-sardina\/"},"modified":"2025-07-25T18:37:45","modified_gmt":"2025-07-25T16:37:45","slug":"bol-noix-de-coco-bleu-sardine-portugal","status":"publish","type":"product","link":"https:\/\/olemosaic.orbitalia.org\/fr\/produit\/bol-noix-de-coco-bleu-sardine-portugal\/","title":{"rendered":"Bol en noix de coco bleu. Sardine. Portugal"},"content":{"rendered":"<p>Ce bol en noix de coco bleu avec un motif de sardine est une pi\u00e8ce unique qui capture l&rsquo;essence de l&rsquo;esprit marin du Portugal. Fabriqu\u00e9 \u00e0 partir d&rsquo;une v\u00e9ritable coque de noix de coco, son fond bleu vibrant \u00e9voque les eaux de l&rsquo;Atlantique, orn\u00e9 d&rsquo;un charmant motif en mosa\u00efque qui simule la riche tradition artistique du pays. Au centre se d\u00e9tache une sardine stylis\u00e9e, un \u00e9l\u00e9ment iconique repr\u00e9sentant l&rsquo;important h\u00e9ritage de la p\u00eache au Portugal, compl\u00e9t\u00e9 par le mot \u00ab\u00a0PORTUGAL\u00a0\u00bb estampill\u00e9 en lettres claires, ce qui ajoute une touche distinctive \u00e0 cette \u0153uvre. Ce bol ne sert pas seulement d&rsquo;\u00e9l\u00e9ment d\u00e9coratif, il est \u00e9galement fonctionnel, id\u00e9al pour un usage quotidien dans la cuisine ou la salle \u00e0 manger. Son design fusionne la tradition culturelle avec le charme contemporain, en faisant un excellent souvenir de la c\u00f4te portugaise et de ses traditions.<\/p>\n<p>Les souvenirs de ce type sont parfaits pour les touristes qui cherchent \u00e0 ramener chez eux un morceau de la culture locale. Chez Ol\u00e9 Mosaic, nous nous sp\u00e9cialisons dans la distribution de souvenirs en gros, offrant des produits authentiques qui ne sont pas seulement esth\u00e9tiques, mais qui transmettent \u00e9galement un sens culturel profond. Ce bol en noix de coco bleu est une option id\u00e9ale pour les boutiques de cadeaux touristiques qui souhaitent offrir \u00e0 leurs clients un souvenir significatif et repr\u00e9sentatif du riche patrimoine du Portugal. En tant que grossistes de souvenirs, nous garantissons la qualit\u00e9 et l&rsquo;authenticit\u00e9 de chaque produit.<\/p>\n","protected":false},"excerpt":{"rendered":"<p>Bol en noix de coco bleu avec un motif de sardine, repr\u00e9sentant l&rsquo;esprit marin du Portugal. Fabriqu\u00e9 en noix de coco, ce bol pr\u00e9sente un fond bleu vibrant orn\u00e9 d&rsquo;un motif de mosa\u00efques et d&rsquo;une sardine stylis\u00e9e au centre. Le mot \u00ab\u00a0PORTUGAL\u00a0\u00bb est imprim\u00e9 en lettres claires, compl\u00e9tant le design. Id\u00e9al tant pour la d\u00e9coration que pour un usage quotidien, il combine tradition et charme culturel, \u00e9voquant le riche h\u00e9ritage de la p\u00eache du pays.<\/p>\n","protected":false},"featured_media":11979,"template":"","meta":{"_acf_changed":false},"product_brand":[],"product_cat":[521],"product_tag":[530],"class_list":{"0":"post-28001","1":"product","2":"type-product","3":"status-publish","4":"has-post-thumbnail","6":"product_cat-bols","7":"product_tag-animaux","8":"pa_motivo-sardines","9":"pa_pais-portugal","11":"first","12":"instock","13":"shipping-taxable","14":"product-type-simple"},"acf":[],"_links":{"self":[{"href":"https:\/\/olemosaic.orbitalia.org\/fr\/wp-json\/wp\/v2\/product\/28001","targetHints":{"allow":["GET"]}}],"collection":[{"href":"https:\/\/olemosaic.orbitalia.org\/fr\/wp-json\/wp\/v2\/product"}],"about":[{"href":"https:\/\/olemosaic.orbitalia.org\/fr\/wp-json\/wp\/v2\/types\/product"}],"wp:featuredmedia":[{"embeddable":true,"href":"https:\/\/olemosaic.orbitalia.org\/fr\/wp-json\/wp\/v2\/media\/11979"}],"wp:attachment":[{"href":"https:\/\/olemosaic.orbitalia.org\/fr\/wp-json\/wp\/v2\/media?parent=28001"}],"wp:term":[{"taxonomy":"product_brand","embeddable":true,"href":"https:\/\/olemosaic.orbitalia.org\/fr\/wp-json\/wp\/v2\/product_brand?post=28001"},{"taxonomy":"product_cat","embeddable":true,"href":"https:\/\/olemosaic.orbitalia.org\/fr\/wp-json\/wp\/v2\/product_cat?post=28001"},{"taxonomy":"product_tag","embeddable":true,"href":"https:\/\/olemosaic.orbitalia.org\/fr\/wp-json\/wp\/v2\/product_tag?post=28001"}],"curies":[{"name":"wp","href":"https:\/\/api.w.org\/{rel}","templated":true}]}}