{"id":28000,"date":"2025-02-20T23:29:41","date_gmt":"2025-02-20T22:29:41","guid":{"rendered":"https:\/\/olemosaic.orbitalia.org\/producto\/bol-de-coco-azul-mariposa\/"},"modified":"2025-07-25T19:19:14","modified_gmt":"2025-07-25T17:19:14","slug":"bol-noix-de-coco-bleu-papillon","status":"publish","type":"product","link":"https:\/\/olemosaic.orbitalia.org\/fr\/produit\/bol-noix-de-coco-bleu-papillon\/","title":{"rendered":"Bol en noix de coco bleu. Papillon. Dor\u00e9 et bleu."},"content":{"rendered":"<p>Ce bol en noix de coco bleu avec un design de papillon est une authentique pi\u00e8ce d&rsquo;artisanat qui refl\u00e8te la beaut\u00e9 et la richesse culturelle de l&rsquo;art traditionnel. \u00c9labor\u00e9 m\u00e9ticuleusement \u00e0 la main, ce bol \u00e9l\u00e9gant combine des tons dor\u00e9s et bleus dans sa finition, cr\u00e9ant un effet visuel spectaculaire qui capture la lumi\u00e8re et l&rsquo;attention de celui qui le contemple. Le motif central d&rsquo;un papillon, symbolisant la transformation et la libert\u00e9, est subtilement int\u00e9gr\u00e9 \u00e0 l&rsquo;int\u00e9rieur du bol, se d\u00e9tachant sur un fond orn\u00e9 de motifs complexes \u00e9voquant la fra\u00eecheur de la nature.<\/p>\n<p>Chaque bol est unique, car sa peinture \u00e0 la main garantit que chaque d\u00e9tail, des nuances de couleur \u00e0 la texture, soit singulier. Ce souvenir, caract\u00e9ristique de la tradition artisanale, ne sert pas seulement d&rsquo;\u00e9l\u00e9ment d\u00e9coratif dans la maison, mais peut aussi \u00eatre un cadeau authentique renfermant l&rsquo;essence du lieu d&rsquo;origine. Id\u00e9al pour les touristes cherchant un souvenir repr\u00e9sentatif de leur voyage, ce bol capture l&rsquo;essence de la culture locale et la transforme en un pr\u00e9sent m\u00e9morable.<\/p>\n<p>Chez Ol\u00e9 Mosaic, nous nous sp\u00e9cialisons dans la distribution de souvenirs en gros, offrant des produits authentiques qui se distinguent par leur qualit\u00e9 et leur design. Ce bol en noix de coco bleu est une excellente option pour les boutiques de cadeaux touristiques souhaitant proposer des articles uniques et repr\u00e9sentatifs, garantissant ainsi la satisfaction de leurs clients avec un souvenir authentique.<\/p>\n","protected":false},"excerpt":{"rendered":"<p>Bol en noix de coco bleu avec un design de papillon, \u00e9labor\u00e9 de mani\u00e8re artisanale. Ce bol \u00e9l\u00e9gant pr\u00e9sente une finition au design artisanal, peint \u00e0 la main, qui combine des tons dor\u00e9s et bleus, cr\u00e9ant un effet visuel distinctif. Le motif d&rsquo;un papillon est subtilement int\u00e9gr\u00e9 \u00e0 l&rsquo;int\u00e9rieur, se d\u00e9tachant sur un fond d\u00e9cor\u00e9 de motifs complexes \u00e9voquant la beaut\u00e9 de la nature. Id\u00e9al pour d\u00e9corer ou comme cadeau authentique, ce bol capture l&rsquo;essence de l&rsquo;art traditionnel.<\/p>\n","protected":false},"featured_media":13421,"template":"","meta":{"_acf_changed":false},"product_brand":[],"product_cat":[521],"product_tag":[530],"class_list":{"0":"post-28000","1":"product","2":"type-product","3":"status-publish","4":"has-post-thumbnail","6":"product_cat-bols","7":"product_tag-animaux","8":"pa_motivo-papillons","10":"first","11":"instock","12":"shipping-taxable","13":"product-type-simple"},"acf":[],"_links":{"self":[{"href":"https:\/\/olemosaic.orbitalia.org\/fr\/wp-json\/wp\/v2\/product\/28000","targetHints":{"allow":["GET"]}}],"collection":[{"href":"https:\/\/olemosaic.orbitalia.org\/fr\/wp-json\/wp\/v2\/product"}],"about":[{"href":"https:\/\/olemosaic.orbitalia.org\/fr\/wp-json\/wp\/v2\/types\/product"}],"wp:featuredmedia":[{"embeddable":true,"href":"https:\/\/olemosaic.orbitalia.org\/fr\/wp-json\/wp\/v2\/media\/13421"}],"wp:attachment":[{"href":"https:\/\/olemosaic.orbitalia.org\/fr\/wp-json\/wp\/v2\/media?parent=28000"}],"wp:term":[{"taxonomy":"product_brand","embeddable":true,"href":"https:\/\/olemosaic.orbitalia.org\/fr\/wp-json\/wp\/v2\/product_brand?post=28000"},{"taxonomy":"product_cat","embeddable":true,"href":"https:\/\/olemosaic.orbitalia.org\/fr\/wp-json\/wp\/v2\/product_cat?post=28000"},{"taxonomy":"product_tag","embeddable":true,"href":"https:\/\/olemosaic.orbitalia.org\/fr\/wp-json\/wp\/v2\/product_tag?post=28000"}],"curies":[{"name":"wp","href":"https:\/\/api.w.org\/{rel}","templated":true}]}}