{"id":27996,"date":"2025-02-20T23:29:41","date_gmt":"2025-02-20T22:29:41","guid":{"rendered":"https:\/\/olemosaic.orbitalia.org\/producto\/bol-de-coco-amarillo-tortuga-gran-canaria\/"},"modified":"2025-07-25T18:49:54","modified_gmt":"2025-07-25T16:49:54","slug":"bol-noix-de-coco-jaune-tortue-gran-canaria","status":"publish","type":"product","link":"https:\/\/olemosaic.orbitalia.org\/fr\/produit\/bol-noix-de-coco-jaune-tortue-gran-canaria\/","title":{"rendered":"Bol en noix de coco jaune. Tortue. Gran Canaria."},"content":{"rendered":"<p>Ce bol en noix de coco jaune, d\u00e9cor\u00e9 d&rsquo;une adorable tortue, est un authentique souvenir qui capture la beaut\u00e9 naturelle de Gran Canaria. Son design peint \u00e0 la main souligne la vivacit\u00e9 des couleurs, avec un fond jaune vibrant \u00e9voquant le soleil et les plages de l&rsquo;\u00eele. La tortue, symbole de la vie marine canarienne, est minutieusement \u00e9labor\u00e9e et centr\u00e9e sur le bol, \u00e0 c\u00f4t\u00e9 de l&rsquo;inscription \u00ab\u00a0GRAN CANARIA\u00a0\u00bb, qui souligne son lien avec cette merveilleuse r\u00e9gion. Les d\u00e9tails dor\u00e9s et les c\u0153urs qui encadrent la sc\u00e8ne ajoutent une touche sp\u00e9ciale et joyeuse, apportant un charme suppl\u00e9mentaire \u00e0 cette pi\u00e8ce d\u00e9corative.<\/p>\n<p>Ce bol n&rsquo;est pas seulement id\u00e9al pour servir des ap\u00e9ritifs, il fonctionne \u00e9galement comme un \u00e9l\u00e9ment d\u00e9coratif remarquable qui apportera un morceau de Gran Canaria dans n&rsquo;importe quel foyer. Son authenticit\u00e9 et son style artisanal en font un r\u00e9cit visuel de la culture canarienne, id\u00e9al pour les touristes cherchant un souvenir significatif de leur visite. Chez Ol\u00e9 Mosaic, nous distribuons ce souvenir et d&rsquo;autres de qualit\u00e9 en gros, parfaits pour les boutiques de cadeaux touristiques. Avec ce bol en noix de coco jaune, chaque client pourra offrir \u00e0 ses visiteurs un morceau de l&rsquo;essence de l&rsquo;esprit canarien.<\/p>\n","protected":false},"excerpt":{"rendered":"<p>Bol en noix de coco de couleur jaune, d\u00e9cor\u00e9 d&rsquo;une sympathique tortue repr\u00e9sentant la beaut\u00e9 naturelle de Gran Canaria. Ce bol unique, fabriqu\u00e9 en noix de coco, pr\u00e9sente un design artisanal, peint \u00e0 la main, avec des d\u00e9tails dor\u00e9s, des sous-titres et des c\u0153urs encadrant la sc\u00e8ne. Id\u00e9al pour servir des ap\u00e9ritifs ou comme pi\u00e8ce d\u00e9corative, il \u00e9voque l&rsquo;essence du charme canarien, faisant de ce bol un authentique souvenir de la r\u00e9gion.<\/p>\n","protected":false},"featured_media":10273,"template":"","meta":{"_acf_changed":false},"product_brand":[],"product_cat":[521],"product_tag":[530],"class_list":{"0":"post-27996","1":"product","2":"type-product","3":"status-publish","4":"has-post-thumbnail","6":"product_cat-bols","7":"product_tag-animaux","8":"pa_ciudad-gran-canaria","9":"pa_motivo-tortues","10":"pa_pais-espana","12":"first","13":"instock","14":"shipping-taxable","15":"product-type-simple"},"acf":[],"_links":{"self":[{"href":"https:\/\/olemosaic.orbitalia.org\/fr\/wp-json\/wp\/v2\/product\/27996","targetHints":{"allow":["GET"]}}],"collection":[{"href":"https:\/\/olemosaic.orbitalia.org\/fr\/wp-json\/wp\/v2\/product"}],"about":[{"href":"https:\/\/olemosaic.orbitalia.org\/fr\/wp-json\/wp\/v2\/types\/product"}],"wp:featuredmedia":[{"embeddable":true,"href":"https:\/\/olemosaic.orbitalia.org\/fr\/wp-json\/wp\/v2\/media\/10273"}],"wp:attachment":[{"href":"https:\/\/olemosaic.orbitalia.org\/fr\/wp-json\/wp\/v2\/media?parent=27996"}],"wp:term":[{"taxonomy":"product_brand","embeddable":true,"href":"https:\/\/olemosaic.orbitalia.org\/fr\/wp-json\/wp\/v2\/product_brand?post=27996"},{"taxonomy":"product_cat","embeddable":true,"href":"https:\/\/olemosaic.orbitalia.org\/fr\/wp-json\/wp\/v2\/product_cat?post=27996"},{"taxonomy":"product_tag","embeddable":true,"href":"https:\/\/olemosaic.orbitalia.org\/fr\/wp-json\/wp\/v2\/product_tag?post=27996"}],"curies":[{"name":"wp","href":"https:\/\/api.w.org\/{rel}","templated":true}]}}