{"id":27990,"date":"2025-02-20T22:29:40","date_gmt":"2025-02-20T22:29:40","guid":{"rendered":"https:\/\/olemosaic.orbitalia.org\/producto\/bol-de-coco-amarillo-delfin-mallorca\/"},"modified":"2025-07-25T20:15:21","modified_gmt":"2025-07-25T18:15:21","slug":"bol-noix-de-coco-jaune-dauphin-majorque","status":"publish","type":"product","link":"https:\/\/olemosaic.orbitalia.org\/fr\/produit\/bol-noix-de-coco-jaune-dauphin-majorque\/","title":{"rendered":"Bol en noix de coco jaune. Dauphin. Majorque."},"content":{"rendered":"<p>Ce bol en noix de coco jaune, orn\u00e9 d&rsquo;un \u00e9l\u00e9gant dauphin, est un souvenir exceptionnel qui refl\u00e8te la beaut\u00e9 naturelle de Majorque. Fabriqu\u00e9 artisanalement \u00e0 partir de coque de noix de coco, il se distingue par sa couleur jaune vibrante, qui capture la lumi\u00e8re et ajoute une touche chaleureuse \u00e0 n&rsquo;importe quel espace. La figure centrale du dauphin, dans un ton jaune vif attrayant, symbolise la riche vie marine de l&rsquo;\u00eele, tandis que son design est encadr\u00e9 par de d\u00e9licats c\u0153urs qui apportent un air romantique et joyeux.<\/p>\n<p>Le contraste entre le fond marron de la coque de noix de coco et les d\u00e9tails dor\u00e9s conf\u00e8re au bol une finition lumineuse et attrayante, en faisant une pi\u00e8ce d\u00e9corative id\u00e9ale pour n&rsquo;importe quel foyer. Chaque bol est unique, ce qui souligne son authenticit\u00e9 en tant que souvenir repr\u00e9sentatif de Majorque. Ce produit n&rsquo;est pas seulement un bel objet d\u00e9coratif, mais il c\u00e9l\u00e8bre \u00e9galement la connexion culturelle de l&rsquo;\u00eele avec la mer et ses habitants.<\/p>\n<p>Chez Ol\u00e9 Mosaic, nous nous sp\u00e9cialisons dans la distribution de souvenirs en gros, proposant ce bol en noix de coco jaune comme une option parfaite pour les boutiques de cadeaux touristiques qui recherchent des produits authentiques et pleins de sens culturel. C&rsquo;est un cadeau id\u00e9al pour les touristes qui souhaitent emporter un morceau de la Majorque magique.<\/p>\n","protected":false},"excerpt":{"rendered":"<p>Bol en noix de coco jaune d\u00e9cor\u00e9 d&rsquo;un \u00e9l\u00e9gant dauphin, repr\u00e9sentant la beaut\u00e9 marine de Majorque. Ce bol artisanal, \u00e9labor\u00e9 \u00e0 partir de coque de noix de coco, pr\u00e9sente un design charmant avec des d\u00e9tails dans les tons jaunes et dor\u00e9s, rehauss\u00e9s par des c\u0153urs qui encadrent la figure centrale. Le dauphin, symbole de l&rsquo;\u00eele, se d\u00e9tache dans un jaune vibrant qui contraste avec le fond marron, en faisant un souvenir attrayant de la c\u00f4te bal\u00e9are.<\/p>\n","protected":false},"featured_media":10257,"template":"","meta":{"_acf_changed":false},"product_brand":[],"product_cat":[521],"product_tag":[530],"class_list":{"0":"post-27990","1":"product","2":"type-product","3":"status-publish","4":"has-post-thumbnail","6":"product_cat-bols","7":"product_tag-animaux","8":"pa_ciudad-mallorca","9":"pa_motivo-dauphins","10":"pa_pais-espana","12":"first","13":"instock","14":"shipping-taxable","15":"product-type-simple"},"acf":[],"_links":{"self":[{"href":"https:\/\/olemosaic.orbitalia.org\/fr\/wp-json\/wp\/v2\/product\/27990","targetHints":{"allow":["GET"]}}],"collection":[{"href":"https:\/\/olemosaic.orbitalia.org\/fr\/wp-json\/wp\/v2\/product"}],"about":[{"href":"https:\/\/olemosaic.orbitalia.org\/fr\/wp-json\/wp\/v2\/types\/product"}],"wp:featuredmedia":[{"embeddable":true,"href":"https:\/\/olemosaic.orbitalia.org\/fr\/wp-json\/wp\/v2\/media\/10257"}],"wp:attachment":[{"href":"https:\/\/olemosaic.orbitalia.org\/fr\/wp-json\/wp\/v2\/media?parent=27990"}],"wp:term":[{"taxonomy":"product_brand","embeddable":true,"href":"https:\/\/olemosaic.orbitalia.org\/fr\/wp-json\/wp\/v2\/product_brand?post=27990"},{"taxonomy":"product_cat","embeddable":true,"href":"https:\/\/olemosaic.orbitalia.org\/fr\/wp-json\/wp\/v2\/product_cat?post=27990"},{"taxonomy":"product_tag","embeddable":true,"href":"https:\/\/olemosaic.orbitalia.org\/fr\/wp-json\/wp\/v2\/product_tag?post=27990"}],"curies":[{"name":"wp","href":"https:\/\/api.w.org\/{rel}","templated":true}]}}