{"id":27988,"date":"2025-02-20T23:29:40","date_gmt":"2025-02-20T22:29:40","guid":{"rendered":"https:\/\/olemosaic.orbitalia.org\/producto\/bol-de-coco-amarillo-camino-de-santiago\/"},"modified":"2025-07-25T18:45:33","modified_gmt":"2025-07-25T16:45:33","slug":"bol-noix-de-coco-jaune-chemin-de-compostelle","status":"publish","type":"product","link":"https:\/\/olemosaic.orbitalia.org\/fr\/produit\/bol-noix-de-coco-jaune-chemin-de-compostelle\/","title":{"rendered":"Bol en noix de coco jaune. Chemin de Compostelle."},"content":{"rendered":"<p>Ce bol en noix de coco jaune, inspir\u00e9 du Chemin de Compostelle, est un souvenir exceptionnel qui capture l&rsquo;essence de cette route de p\u00e8lerinage embl\u00e9matique. Son motif peint \u00e0 la main met en valeur la c\u00e9l\u00e8bre coquille du p\u00e8lerin, un symbole iconique repr\u00e9sentant la foi et le voyage spirituel vers Saint-Jacques-de-Compostelle. Avec des couleurs vibrantes variant entre les tons de jaune et de marron, le bol pr\u00e9sente une finition brillante qui, en plus d&rsquo;\u00eatre d\u00e9corative, en fait un objet fonctionnel id\u00e9al pour un usage quotidien.<\/p>\n<p>Autour du bord, de petits c\u0153urs dessin\u00e9s avec pr\u00e9cision apportent une touche distinctive et romantique au design. \u00c0 la base du bol, l&rsquo;inscription \u00ab Camino de Santiago \u00bb nous rappelle l&rsquo;importance de cette travers\u00e9e historique et culturelle. Ce bol est plus qu&rsquo;un simple souvenir ; c&rsquo;est une repr\u00e9sentation artistique qui c\u00e9l\u00e8bre la tradition du p\u00e8lerinage, connectant les voyageurs \u00e0 leur h\u00e9ritage culturel et spirituel.<\/p>\n<p>Chez Ol\u00e9 Mosaic, nous sommes distributeurs de souvenirs en gros et ce bol en noix de coco jaune est une option parfaite pour les boutiques de cadeaux touristiques qui recherchent des produits authentiques et repr\u00e9sentatifs. Ce n&rsquo;est pas seulement un hommage \u00e0 l&rsquo;une des routes les plus reconnues d&rsquo;Espagne, mais aussi un cadeau significatif qui \u00e9voquera de beaux souvenirs du Chemin de Compostelle.<\/p>\n","protected":false},"excerpt":{"rendered":"<p>Bol en noix de coco jaune inspir\u00e9 du Chemin de Compostelle, id\u00e9al comme souvenir. Ce bol exceptionnel pr\u00e9sente un design artisanal, peint \u00e0 la main, qui met en valeur la c\u00e9l\u00e8bre coquille du p\u00e8lerin dans des couleurs vibrantes, avec l&rsquo;inscription \u00ab Camino de Santiago \u00bb \u00e0 sa base. Le bord est d\u00e9cor\u00e9 de petits c\u0153urs, ajoutant une touche distinctive. Sa finition brillante et ses tons jaunes et marrons font de ce bol une pi\u00e8ce d\u00e9corative et fonctionnelle, parfaite pour se souvenir de la route spirituelle.<\/p>\n","protected":false},"featured_media":10209,"template":"","meta":{"_acf_changed":false},"product_brand":[],"product_cat":[521],"product_tag":[],"class_list":{"0":"post-27988","1":"product","2":"type-product","3":"status-publish","4":"has-post-thumbnail","6":"product_cat-bols","7":"pa_motivo-chemin-saint-jacques","9":"first","10":"instock","11":"shipping-taxable","12":"product-type-simple"},"acf":[],"_links":{"self":[{"href":"https:\/\/olemosaic.orbitalia.org\/fr\/wp-json\/wp\/v2\/product\/27988","targetHints":{"allow":["GET"]}}],"collection":[{"href":"https:\/\/olemosaic.orbitalia.org\/fr\/wp-json\/wp\/v2\/product"}],"about":[{"href":"https:\/\/olemosaic.orbitalia.org\/fr\/wp-json\/wp\/v2\/types\/product"}],"wp:featuredmedia":[{"embeddable":true,"href":"https:\/\/olemosaic.orbitalia.org\/fr\/wp-json\/wp\/v2\/media\/10209"}],"wp:attachment":[{"href":"https:\/\/olemosaic.orbitalia.org\/fr\/wp-json\/wp\/v2\/media?parent=27988"}],"wp:term":[{"taxonomy":"product_brand","embeddable":true,"href":"https:\/\/olemosaic.orbitalia.org\/fr\/wp-json\/wp\/v2\/product_brand?post=27988"},{"taxonomy":"product_cat","embeddable":true,"href":"https:\/\/olemosaic.orbitalia.org\/fr\/wp-json\/wp\/v2\/product_cat?post=27988"},{"taxonomy":"product_tag","embeddable":true,"href":"https:\/\/olemosaic.orbitalia.org\/fr\/wp-json\/wp\/v2\/product_tag?post=27988"}],"curies":[{"name":"wp","href":"https:\/\/api.w.org\/{rel}","templated":true}]}}