{"id":27974,"date":"2025-02-20T23:29:40","date_gmt":"2025-02-20T22:29:40","guid":{"rendered":"https:\/\/olemosaic.orbitalia.org\/producto\/bol-de-coco-amarillo-abanico\/"},"modified":"2025-07-25T19:52:18","modified_gmt":"2025-07-25T17:52:18","slug":"bol-noix-de-coco-jaune-eventail","status":"publish","type":"product","link":"https:\/\/olemosaic.orbitalia.org\/fr\/produit\/bol-noix-de-coco-jaune-eventail\/","title":{"rendered":"Bol en noix de coco jaune. \u00c9ventail."},"content":{"rendered":"<p>Ce bol en noix de coco jaune est une pi\u00e8ce artisanale culturellement riche qui capture l&rsquo;essence vibrante du folklore espagnol. Avec un fond noir qui fait ressortir ses d\u00e9tails dor\u00e9s, ce bol pr\u00e9sente un \u00e9l\u00e9gant motif d&rsquo;\u00e9ventail au centre, entour\u00e9 de charmants c\u0153urs et d&rsquo;\u00e9l\u00e9ments d\u00e9coratifs qui ajoutent une touche festive et attrayante. L&rsquo;artisanat que renferme chaque bol est \u00e9vident, car chaque pi\u00e8ce semble \u00eatre peinte \u00e0 la main, refl\u00e9tant le d\u00e9vouement et la ma\u00eetrise des artisans locaux.<\/p>\n<p>Le design color\u00e9 et audacieux n&rsquo;en fait pas seulement un article d\u00e9coratif, mais aussi un souvenir repr\u00e9sentatif de l&rsquo;Espagne, id\u00e9al pour ceux qui recherchent des souvenirs authentiques qui encapsulent la richesse culturelle du pays. Ce bol est parfait pour orner n&rsquo;importe quel espace, apportant une touche artistique et un air de c\u00e9l\u00e9bration qui rappelle les traditions espagnoles.<\/p>\n<p>Chez Ol\u00e9 Mosaic, en tant que distributeurs de souvenirs en gros, nous proposons des produits qui font la diff\u00e9rence. Ce bol en noix de coco jaune n&rsquo;est pas seulement une option d\u00e9corative, mais aussi une excellente id\u00e9e pour les touristes et les boutiques de cadeaux touristiques cherchant \u00e0 refl\u00e9ter l&rsquo;authenticit\u00e9 et la cr\u00e9ativit\u00e9 de l&rsquo;art espagnol. Avec son design unique et sa valeur culturelle, c&rsquo;est un compl\u00e9ment id\u00e9al pour ceux qui souhaitent ramener un morceau de la culture espagnole chez eux.<\/p>\n","protected":false},"excerpt":{"rendered":"<p>Bol en noix de coco jaune avec un design \u00e9l\u00e9gant combinant un fond noir avec des d\u00e9tails dor\u00e9s. Ce produit artisanal pr\u00e9sente un motif d&rsquo;\u00e9ventail au centre, entour\u00e9 de c\u0153urs et d&rsquo;\u00e9l\u00e9ments d\u00e9coratifs, le tout dans un style vibrant et attrayant. Fabriqu\u00e9 en noix de coco, chaque bol a un design artisanal, peint \u00e0 la main, lo qui rehausse la ma\u00eetrise de sa cr\u00e9ation. Id\u00e9al pour ajouter une touche artistique \u00e0 n&rsquo;importe quel espace, \u00e9voquant la richesse du folklore espagnol.<\/p>\n","protected":false},"featured_media":10193,"template":"","meta":{"_acf_changed":false},"product_brand":[],"product_cat":[521],"product_tag":[],"class_list":{"0":"post-27974","1":"product","2":"type-product","3":"status-publish","4":"has-post-thumbnail","6":"product_cat-bols","8":"first","9":"instock","10":"shipping-taxable","11":"product-type-simple"},"acf":[],"_links":{"self":[{"href":"https:\/\/olemosaic.orbitalia.org\/fr\/wp-json\/wp\/v2\/product\/27974","targetHints":{"allow":["GET"]}}],"collection":[{"href":"https:\/\/olemosaic.orbitalia.org\/fr\/wp-json\/wp\/v2\/product"}],"about":[{"href":"https:\/\/olemosaic.orbitalia.org\/fr\/wp-json\/wp\/v2\/types\/product"}],"wp:featuredmedia":[{"embeddable":true,"href":"https:\/\/olemosaic.orbitalia.org\/fr\/wp-json\/wp\/v2\/media\/10193"}],"wp:attachment":[{"href":"https:\/\/olemosaic.orbitalia.org\/fr\/wp-json\/wp\/v2\/media?parent=27974"}],"wp:term":[{"taxonomy":"product_brand","embeddable":true,"href":"https:\/\/olemosaic.orbitalia.org\/fr\/wp-json\/wp\/v2\/product_brand?post=27974"},{"taxonomy":"product_cat","embeddable":true,"href":"https:\/\/olemosaic.orbitalia.org\/fr\/wp-json\/wp\/v2\/product_cat?post=27974"},{"taxonomy":"product_tag","embeddable":true,"href":"https:\/\/olemosaic.orbitalia.org\/fr\/wp-json\/wp\/v2\/product_tag?post=27974"}],"curies":[{"name":"wp","href":"https:\/\/api.w.org\/{rel}","templated":true}]}}