{"id":27973,"date":"2025-02-20T22:29:40","date_gmt":"2025-02-20T22:29:40","guid":{"rendered":"https:\/\/olemosaic.orbitalia.org\/producto\/bol-de-coco-amarillo-caballito-de-mar-gran-canaria\/"},"modified":"2025-07-25T19:01:52","modified_gmt":"2025-07-25T17:01:52","slug":"bol-noix-de-coco-jaune-hippocampe-grande-canarie","status":"publish","type":"product","link":"https:\/\/olemosaic.orbitalia.org\/fr\/produit\/bol-noix-de-coco-jaune-hippocampe-grande-canarie\/","title":{"rendered":"Bol en noix de coco jaune. Hippocampe. Grande Canarie."},"content":{"rendered":"<p>Ce bol en noix de coco jaune est une repr\u00e9sentation exquise de la beaut\u00e9 marine de Grande Canarie, un v\u00e9ritable bijou artisanal qui captivera ceux qui recherchent des souvenirs m\u00e9morables. \u00c9labor\u00e9 m\u00e9ticuleusement \u00e0 la main, le bol pr\u00e9sente deux \u00e9l\u00e9gants hippocampes d&rsquo;une couleur dor\u00e9e sophistiqu\u00e9e, symbolisant la riche vie marine qui entoure cette \u00eele merveilleuse. Les petits c\u0153urs dor\u00e9s qui entourent les hippocampes apportent un air romantique et d\u00e9licat, faisant de ce bol une pi\u00e8ce charmante tant pour servir des ap\u00e9ritifs que pour d\u00e9corer n&rsquo;importe quel espace.<\/p>\n<p>La surface brillante accentue les d\u00e9tails artistiques, tandis que le message \u00ab\u00a0Gran Canaria\u00a0\u00bb inscrit souligne son origine, en faisant un souvenir id\u00e9al pour les voyageurs. Ce bol n&rsquo;est pas seulement un r\u00e9cipient gastronomique utile, mais aussi un souvenir embl\u00e9matique qui repr\u00e9sente la culture canarienne et son lien avec la mer. Chez Ol\u00e9 Mosaic, nous nous effor\u00e7ons de proposer des souvenirs authentiques et de qualit\u00e9 en gros, et ce bol en noix de coco jaune est parfait pour les boutiques de cadeaux touristiques cherchant \u00e0 capturer l&rsquo;essence de Grande Canarie. Avec son design unique et attrayant, c&rsquo;est une excellente option pour ceux qui souhaitent emporter un morceau du paradis canarien.<\/p>\n","protected":false},"excerpt":{"rendered":"<p>Bol en noix de coco jaune \u00e9labor\u00e9 de mani\u00e8re artisanale repr\u00e9sentant la beaut\u00e9 marine de Grande Canarie. Ce bol attrayant est d\u00e9cor\u00e9 de deux \u00e9l\u00e9gants hippocampes dor\u00e9s, entour\u00e9s de petits c\u0153urs et d&rsquo;une finition brillante qui rehausse son design. Avec une touche distinctive, il pr\u00e9sente l&rsquo;inscription \u00ab\u00a0Gran Canaria\u00a0\u00bb, ce qui en fait un souvenir parfait pour \u00e9voquer l&rsquo;essence de l&rsquo;\u00eele. Id\u00e9al pour servir des ap\u00e9ritifs ou comme \u00e9l\u00e9ment d\u00e9coratif.<\/p>\n","protected":false},"featured_media":10249,"template":"","meta":{"_acf_changed":false},"product_brand":[],"product_cat":[521],"product_tag":[530],"class_list":{"0":"post-27973","1":"product","2":"type-product","3":"status-publish","4":"has-post-thumbnail","6":"product_cat-bols","7":"product_tag-animaux","8":"pa_ciudad-gran-canaria","9":"pa_motivo-hippocampes","10":"pa_pais-espana","12":"first","13":"instock","14":"shipping-taxable","15":"product-type-simple"},"acf":[],"_links":{"self":[{"href":"https:\/\/olemosaic.orbitalia.org\/fr\/wp-json\/wp\/v2\/product\/27973","targetHints":{"allow":["GET"]}}],"collection":[{"href":"https:\/\/olemosaic.orbitalia.org\/fr\/wp-json\/wp\/v2\/product"}],"about":[{"href":"https:\/\/olemosaic.orbitalia.org\/fr\/wp-json\/wp\/v2\/types\/product"}],"wp:featuredmedia":[{"embeddable":true,"href":"https:\/\/olemosaic.orbitalia.org\/fr\/wp-json\/wp\/v2\/media\/10249"}],"wp:attachment":[{"href":"https:\/\/olemosaic.orbitalia.org\/fr\/wp-json\/wp\/v2\/media?parent=27973"}],"wp:term":[{"taxonomy":"product_brand","embeddable":true,"href":"https:\/\/olemosaic.orbitalia.org\/fr\/wp-json\/wp\/v2\/product_brand?post=27973"},{"taxonomy":"product_cat","embeddable":true,"href":"https:\/\/olemosaic.orbitalia.org\/fr\/wp-json\/wp\/v2\/product_cat?post=27973"},{"taxonomy":"product_tag","embeddable":true,"href":"https:\/\/olemosaic.orbitalia.org\/fr\/wp-json\/wp\/v2\/product_tag?post=27973"}],"curies":[{"name":"wp","href":"https:\/\/api.w.org\/{rel}","templated":true}]}}