{"id":27972,"date":"2025-02-20T23:29:39","date_gmt":"2025-02-20T22:29:39","guid":{"rendered":"https:\/\/olemosaic.orbitalia.org\/producto\/bol-de-coco-amarillo-isla-gran-canaria\/"},"modified":"2025-07-25T19:04:31","modified_gmt":"2025-07-25T17:04:31","slug":"bol-noix-de-coco-jaune-ile-grande-canarie","status":"publish","type":"product","link":"https:\/\/olemosaic.orbitalia.org\/fr\/produit\/bol-noix-de-coco-jaune-ile-grande-canarie\/","title":{"rendered":"Bol en noix de coco jaune. \u00cele. Grande Canarie."},"content":{"rendered":"<p>Ce bol en noix de coco jaune est une pi\u00e8ce artisanale exquise \u00e9labor\u00e9e de mani\u00e8re traditionnelle \u00e0 Grande Canarie, qui se distingue par son design tr\u00e8s sp\u00e9cial et color\u00e9. Avec un fond aux tons sombres, il pr\u00e9sente un charmant motif de c\u0153urs jaunes qui s&rsquo;\u00e9tendent sur les bords, encadrant un centre brillant o\u00f9 ressort l&rsquo;inscription \u00ab\u00a0Gran Canaria\u00a0\u00bb dans un ton dor\u00e9 vibrant. Ce bol n&rsquo;a pas seulement une fonction d\u00e9corative, il est aussi un symbole de la riche culture canarienne, qui se refl\u00e8te dans sa technique artisanale.<\/p>\n<p>Le contraste entre le fond sombre et les joyeux c\u0153urs jaunes fait de ce bol une pi\u00e8ce centrale qui attire l&rsquo;attention et ajoute de la chaleur \u00e0 n&rsquo;importe quel espace. Parfait comme souvenir, ce bol capture l&rsquo;essence de l&rsquo;art local et de la biodiversit\u00e9 de l&rsquo;\u00eele, faisant \u00e9cho \u00e0 l&rsquo;hospitalit\u00e9 et \u00e0 la chaleur de ses habitants. Chaque pi\u00e8ce est unique, ce qui en fait un cadeau id\u00e9al pour ceux qui recherchent une repr\u00e9sentation authentique de Grande Canarie.<\/p>\n<p>Chez Ol\u00e9 Mosaic, en tant que grossiste de souvenirs typiques, nous proposons des produits qui maintiennent la qualit\u00e9 et l&rsquo;authenticit\u00e9 de la culture canarienne, faisant de ce bol en noix de coco jaune une excellente option pour les boutiques de cadeaux touristiques souhaitant offrir des articles distinctifs et significatifs.<\/p>\n","protected":false},"excerpt":{"rendered":"<p>Bol en noix de coco jaune, fabriqu\u00e9 \u00e0 Grande Canarie et se distinguant par son design singulier. Ce bol, avec un fond aux tons sombres, arbore d&rsquo;adorables c\u0153urs jaunes qui encadrent le centre, o\u00f9 ressort l&rsquo;inscription \u00ab\u00a0Gran Canaria\u00a0\u00bb dans un dor\u00e9 vibrant. Parfait pour ajouter une touche canarienne \u00e0 n&rsquo;importe quel espace, sa technique artisanale permet d&rsquo;appr\u00e9cier la riche culture locale et son attrait esth\u00e9tique. Id\u00e9al comme souvenir ou \u00e9l\u00e9ment d\u00e9coratif.<\/p>\n","protected":false},"featured_media":10201,"template":"","meta":{"_acf_changed":false},"product_brand":[],"product_cat":[521],"product_tag":[],"class_list":{"0":"post-27972","1":"product","2":"type-product","3":"status-publish","4":"has-post-thumbnail","6":"product_cat-bols","7":"pa_ciudad-gran-canaria","8":"pa_motivo-iles","9":"pa_pais-espana","11":"first","12":"instock","13":"shipping-taxable","14":"product-type-simple"},"acf":[],"_links":{"self":[{"href":"https:\/\/olemosaic.orbitalia.org\/fr\/wp-json\/wp\/v2\/product\/27972","targetHints":{"allow":["GET"]}}],"collection":[{"href":"https:\/\/olemosaic.orbitalia.org\/fr\/wp-json\/wp\/v2\/product"}],"about":[{"href":"https:\/\/olemosaic.orbitalia.org\/fr\/wp-json\/wp\/v2\/types\/product"}],"wp:featuredmedia":[{"embeddable":true,"href":"https:\/\/olemosaic.orbitalia.org\/fr\/wp-json\/wp\/v2\/media\/10201"}],"wp:attachment":[{"href":"https:\/\/olemosaic.orbitalia.org\/fr\/wp-json\/wp\/v2\/media?parent=27972"}],"wp:term":[{"taxonomy":"product_brand","embeddable":true,"href":"https:\/\/olemosaic.orbitalia.org\/fr\/wp-json\/wp\/v2\/product_brand?post=27972"},{"taxonomy":"product_cat","embeddable":true,"href":"https:\/\/olemosaic.orbitalia.org\/fr\/wp-json\/wp\/v2\/product_cat?post=27972"},{"taxonomy":"product_tag","embeddable":true,"href":"https:\/\/olemosaic.orbitalia.org\/fr\/wp-json\/wp\/v2\/product_tag?post=27972"}],"curies":[{"name":"wp","href":"https:\/\/api.w.org\/{rel}","templated":true}]}}