{"id":27971,"date":"2025-02-20T22:29:39","date_gmt":"2025-02-20T22:29:39","guid":{"rendered":"https:\/\/olemosaic.orbitalia.org\/producto\/bol-de-coco-amarillo-tortuga-mallorca\/"},"modified":"2025-07-25T20:37:49","modified_gmt":"2025-07-25T18:37:49","slug":"bol-noix-de-coco-jaune-tortue-majorque","status":"publish","type":"product","link":"https:\/\/olemosaic.orbitalia.org\/fr\/produit\/bol-noix-de-coco-jaune-tortue-majorque\/","title":{"rendered":"Bol en noix de coco jaune. Tortue. Majorque."},"content":{"rendered":"<p>Ce bol en noix de coco jaune est un souvenir charmant qui capture l&rsquo;essence de Majorque, un souvenir parfait de cette belle \u00eele m\u00e9diterran\u00e9enne. Avec une finition brillante, le bol se distingue par son design attrayant, avec des d\u00e9tails dor\u00e9s et un cadre orn\u00e9 de c\u0153urs, symbolisant l&rsquo;amour pour la culture locale. Au centre, une tortue sculpt\u00e9e avec pr\u00e9cision, accompagn\u00e9e du mot \u00ab\u00a0MAJORQUE\u00a0\u00bb, souligne le lien entre l&rsquo;art populaire et la riche biodiversit\u00e9 marine de l&rsquo;\u00eele. Ce bol n&rsquo;est pas seulement un objet d\u00e9coratif ; son design polyvalent en fait une option id\u00e9ale pour servir de petits ap\u00e9ritifs lors de r\u00e9unions ou de c\u00e9l\u00e9brations, apportant une touche m\u00e9diterran\u00e9enne \u00e0 n&rsquo;importe quelle table. Fabriqu\u00e9 en noix de coco, il offre une sensation organique et authentique, une valeur ajout\u00e9e pour les touristes cherchant \u00e0 ramener un morceau de Majorque chez eux. Chez Ol\u00e9 Mosaic, nous sommes des distributeurs en gros de souvenirs authentiques et ce bol en noix de coco jaune est un excellent ajout pour les boutiques de cadeaux touristiques souhaitant proposer des produits \u00e0 valeur culturelle et esth\u00e9tique.<\/p>\n","protected":false},"excerpt":{"rendered":"<p>Bol en noix de coco jaune orn\u00e9 d&rsquo;un charmant motif de tortue, repr\u00e9sentant la riche culture de Majorque. Ce bol original, fabriqu\u00e9 en noix de coco, pr\u00e9sente une finition brillante avec des d\u00e9tails dor\u00e9s et un cadre de c\u0153urs. Au centre, une tortue grav\u00e9e se distingue, ainsi que le mot \u00ab\u00a0MAJORQUE\u00a0\u00bb, ce qui en fait un souvenir id\u00e9al pour \u00e9voquer la beaut\u00e9 de cette \u00eele m\u00e9diterran\u00e9enne. Parfait pour la d\u00e9coration ou pour servir des ap\u00e9ritifs.<\/p>\n","protected":false},"featured_media":10269,"template":"","meta":{"_acf_changed":false},"product_brand":[],"product_cat":[521],"product_tag":[530],"class_list":{"0":"post-27971","1":"product","2":"type-product","3":"status-publish","4":"has-post-thumbnail","6":"product_cat-bols","7":"product_tag-animaux","8":"pa_ciudad-mallorca","9":"pa_motivo-tortues","10":"pa_pais-espana","12":"first","13":"instock","14":"shipping-taxable","15":"product-type-simple"},"acf":[],"_links":{"self":[{"href":"https:\/\/olemosaic.orbitalia.org\/fr\/wp-json\/wp\/v2\/product\/27971","targetHints":{"allow":["GET"]}}],"collection":[{"href":"https:\/\/olemosaic.orbitalia.org\/fr\/wp-json\/wp\/v2\/product"}],"about":[{"href":"https:\/\/olemosaic.orbitalia.org\/fr\/wp-json\/wp\/v2\/types\/product"}],"wp:featuredmedia":[{"embeddable":true,"href":"https:\/\/olemosaic.orbitalia.org\/fr\/wp-json\/wp\/v2\/media\/10269"}],"wp:attachment":[{"href":"https:\/\/olemosaic.orbitalia.org\/fr\/wp-json\/wp\/v2\/media?parent=27971"}],"wp:term":[{"taxonomy":"product_brand","embeddable":true,"href":"https:\/\/olemosaic.orbitalia.org\/fr\/wp-json\/wp\/v2\/product_brand?post=27971"},{"taxonomy":"product_cat","embeddable":true,"href":"https:\/\/olemosaic.orbitalia.org\/fr\/wp-json\/wp\/v2\/product_cat?post=27971"},{"taxonomy":"product_tag","embeddable":true,"href":"https:\/\/olemosaic.orbitalia.org\/fr\/wp-json\/wp\/v2\/product_tag?post=27971"}],"curies":[{"name":"wp","href":"https:\/\/api.w.org\/{rel}","templated":true}]}}