{"id":27945,"date":"2025-02-20T23:29:39","date_gmt":"2025-02-20T22:29:39","guid":{"rendered":"https:\/\/olemosaic.orbitalia.org\/producto\/bol-de-coco-amarillo-tortuga-barcelona\/"},"modified":"2025-07-25T19:33:19","modified_gmt":"2025-07-25T17:33:19","slug":"bol-noix-de-coco-jaune-tortue-barcelone","status":"publish","type":"product","link":"https:\/\/olemosaic.orbitalia.org\/fr\/produit\/bol-noix-de-coco-jaune-tortue-barcelone\/","title":{"rendered":"Bol en noix de coco jaune. Tortue. Barcelone."},"content":{"rendered":"<p>Ce bol en noix de coco jaune est un exemple exquis d&rsquo;artisanat inspir\u00e9 par la beaut\u00e9 c\u00f4ti\u00e8re de Barcelone. De conception artisanale, ce bol se distingue par sa couleur jaune vibrante, qui \u00e9voque les rayons du soleil sur les plages m\u00e9diterran\u00e9ennes. La pi\u00e8ce pr\u00e9sente un design artistique impressionnant : une tortue centrale, symbole de la vie marine et de la durabilit\u00e9, est incrust\u00e9e sur un fond d\u00e9cor\u00e9 de c\u0153urs d\u00e9licats, cr\u00e9ant un contraste visuel attrayant. Le mot \u00ab\u00a0Barcelone\u00a0\u00bb, \u00e9l\u00e9gamment int\u00e9gr\u00e9 au design, ajoute une touche distinctive qui renforce sa connexion culturelle, en faisant un authentique souvenir de la ville.<\/p>\n<p>Ce bol n&rsquo;est pas seulement id\u00e9al comme pi\u00e8ce d\u00e9corative, il peut \u00e9galement \u00eatre utilis\u00e9 quotidiennement pour servir des aliments, apportant un style unique \u00e0 n&rsquo;importe quelle table. Son design polyvalent en fait un cadeau parfait pour les touristes qui recherchent un souvenir significatif de leur visite dans cette ville embl\u00e9matique. Chez Ol\u00e9 Mosaic, nous nous sp\u00e9cialisons dans la distribution de souvenirs de qualit\u00e9 en gros, et ce bol en noix de coco jaune est une excellente option pour les boutiques de cadeaux touristiques qui souhaitent proposer des produits authentiques avec une profonde valeur culturelle. En tant que grossiste de souvenirs, nous garantissons que chaque pi\u00e8ce b\u00e9n\u00e9ficie de l&rsquo;artisanat et de l&rsquo;originalit\u00e9 que vos clients appr\u00e9cieront.<\/p>\n","protected":false},"excerpt":{"rendered":"<p>Bol en noix de coco jaune avec un design de tortue, inspir\u00e9 par la beaut\u00e9 c\u00f4ti\u00e8re de Barcelone. Ce bol \u00e9l\u00e9gant, avec sa touche artistique, est de conception artisanale, peint \u00e0 la main, dans des tons jaunes et marron, mettant en valeur une tortue centrale sur un fond d\u00e9cor\u00e9 de c\u0153urs. Le mot \u00ab\u00a0Barcelone\u00a0\u00bb est int\u00e9gr\u00e9 au design, ajoutant un charme particulier. Id\u00e9al comme pi\u00e8ce d\u00e9corative ou pour un usage quotidien, ce bol est un souvenir unique qui refl\u00e8te la culture m\u00e9diterran\u00e9enne.<\/p>\n","protected":false},"featured_media":10277,"template":"","meta":{"_acf_changed":false},"product_brand":[],"product_cat":[521],"product_tag":[530],"class_list":{"0":"post-27945","1":"product","2":"type-product","3":"status-publish","4":"has-post-thumbnail","6":"product_cat-bols","7":"product_tag-animaux","8":"pa_ciudad-barcelona","9":"pa_motivo-tortues","10":"pa_pais-espana","12":"first","13":"instock","14":"shipping-taxable","15":"product-type-simple"},"acf":[],"_links":{"self":[{"href":"https:\/\/olemosaic.orbitalia.org\/fr\/wp-json\/wp\/v2\/product\/27945","targetHints":{"allow":["GET"]}}],"collection":[{"href":"https:\/\/olemosaic.orbitalia.org\/fr\/wp-json\/wp\/v2\/product"}],"about":[{"href":"https:\/\/olemosaic.orbitalia.org\/fr\/wp-json\/wp\/v2\/types\/product"}],"wp:featuredmedia":[{"embeddable":true,"href":"https:\/\/olemosaic.orbitalia.org\/fr\/wp-json\/wp\/v2\/media\/10277"}],"wp:attachment":[{"href":"https:\/\/olemosaic.orbitalia.org\/fr\/wp-json\/wp\/v2\/media?parent=27945"}],"wp:term":[{"taxonomy":"product_brand","embeddable":true,"href":"https:\/\/olemosaic.orbitalia.org\/fr\/wp-json\/wp\/v2\/product_brand?post=27945"},{"taxonomy":"product_cat","embeddable":true,"href":"https:\/\/olemosaic.orbitalia.org\/fr\/wp-json\/wp\/v2\/product_cat?post=27945"},{"taxonomy":"product_tag","embeddable":true,"href":"https:\/\/olemosaic.orbitalia.org\/fr\/wp-json\/wp\/v2\/product_tag?post=27945"}],"curies":[{"name":"wp","href":"https:\/\/api.w.org\/{rel}","templated":true}]}}