{"id":27943,"date":"2025-02-20T23:29:39","date_gmt":"2025-02-20T22:29:39","guid":{"rendered":"https:\/\/olemosaic.orbitalia.org\/producto\/bol-de-coco-amarillo-sardina-lisboa\/"},"modified":"2025-07-25T20:25:46","modified_gmt":"2025-07-25T18:25:46","slug":"bol-noix-de-coco-jaune-sardine-lisbonne","status":"publish","type":"product","link":"https:\/\/olemosaic.orbitalia.org\/fr\/produit\/bol-noix-de-coco-jaune-sardine-lisbonne\/","title":{"rendered":"Bol en noix de coco jaune. Sardine et c\u0153urs. Lisbonne."},"content":{"rendered":"<p>Ce bol en noix de coco jaune est un souvenir authentique qui capture l&rsquo;essence de Lisbonne, c\u00e9l\u00e9brant la riche culture gastronomique de la ville. Son design vibrant et attrayant se distingue par sa finition brillante qui souligne la couleur jaune pr\u00e9dominante, apportant une touche joyeuse et lumineuse. Entour\u00e9 d&rsquo;un bord d\u00e9cor\u00e9 de c\u0153urs d\u00e9licats dans des tons marron et jaune, le bol pr\u00e9sente une figure de sardine au centre, embl\u00e9matique de la tradition culinaire de Lisbonne, accompagn\u00e9e du mot \u00ab\u00a0LISBONNE\u00a0\u00bb. Cette repr\u00e9sentation n&rsquo;est pas seulement visuellement attrayante, elle \u00e9voque \u00e9galement la popularit\u00e9 de la sardine dans la gastronomie locale, particuli\u00e8rement lors de festivit\u00e9s comme les f\u00eates de Santo Antonio.<\/p>\n<p>Le bol est parfait aussi bien pour un usage pratique en cuisine que pour orner n&rsquo;importe quel espace de la maison. Son caract\u00e8re distinctif en fait une excellente option pour ceux qui recherchent des souvenirs de Lisbonne authentiques et repr\u00e9sentatifs. Chez Ol\u00e9 Mosaic, nous sommes sp\u00e9cialistes de la distribution de souvenirs en gros, proposant des produits qui refl\u00e8tent le riche h\u00e9ritage culturel du Portugal. Ce bol en noix de coco jaune, avec son design charmant et sa connexion culturelle, est un cadeau parfait pour les touristes qui souhaitent emporter un petit morceau de Lisbonne ou embellir leur maison avec une touche portugaise.<\/p>\n","protected":false},"excerpt":{"rendered":"<p>Bol en noix de coco jaune d\u00e9cor\u00e9 d&rsquo;une sardine, symbole de Lisbonne. Ce bol attrayant pr\u00e9sente une finition brillante et un design de c\u0153urs sur le bord, cr\u00e9ant un contraste frappant avec la couleur jaune pr\u00e9dominante. La figure de la sardine, accompagn\u00e9e du texte \u00ab\u00a0LISBONNE\u00a0\u00bb, se d\u00e9tache au centre, refl\u00e9tant la culture gastronomique locale. Id\u00e9al comme souvenir ou pour d\u00e9corer votre maison avec une touche portugaise.<\/p>\n","protected":false},"featured_media":10213,"template":"","meta":{"_acf_changed":false},"product_brand":[],"product_cat":[521],"product_tag":[530],"class_list":{"0":"post-27943","1":"product","2":"type-product","3":"status-publish","4":"has-post-thumbnail","6":"product_cat-bols","7":"product_tag-animaux","8":"pa_ciudad-lisboa","9":"pa_motivo-sardines","10":"pa_pais-portugal","12":"first","13":"instock","14":"shipping-taxable","15":"product-type-simple"},"acf":[],"_links":{"self":[{"href":"https:\/\/olemosaic.orbitalia.org\/fr\/wp-json\/wp\/v2\/product\/27943","targetHints":{"allow":["GET"]}}],"collection":[{"href":"https:\/\/olemosaic.orbitalia.org\/fr\/wp-json\/wp\/v2\/product"}],"about":[{"href":"https:\/\/olemosaic.orbitalia.org\/fr\/wp-json\/wp\/v2\/types\/product"}],"wp:featuredmedia":[{"embeddable":true,"href":"https:\/\/olemosaic.orbitalia.org\/fr\/wp-json\/wp\/v2\/media\/10213"}],"wp:attachment":[{"href":"https:\/\/olemosaic.orbitalia.org\/fr\/wp-json\/wp\/v2\/media?parent=27943"}],"wp:term":[{"taxonomy":"product_brand","embeddable":true,"href":"https:\/\/olemosaic.orbitalia.org\/fr\/wp-json\/wp\/v2\/product_brand?post=27943"},{"taxonomy":"product_cat","embeddable":true,"href":"https:\/\/olemosaic.orbitalia.org\/fr\/wp-json\/wp\/v2\/product_cat?post=27943"},{"taxonomy":"product_tag","embeddable":true,"href":"https:\/\/olemosaic.orbitalia.org\/fr\/wp-json\/wp\/v2\/product_tag?post=27943"}],"curies":[{"name":"wp","href":"https:\/\/api.w.org\/{rel}","templated":true}]}}