{"id":27940,"date":"2025-02-20T23:29:39","date_gmt":"2025-02-20T22:29:39","guid":{"rendered":"https:\/\/olemosaic.orbitalia.org\/producto\/bol-de-coco-amarillo-salamandra-barcelona\/"},"modified":"2025-07-25T20:07:39","modified_gmt":"2025-07-25T18:07:39","slug":"bol-noix-de-coco-jaune-salamandre-barcelone","status":"publish","type":"product","link":"https:\/\/olemosaic.orbitalia.org\/fr\/produit\/bol-noix-de-coco-jaune-salamandre-barcelone\/","title":{"rendered":"Bol en noix de coco jaune. Salamandre. Barcelone."},"content":{"rendered":"<p>Ce bol en noix de coco jaune, d\u00e9cor\u00e9 d&rsquo;une salamandre, repr\u00e9sente l&rsquo;essence vibrante de Barcelone, fusionnant l&rsquo;art et la culture dans une pi\u00e8ce unique. Fabriqu\u00e9 artisanalement, ce bol se distingue par sa peinture \u00e0 la main exquise, o\u00f9 un fond noir resplendit d&rsquo;\u00e9clats dor\u00e9s, cr\u00e9ant un contraste attrayant qui capte l&rsquo;attention. Le bord du bol est orn\u00e9 de formes dans des tons jaunes \u00e9voquant la chaleur du soleil m\u00e9diterran\u00e9en, tandis qu&rsquo;au centre, une exquise figure de salamandre repose sur le mot \u00ab\u00a0Barcelona\u00a0\u00bb, liant la pi\u00e8ce au riche patrimoine culturel de la ville.<\/p>\n<p>La salamandre, symbole de r\u00e9sistance et d&rsquo;adaptation, est \u00e9galement pr\u00e9sente dans certains designs architecturaux de Barcelone, connectant encore davantage ce bol \u00e0 l&rsquo;identit\u00e9 locale. Id\u00e9al aussi bien pour servir des aliments que pour d\u00e9corer, ce bol n&rsquo;est pas seulement fonctionnel, mais aussi un souvenir parfait qui c\u00e9l\u00e8bre la vie et la diversit\u00e9 de cette ville embl\u00e9matique.<\/p>\n<p>Chez Ol\u00e9 Mosaic, en tant que grossistes de souvenirs de qualit\u00e9, nous proposons des produits authentiques et repr\u00e9sentatifs de la culture espagnole. Ce bol en noix de coco jaune est une excellente option pour les touristes recherchant des souvenirs de Barcelone, ainsi qu&rsquo;un cadeau significatif pour ceux qui souhaitent ramener un morceau de la riche tradition artisanale de l&rsquo;Espagne.<\/p>\n","protected":false},"excerpt":{"rendered":"<p>Bol en noix de coco jaune d\u00e9cor\u00e9 d&rsquo;une salamandre, un clin d&rsquo;\u0153il \u00e0 l&rsquo;essence de Barcelone. Ce bol artisanal attrayant se distingue par sa peinture \u00e0 la main : un fond noir avec des \u00e9clats dor\u00e9s et un bord aux formes jaunes. Au centre, la salamandre, accompagn\u00e9e du mot \u00ab\u00a0Barcelona\u00a0\u00bb, fusionne des \u00e9l\u00e9ments culturels avec un design moderne. Id\u00e9al pour servir ou comme pi\u00e8ce d\u00e9corative.<\/p>\n","protected":false},"featured_media":10236,"template":"","meta":{"_acf_changed":false},"product_brand":[],"product_cat":[521],"product_tag":[530],"class_list":{"0":"post-27940","1":"product","2":"type-product","3":"status-publish","4":"has-post-thumbnail","6":"product_cat-bols","7":"product_tag-animaux","8":"pa_ciudad-barcelona","9":"pa_motivo-salamandres","10":"pa_pais-espana","12":"first","13":"instock","14":"shipping-taxable","15":"product-type-simple"},"acf":[],"_links":{"self":[{"href":"https:\/\/olemosaic.orbitalia.org\/fr\/wp-json\/wp\/v2\/product\/27940","targetHints":{"allow":["GET"]}}],"collection":[{"href":"https:\/\/olemosaic.orbitalia.org\/fr\/wp-json\/wp\/v2\/product"}],"about":[{"href":"https:\/\/olemosaic.orbitalia.org\/fr\/wp-json\/wp\/v2\/types\/product"}],"wp:featuredmedia":[{"embeddable":true,"href":"https:\/\/olemosaic.orbitalia.org\/fr\/wp-json\/wp\/v2\/media\/10236"}],"wp:attachment":[{"href":"https:\/\/olemosaic.orbitalia.org\/fr\/wp-json\/wp\/v2\/media?parent=27940"}],"wp:term":[{"taxonomy":"product_brand","embeddable":true,"href":"https:\/\/olemosaic.orbitalia.org\/fr\/wp-json\/wp\/v2\/product_brand?post=27940"},{"taxonomy":"product_cat","embeddable":true,"href":"https:\/\/olemosaic.orbitalia.org\/fr\/wp-json\/wp\/v2\/product_cat?post=27940"},{"taxonomy":"product_tag","embeddable":true,"href":"https:\/\/olemosaic.orbitalia.org\/fr\/wp-json\/wp\/v2\/product_tag?post=27940"}],"curies":[{"name":"wp","href":"https:\/\/api.w.org\/{rel}","templated":true}]}}