{"id":27938,"date":"2025-02-20T23:29:38","date_gmt":"2025-02-20T22:29:38","guid":{"rendered":"https:\/\/olemosaic.orbitalia.org\/producto\/bol-de-coco-amarillo-tortuga\/"},"modified":"2025-07-25T19:23:03","modified_gmt":"2025-07-25T17:23:03","slug":"bol-noix-de-coco-jaune-tortue","status":"publish","type":"product","link":"https:\/\/olemosaic.orbitalia.org\/fr\/produit\/bol-noix-de-coco-jaune-tortue\/","title":{"rendered":"Bol en noix de coco jaune. Tortue."},"content":{"rendered":"<p>Ce bol en noix de coco jaune, d\u00e9cor\u00e9 d&rsquo;une sympathique tortue, est une pi\u00e8ce artisanale exquise qui \u00e9voque le folklore c\u00f4tier vibrant des r\u00e9gions m\u00e9diterran\u00e9ennes. Avec sa base marron, le bol met en valeur le design peint \u00e0 la main, o\u00f9 la tortue occupe une place centrale, symbolisant la long\u00e9vit\u00e9 et la connexion avec la mer, des \u00e9l\u00e9ments profond\u00e9ment ancr\u00e9s dans la culture maritime des peuples c\u00f4tiers. Autour de la tortue, un d\u00e9licat motif de c\u0153urs dans un ton jaune brillant apporte une touche joyeuse et color\u00e9e, faisant de cette pi\u00e8ce un magnifique compl\u00e9ment d\u00e9coratif pour n&rsquo;importe quel foyer.<\/p>\n<p>Le bol n&rsquo;est pas seulement un objet esth\u00e9tiquement attrayant, il repr\u00e9sente \u00e9galement une riche tradition culturelle, car de nombreuses communaut\u00e9s c\u00f4ti\u00e8res utilisent la tortue comme symbole de protection et de prosp\u00e9rit\u00e9. Ce bol en noix de coco jaune est id\u00e9al pour servir des ap\u00e9ritifs ou comme centre de table, mais il agit \u00e9galement comme un rappel de la beaut\u00e9 et de la diversit\u00e9 de la vie marine et de l&rsquo;importance de sa conservation. Chez Ol\u00e9 Mosaic, nous sommes experts dans la distribution de souvenirs en gros, et ce bol est une merveilleuse option pour les boutiques de cadeaux touristiques recherchant d&rsquo;authentiques souvenirs repr\u00e9sentatifs de la culture r\u00e9gionale. Avec son caract\u00e8re unique et son design artisanal, ce bol est un souvenir parfait qui ravira ceux qui recherchent une touche exotique et authentique de leurs voyages.<\/p>\n","protected":false},"excerpt":{"rendered":"<p>Bol en noix de coco jaune d\u00e9cor\u00e9 d&rsquo;une charmante tortue, \u00e9voquant le folklore c\u00f4tier vibrant de la r\u00e9gion. Ce bol pr\u00e9sente un design artistique artisanal, peint \u00e0 la main, avec un fond marron qui fait ressortir les all\u00e9gories en jaune et les d\u00e9tails en forme de c\u0153ur. La tortue, symbole de long\u00e9vit\u00e9 et de connexion avec la mer, se situe au centre, entour\u00e9e d&rsquo;un motif d\u00e9licat qui ajoute une touche color\u00e9e et joyeuse. Parfait pour ajouter une touche exotique \u00e0 toute d\u00e9coration.<\/p>\n","protected":false},"featured_media":10185,"template":"","meta":{"_acf_changed":false},"product_brand":[],"product_cat":[521],"product_tag":[530],"class_list":{"0":"post-27938","1":"product","2":"type-product","3":"status-publish","4":"has-post-thumbnail","6":"product_cat-bols","7":"product_tag-animaux","8":"pa_motivo-tortues","10":"first","11":"instock","12":"shipping-taxable","13":"product-type-simple"},"acf":[],"_links":{"self":[{"href":"https:\/\/olemosaic.orbitalia.org\/fr\/wp-json\/wp\/v2\/product\/27938","targetHints":{"allow":["GET"]}}],"collection":[{"href":"https:\/\/olemosaic.orbitalia.org\/fr\/wp-json\/wp\/v2\/product"}],"about":[{"href":"https:\/\/olemosaic.orbitalia.org\/fr\/wp-json\/wp\/v2\/types\/product"}],"wp:featuredmedia":[{"embeddable":true,"href":"https:\/\/olemosaic.orbitalia.org\/fr\/wp-json\/wp\/v2\/media\/10185"}],"wp:attachment":[{"href":"https:\/\/olemosaic.orbitalia.org\/fr\/wp-json\/wp\/v2\/media?parent=27938"}],"wp:term":[{"taxonomy":"product_brand","embeddable":true,"href":"https:\/\/olemosaic.orbitalia.org\/fr\/wp-json\/wp\/v2\/product_brand?post=27938"},{"taxonomy":"product_cat","embeddable":true,"href":"https:\/\/olemosaic.orbitalia.org\/fr\/wp-json\/wp\/v2\/product_cat?post=27938"},{"taxonomy":"product_tag","embeddable":true,"href":"https:\/\/olemosaic.orbitalia.org\/fr\/wp-json\/wp\/v2\/product_tag?post=27938"}],"curies":[{"name":"wp","href":"https:\/\/api.w.org\/{rel}","templated":true}]}}