{"id":27936,"date":"2025-02-20T22:29:38","date_gmt":"2025-02-20T22:29:38","guid":{"rendered":"https:\/\/olemosaic.orbitalia.org\/producto\/bol-de-coco-amarillo-flamenco\/"},"modified":"2025-07-25T19:42:58","modified_gmt":"2025-07-25T17:42:58","slug":"bol-noix-de-coco-jaune-flamenco","status":"publish","type":"product","link":"https:\/\/olemosaic.orbitalia.org\/fr\/produit\/bol-noix-de-coco-jaune-flamenco\/","title":{"rendered":"Bol en noix de coco jaune. Flamenco."},"content":{"rendered":"<p>Ce bol en noix de coco jaune, d\u00e9cor\u00e9 de deux flamants roses entrelac\u00e9s en forme de c\u0153ur, est une pi\u00e8ce remarquable qui refl\u00e8te l&rsquo;essence vibrante du folklore espagnol. Fabriqu\u00e9 selon une esth\u00e9tique de c\u00e9ramique traditionnelle, il allie \u00e9l\u00e9gance et fonctionnalit\u00e9, ce qui en fait un objet id\u00e9al aussi bien pour la d\u00e9coration que pour servir des ap\u00e9ritifs. La base du bol pr\u00e9sente une magnifique teinte jaune chaud \u00e9voquant le soleil espagnol, orn\u00e9e d&rsquo;un motif complexe de c\u0153urs qui ajoute une touche romantique et joyeuse. Au centre, les flamants roses, repr\u00e9sent\u00e9s dans un jaune \u00e9clatant, semblent danser dans une \u00e9treinte \u00e9mouvante, symbolisant l&rsquo;amour et l&rsquo;union.<\/p>\n<p>Ce bol n&rsquo;est pas seulement un \u00e9l\u00e9ment d\u00e9coratif ; son design attrayant en fait un merveilleux souvenir qui capture la joie et la vivacit\u00e9 des traditions espagnoles. Le lien culturel de ce produit est mis en avant par sa repr\u00e9sentation du flamant rose, oiseau embl\u00e9matique de la r\u00e9gion symbolisant la beaut\u00e9 naturelle et la diversit\u00e9 de la faune espagnole.<\/p>\n<p>Ol\u00e9 Mosaic est fier de proposer des souvenirs authentiques, et ce bol en noix de coco jaune est un excellent choix pour les boutiques de cadeaux touristiques souhaitant offrir des produits ayant une signification culturelle. Avec son design unique et color\u00e9, c&rsquo;est un cadeau parfait pour ceux qui cherchent \u00e0 ramener un petit morceau du riche h\u00e9ritage espagnol chez eux, faisant de ce bol un article indispensable pour tout \u00e9tablissement valorisant l&rsquo;authentique et le traditionnel.<\/p>\n","protected":false},"excerpt":{"rendered":"<p>Bol en noix de coco jaune d\u00e9cor\u00e9 de deux flamants roses entrelac\u00e9s formant un c\u0153ur. Ce bol attrayant, fusionnant le style de la c\u00e9ramique traditionnelle, pr\u00e9sente un design vibrant dans des tons jaunes et marron, avec des d\u00e9tails de c\u0153urs apportant une touche romantique. Id\u00e9al comme \u00e9l\u00e9ment d\u00e9coratif ou pour servir des ap\u00e9ritifs, ce bol repr\u00e9sente l&rsquo;essence du folklore espagnol avec son design joyeux et color\u00e9. Parfait pour ceux qui recherchent un souvenir unique d&rsquo;Espagne.<\/p>\n","protected":false},"featured_media":13460,"template":"","meta":{"_acf_changed":false},"product_brand":[],"product_cat":[521],"product_tag":[530],"class_list":{"0":"post-27936","1":"product","2":"type-product","3":"status-publish","4":"has-post-thumbnail","6":"product_cat-bols","7":"product_tag-animaux","8":"pa_motivo-flamants-roses","10":"first","11":"instock","12":"shipping-taxable","13":"product-type-simple"},"acf":[],"_links":{"self":[{"href":"https:\/\/olemosaic.orbitalia.org\/fr\/wp-json\/wp\/v2\/product\/27936","targetHints":{"allow":["GET"]}}],"collection":[{"href":"https:\/\/olemosaic.orbitalia.org\/fr\/wp-json\/wp\/v2\/product"}],"about":[{"href":"https:\/\/olemosaic.orbitalia.org\/fr\/wp-json\/wp\/v2\/types\/product"}],"wp:featuredmedia":[{"embeddable":true,"href":"https:\/\/olemosaic.orbitalia.org\/fr\/wp-json\/wp\/v2\/media\/13460"}],"wp:attachment":[{"href":"https:\/\/olemosaic.orbitalia.org\/fr\/wp-json\/wp\/v2\/media?parent=27936"}],"wp:term":[{"taxonomy":"product_brand","embeddable":true,"href":"https:\/\/olemosaic.orbitalia.org\/fr\/wp-json\/wp\/v2\/product_brand?post=27936"},{"taxonomy":"product_cat","embeddable":true,"href":"https:\/\/olemosaic.orbitalia.org\/fr\/wp-json\/wp\/v2\/product_cat?post=27936"},{"taxonomy":"product_tag","embeddable":true,"href":"https:\/\/olemosaic.orbitalia.org\/fr\/wp-json\/wp\/v2\/product_tag?post=27936"}],"curies":[{"name":"wp","href":"https:\/\/api.w.org\/{rel}","templated":true}]}}