{"id":27922,"date":"2025-02-20T23:29:37","date_gmt":"2025-02-20T22:29:37","guid":{"rendered":"https:\/\/olemosaic.orbitalia.org\/producto\/bol-de-ceramica-de-9-cm-toro-beige\/"},"modified":"2025-07-25T19:55:19","modified_gmt":"2025-07-25T17:55:19","slug":"bol-en-ceramique-de-9-cm-taureau-beige","status":"publish","type":"product","link":"https:\/\/olemosaic.orbitalia.org\/fr\/produit\/bol-en-ceramique-de-9-cm-taureau-beige\/","title":{"rendered":"Bol en c\u00e9ramique de 9 cm. Taureau. Beige"},"content":{"rendered":"<p>Ce bol en c\u00e9ramique de 9 cm de diam\u00e8tre est un authentique souvenir qui rend hommage \u00e0 la riche culture espagnole. Avec un design vibrant, le bol pr\u00e9sente des taureaux stylis\u00e9s dans une gamme de couleurs vives, symbolisant la tradition et la passion du c\u00e9l\u00e8bre art de la tauromachie. Chaque pi\u00e8ce semble \u00eatre peinte \u00e0 la main, ce qui garantit que chaque bol est unique. Le mot \u00ab Espa\u00f1a \u00bb, \u00e9crit avec des lettres joyeuses, compl\u00e8te les motifs floraux qui ornent l&rsquo;ext\u00e9rieur, cr\u00e9ant une pi\u00e8ce attrayante et festive.<\/p>\n<p>L&rsquo;int\u00e9rieur du bol se distingue par son ton rouge chaleureux, qui apporte une touche accueillante, id\u00e9ale pour servir des ap\u00e9ritifs typiques de la gastronomie espagnole ou comme \u00e9l\u00e9ment d\u00e9coratif dans n&rsquo;importe quel foyer. Ce bol n&rsquo;est pas seulement fonctionnel, il capture \u00e9galement l&rsquo;essence du folklore espagnol, ce qui en fait un cadeau parfait pour ceux qui souhaitent emporter un petit morceau d&rsquo;Espagne.<\/p>\n<p>Chez Ol\u00e9 Mosaic, nous nous sp\u00e9cialisons dans la distribution de souvenirs en c\u00e9ramique en gros, offrant des produits authentiques qui \u00e9voquent la tradition culturelle. Ce bol de taureaux est une excellente option pour les boutiques de souvenirs touristiques \u00e0 la recherche d&rsquo;articles de qualit\u00e9 et de pertinence culturelle, se distinguant comme une pi\u00e8ce repr\u00e9sentative que tout touriste voudrait ajouter \u00e0 sa collection de souvenirs d&rsquo;Espagne.<\/p>\n","protected":false},"excerpt":{"rendered":"<p>Bol en c\u00e9ramique de 9 cm, d\u00e9cor\u00e9 d&rsquo;un design vibrant qui capture l&rsquo;essence de l&rsquo;Espagne. Le bol pr\u00e9sente des taureaux stylis\u00e9s aux couleurs vives, accompagn\u00e9s de motifs floraux et du mot \u00ab\u00a0Espa\u00f1a\u00a0\u00bb \u00e9crit avec des lettres joyeuses, le tout dans un design artisanal peint \u00e0 la main. Son int\u00e9rieur rouge ajoute une touche chaleureuse \u00e0 son esth\u00e9tique. Parfait pour servir des ap\u00e9ritifs ou comme pi\u00e8ce d\u00e9corative, ce bol refl\u00e8te la riche tradition culturelle espagnole.<\/p>\n","protected":false},"featured_media":7375,"template":"","meta":{"_acf_changed":false},"product_brand":[],"product_cat":[521],"product_tag":[530,585],"class_list":{"0":"post-27922","1":"product","2":"type-product","3":"status-publish","4":"has-post-thumbnail","6":"product_cat-bols","7":"product_tag-animaux","8":"product_tag-ceramique","9":"pa_motivo-taureaux","11":"first","12":"instock","13":"shipping-taxable","14":"product-type-simple"},"acf":[],"_links":{"self":[{"href":"https:\/\/olemosaic.orbitalia.org\/fr\/wp-json\/wp\/v2\/product\/27922","targetHints":{"allow":["GET"]}}],"collection":[{"href":"https:\/\/olemosaic.orbitalia.org\/fr\/wp-json\/wp\/v2\/product"}],"about":[{"href":"https:\/\/olemosaic.orbitalia.org\/fr\/wp-json\/wp\/v2\/types\/product"}],"wp:featuredmedia":[{"embeddable":true,"href":"https:\/\/olemosaic.orbitalia.org\/fr\/wp-json\/wp\/v2\/media\/7375"}],"wp:attachment":[{"href":"https:\/\/olemosaic.orbitalia.org\/fr\/wp-json\/wp\/v2\/media?parent=27922"}],"wp:term":[{"taxonomy":"product_brand","embeddable":true,"href":"https:\/\/olemosaic.orbitalia.org\/fr\/wp-json\/wp\/v2\/product_brand?post=27922"},{"taxonomy":"product_cat","embeddable":true,"href":"https:\/\/olemosaic.orbitalia.org\/fr\/wp-json\/wp\/v2\/product_cat?post=27922"},{"taxonomy":"product_tag","embeddable":true,"href":"https:\/\/olemosaic.orbitalia.org\/fr\/wp-json\/wp\/v2\/product_tag?post=27922"}],"curies":[{"name":"wp","href":"https:\/\/api.w.org\/{rel}","templated":true}]}}