{"id":27899,"date":"2025-02-20T23:29:37","date_gmt":"2025-02-20T22:29:37","guid":{"rendered":"https:\/\/olemosaic.orbitalia.org\/producto\/bol-de-coco-azul-tortuga-barcelona\/"},"modified":"2025-07-25T20:10:26","modified_gmt":"2025-07-25T18:10:26","slug":"bol-coco-bleu-tortue-barcelone","status":"publish","type":"product","link":"https:\/\/olemosaic.orbitalia.org\/fr\/produit\/bol-coco-bleu-tortue-barcelone\/","title":{"rendered":"Bol coco bleu. Tortue et fond bleu. Barcelone."},"content":{"rendered":"<p>Ce bol en c\u00e9ramique peint \u00e0 la main est une repr\u00e9sentation captivante de la mer M\u00e9diterran\u00e9e, id\u00e9ale pour ceux qui recherchent un souvenir authentique de Barcelone. Avec un fond bleu vibrant, le bol se distingue par son illustration exquise d&rsquo;une tortue, symbole de la vie marine et de la connexion avec l&rsquo;environnement aquatique. La tortue, m\u00e9ticuleusement d\u00e9cor\u00e9e, semble nager paisiblement parmi des feuilles aquatiques, ce qui ajoute une touche de vie et de dynamisme au design. Autour de sa circonf\u00e9rence, un bord subtil et d\u00e9licat compl\u00e8te l&rsquo;esth\u00e9tique, tandis que le mot \u00ab\u00a0Barcelona\u00a0\u00bb en blanc brillant ressort avec \u00e9l\u00e9gance sur le fond bleu intense.<\/p>\n<p>Ce bol n&rsquo;est pas seulement un objet d\u00e9coratif, mais un hommage \u00e0 la riche culture de Barcelone, o\u00f9 la mer et sa biodiversit\u00e9 sont une partie fondamentale de l&rsquo;identit\u00e9 locale. Id\u00e9al pour une utilisation en cuisine ou comme pi\u00e8ce d&rsquo;exposition, ce bol est parfait comme cadeau ou souvenir de quelques jours inoubliables dans cette ville vibrante. Chez Ol\u00e9 Mosaic, nous sommes distributeurs de souvenirs authentiques et de qualit\u00e9, et ce bol en c\u00e9ramique est une excellente option pour les boutiques de cadeaux touristiques souhaitant offrir des produits uniques et repr\u00e9sentatifs de Barcelone. Avec notre s\u00e9lection de souvenirs en c\u00e9ramique, nous garantissons authenticit\u00e9 et beaut\u00e9 dans chaque pi\u00e8ce.<\/p>\n","protected":false},"excerpt":{"rendered":"<p>Bol coco au design artisanal, peint \u00e0 la main, d\u00e9cor\u00e9 d&rsquo;une magnifique tortue et d&rsquo;un fond bleu vibrant \u00e9voquant l&rsquo;essence de la mer M\u00e9diterran\u00e9e \u00e0 Barcelone. Ce bol pr\u00e9sente des d\u00e9tails \u00e9labor\u00e9s, tels que de petites feuilles aquatiques et un bord d\u00e9licat. Le mot \u00ab\u00a0Barcelona\u00a0\u00bb ressort en blanc sur le bleu intense, faisant de cet article un souvenir attrayant et repr\u00e9sentatif de la culture locale. Parfait pour la d\u00e9coration ou comme cadeau.<\/p>\n","protected":false},"featured_media":11763,"template":"","meta":{"_acf_changed":false},"product_brand":[],"product_cat":[521],"product_tag":[530],"class_list":{"0":"post-27899","1":"product","2":"type-product","3":"status-publish","4":"has-post-thumbnail","6":"product_cat-bols","7":"product_tag-animaux","8":"pa_ciudad-barcelona","9":"pa_motivo-tortues","10":"pa_pais-espana","12":"first","13":"instock","14":"shipping-taxable","15":"product-type-simple"},"acf":[],"_links":{"self":[{"href":"https:\/\/olemosaic.orbitalia.org\/fr\/wp-json\/wp\/v2\/product\/27899","targetHints":{"allow":["GET"]}}],"collection":[{"href":"https:\/\/olemosaic.orbitalia.org\/fr\/wp-json\/wp\/v2\/product"}],"about":[{"href":"https:\/\/olemosaic.orbitalia.org\/fr\/wp-json\/wp\/v2\/types\/product"}],"wp:featuredmedia":[{"embeddable":true,"href":"https:\/\/olemosaic.orbitalia.org\/fr\/wp-json\/wp\/v2\/media\/11763"}],"wp:attachment":[{"href":"https:\/\/olemosaic.orbitalia.org\/fr\/wp-json\/wp\/v2\/media?parent=27899"}],"wp:term":[{"taxonomy":"product_brand","embeddable":true,"href":"https:\/\/olemosaic.orbitalia.org\/fr\/wp-json\/wp\/v2\/product_brand?post=27899"},{"taxonomy":"product_cat","embeddable":true,"href":"https:\/\/olemosaic.orbitalia.org\/fr\/wp-json\/wp\/v2\/product_cat?post=27899"},{"taxonomy":"product_tag","embeddable":true,"href":"https:\/\/olemosaic.orbitalia.org\/fr\/wp-json\/wp\/v2\/product_tag?post=27899"}],"curies":[{"name":"wp","href":"https:\/\/api.w.org\/{rel}","templated":true}]}}