{"id":27875,"date":"2025-02-20T23:29:36","date_gmt":"2025-02-20T22:29:36","guid":{"rendered":"https:\/\/olemosaic.orbitalia.org\/producto\/bol-de-coco-amarillo-flor\/"},"modified":"2025-07-25T18:53:06","modified_gmt":"2025-07-25T16:53:06","slug":"bol-coco-jaune-fleur","status":"publish","type":"product","link":"https:\/\/olemosaic.orbitalia.org\/fr\/produit\/bol-coco-jaune-fleur\/","title":{"rendered":"Bol coco jaune. Fleur."},"content":{"rendered":"<p>Ce bol en c\u00e9ramique est un v\u00e9ritable joyau du folklore espagnol, con\u00e7u pour apporter une touche vibrante et color\u00e9e \u00e0 n&rsquo;importe quel foyer. Avec une finition marron attrayante, le bol pr\u00e9sente un design captivant de fleur jaune au centre, d\u00e9taill\u00e9 avec des c\u0153urs et des taches de couleur qui \u00e9voquent la chaleur de la tradition artisanale du sud de l&rsquo;Espagne. Les p\u00e9tales de la fleur, d&rsquo;un jaune \u00e9clatant, contrastent parfaitement avec le fond marron, cr\u00e9ant une pi\u00e8ce qui n&rsquo;est pas seulement fonctionnelle, mais aussi une \u0153uvre d&rsquo;art.<\/p>\n<p>Id\u00e9al pour servir des ap\u00e9ritifs ou comme pi\u00e8ce d\u00e9corative, ce bol est une repr\u00e9sentation parfaite du riche h\u00e9ritage culturel de la r\u00e9gion. En incorporant des \u00e9l\u00e9ments visuels qui refl\u00e8tent la joie et le coloris de la vie quotidienne, il devient le souvenir parfait, id\u00e9al pour les touristes qui souhaitent emporter un morceau d&rsquo;Espagne. Chez Ol\u00e9 Mosaic, nous sommes fiers de proposer des souvenirs authentiques qui c\u00e9l\u00e8brent la culture et l&rsquo;artisanat local. Ce bol en c\u00e9ramique n&rsquo;est pas seulement un produit attrayant, mais aussi une excellente option pour les boutiques de souvenirs touristiques qui cherchent \u00e0 offrir \u00e0 leurs clients de l&rsquo;authenticit\u00e9 et un lien avec le patrimoine espagnol. En tant que grossistes en c\u00e9ramique, nous garantissons la qualit\u00e9 et l&rsquo;authenticit\u00e9 de chaque pi\u00e8ce.<\/p>\n","protected":false},"excerpt":{"rendered":"<p>Bol coco avec un design vibrant d&rsquo;une fleur jaune, disponible dans une finition marron attrayante. Ce bol, d\u00e9cor\u00e9 de c\u0153urs et de taches de couleur, capture l&rsquo;essence du folklore espagnol, id\u00e9al pour servir des ap\u00e9ritifs ou comme pi\u00e8ce d\u00e9corative. Parfait pour ajouter une touche de couleur et d&rsquo;artisanat \u00e0 n&rsquo;importe quel foyer, il repr\u00e9sente la riche tradition artisanale du sud de l&rsquo;Espagne.<\/p>\n","protected":false},"featured_media":10189,"template":"","meta":{"_acf_changed":false},"product_brand":[],"product_cat":[521],"product_tag":[],"class_list":{"0":"post-27875","1":"product","2":"type-product","3":"status-publish","4":"has-post-thumbnail","6":"product_cat-bols","7":"pa_motivo-fleurs","9":"first","10":"instock","11":"shipping-taxable","12":"product-type-simple"},"acf":[],"_links":{"self":[{"href":"https:\/\/olemosaic.orbitalia.org\/fr\/wp-json\/wp\/v2\/product\/27875","targetHints":{"allow":["GET"]}}],"collection":[{"href":"https:\/\/olemosaic.orbitalia.org\/fr\/wp-json\/wp\/v2\/product"}],"about":[{"href":"https:\/\/olemosaic.orbitalia.org\/fr\/wp-json\/wp\/v2\/types\/product"}],"wp:featuredmedia":[{"embeddable":true,"href":"https:\/\/olemosaic.orbitalia.org\/fr\/wp-json\/wp\/v2\/media\/10189"}],"wp:attachment":[{"href":"https:\/\/olemosaic.orbitalia.org\/fr\/wp-json\/wp\/v2\/media?parent=27875"}],"wp:term":[{"taxonomy":"product_brand","embeddable":true,"href":"https:\/\/olemosaic.orbitalia.org\/fr\/wp-json\/wp\/v2\/product_brand?post=27875"},{"taxonomy":"product_cat","embeddable":true,"href":"https:\/\/olemosaic.orbitalia.org\/fr\/wp-json\/wp\/v2\/product_cat?post=27875"},{"taxonomy":"product_tag","embeddable":true,"href":"https:\/\/olemosaic.orbitalia.org\/fr\/wp-json\/wp\/v2\/product_tag?post=27875"}],"curies":[{"name":"wp","href":"https:\/\/api.w.org\/{rel}","templated":true}]}}