{"id":27874,"date":"2025-02-20T23:29:36","date_gmt":"2025-02-20T22:29:36","guid":{"rendered":"https:\/\/olemosaic.orbitalia.org\/producto\/bol-de-coco-azul-caballito-de-mar-mallorca-2\/"},"modified":"2025-07-25T18:52:55","modified_gmt":"2025-07-25T16:52:55","slug":"bol-coco-bleu-hippocampe-majorque","status":"publish","type":"product","link":"https:\/\/olemosaic.orbitalia.org\/fr\/produit\/bol-coco-bleu-hippocampe-majorque\/","title":{"rendered":"Bol coco bleu. Hippocampe et texte Majorque."},"content":{"rendered":"<p>Ce bol en c\u00e9ramique de style coco, d&rsquo;un bleu intense et vibrant, est un reflet authentique de la beaut\u00e9 et de l&rsquo;esprit de Majorque. Son design, peint \u00e0 la main, met en valeur un magnifique hippocampe au centre, une image qui \u00e9voque la vie marine des eaux cristallines de l&rsquo;\u00eele. Le fond bleu profond fait ressortir la figure blanche de l&rsquo;hippocampe, entour\u00e9e d&rsquo;une d\u00e9licate mosa\u00efque de formes irr\u00e9guli\u00e8res qui simulent la texture de la c\u00e9ramique traditionnelle. Dans la partie inf\u00e9rieure du bol, le mot \u00ab\u00a0MAJORQUE\u00a0\u00bb appara\u00eet dans un joli encadr\u00e9 bleu, ajoutant une touche personnelle et unique \u00e0 cette pi\u00e8ce.<\/p>\n<p>Ce bol ne sert pas seulement de bel objet d\u00e9coratif, il encapsule \u00e9galement l&rsquo;essence de la M\u00e9diterran\u00e9e, \u00e9tant un souvenir parfait pour ceux qui cherchent \u00e0 ramener un petit morceau de Majorque chez eux. Son design authentique et ses bords irr\u00e9guliers apportent un caract\u00e8re artisanal qui rehausse sa valeur culturelle, en faisant un souvenir significatif pour les touristes qui souhaitent se souvenir de leur visite sur cette \u00eele magique.<\/p>\n<p>Chez Ol\u00e9 Mosaic, nous sommes un distributeur de souvenirs uniques en gros, et ce bol en c\u00e9ramique de Majorque est une option id\u00e9ale pour les boutiques de souvenirs touristiques qui recherchent des pi\u00e8ces authentiques et culturellement pertinentes. C&rsquo;est un souvenir qui non seulement d\u00e9core, mais raconte aussi une histoire, faisant de chaque acquisition un rappel inoubliable du voyage sur l&rsquo;\u00eele.<\/p>\n","protected":false},"excerpt":{"rendered":"<p>Bol coco d&rsquo;un bleu vibrant, d\u00e9cor\u00e9 d&rsquo;un magnifique hippocampe qui repr\u00e9sente l&rsquo;essence de Majorque. La pi\u00e8ce pr\u00e9sente un design artisanal, peint \u00e0 la main, avec des d\u00e9tails blancs qui soulignent sa forme, et le texte \u00ab\u00a0MAJORQUE\u00a0\u00bb sur un fond bleu intense. Ses bords irr\u00e9guliers et sa texture riche lui donnent une touche authentique, en faisant un souvenir parfait qui \u00e9voque la beaut\u00e9 de la M\u00e9diterran\u00e9e.<\/p>\n","protected":false},"featured_media":11775,"template":"","meta":{"_acf_changed":false},"product_brand":[],"product_cat":[521],"product_tag":[530],"class_list":{"0":"post-27874","1":"product","2":"type-product","3":"status-publish","4":"has-post-thumbnail","6":"product_cat-bols","7":"product_tag-animaux","8":"pa_ciudad-mallorca","9":"pa_motivo-hippocampes","10":"pa_pais-espana","12":"first","13":"instock","14":"shipping-taxable","15":"product-type-simple"},"acf":[],"_links":{"self":[{"href":"https:\/\/olemosaic.orbitalia.org\/fr\/wp-json\/wp\/v2\/product\/27874","targetHints":{"allow":["GET"]}}],"collection":[{"href":"https:\/\/olemosaic.orbitalia.org\/fr\/wp-json\/wp\/v2\/product"}],"about":[{"href":"https:\/\/olemosaic.orbitalia.org\/fr\/wp-json\/wp\/v2\/types\/product"}],"wp:featuredmedia":[{"embeddable":true,"href":"https:\/\/olemosaic.orbitalia.org\/fr\/wp-json\/wp\/v2\/media\/11775"}],"wp:attachment":[{"href":"https:\/\/olemosaic.orbitalia.org\/fr\/wp-json\/wp\/v2\/media?parent=27874"}],"wp:term":[{"taxonomy":"product_brand","embeddable":true,"href":"https:\/\/olemosaic.orbitalia.org\/fr\/wp-json\/wp\/v2\/product_brand?post=27874"},{"taxonomy":"product_cat","embeddable":true,"href":"https:\/\/olemosaic.orbitalia.org\/fr\/wp-json\/wp\/v2\/product_cat?post=27874"},{"taxonomy":"product_tag","embeddable":true,"href":"https:\/\/olemosaic.orbitalia.org\/fr\/wp-json\/wp\/v2\/product_tag?post=27874"}],"curies":[{"name":"wp","href":"https:\/\/api.w.org\/{rel}","templated":true}]}}