{"id":27872,"date":"2025-02-20T23:29:36","date_gmt":"2025-02-20T22:29:36","guid":{"rendered":"https:\/\/olemosaic.orbitalia.org\/producto\/bol-de-coco-naranja-sardina\/"},"modified":"2025-07-25T18:37:48","modified_gmt":"2025-07-25T16:37:48","slug":"bol-coco-orange-sardine-portugal","status":"publish","type":"product","link":"https:\/\/olemosaic.orbitalia.org\/fr\/produit\/bol-coco-orange-sardine-portugal\/","title":{"rendered":"Bol coco orange. Sardine et Portugal."},"content":{"rendered":"<p>Ce bol en c\u00e9ramique, d&rsquo;une couleur orange vibrante, est un authentique souvenir du Portugal, id\u00e9al pour les amoureux de la culture gastronomique du pays. Son design moderne pr\u00e9sente une sardine blanche au centre, accompagn\u00e9e du mot \u00ab\u00a0PORTUGAL\u00a0\u00bb, ce qui en fait une pi\u00e8ce \u00e0 la fois d\u00e9corative et fonctionnelle. La texture brillante de la finition imite la c\u00e9ramique traditionnelle et renforce l&rsquo;impact visuel, le faisant ressortir sur n&rsquo;importe quelle table ou coin de la maison.<\/p>\n<p>L&rsquo;int\u00e9rieur du bol pr\u00e9sente des motifs qui \u00e9voquent le style artisanal typique du Portugal, symbolisant le riche h\u00e9ritage culturel du pays. Sa forme ronde et robuste est parfaite pour servir des tapas, des olives ou tout autre type d&rsquo;ap\u00e9ritif, ce qui en fait un excellent ajout aux r\u00e9unions de famille ou entre amis. Ce bol ne sert pas seulement d&rsquo;ustensile, mais aussi de rappel constant de la tradition culinaire portugaise.<\/p>\n<p>Chez Ol\u00e9 Mosaic, nous nous sp\u00e9cialisons dans la distribution de souvenirs en gros, ce qui nous permet de proposer des articles uniques et repr\u00e9sentatifs de cada r\u00e9gion. Ce bol en c\u00e9ramique est une magnifique option pour les boutiques de souvenirs touristiques qui recherchent des produits authentiques et pertinents. Avec son design attrayant et sa signification culturelle, il s&rsquo;av\u00e8re \u00eatre un souvenir parfait du Portugal.<\/p>\n","protected":false},"excerpt":{"rendered":"<p>Bol coco d&rsquo;une couleur orange vibrante, d\u00e9cor\u00e9 d&rsquo;un design moderne montrant une sardine blanche au centre et le mot \u00ab\u00a0PORTUGAL\u00a0\u00bb. Cet article, id\u00e9al pour servir des tapas ou comme \u00e9l\u00e9ment d\u00e9coratif, se distingue par sa finition brillante et les motifs \u00e0 l&rsquo;int\u00e9rieur, qui \u00e9voquent le style artisanal portugais. Sa forme ronde et robuste en fait un authentique souvenir qui refl\u00e8te la riche culture gastronomique du Portugal.<\/p>\n","protected":false},"featured_media":11981,"template":"","meta":{"_acf_changed":false},"product_brand":[],"product_cat":[521],"product_tag":[530],"class_list":{"0":"post-27872","1":"product","2":"type-product","3":"status-publish","4":"has-post-thumbnail","6":"product_cat-bols","7":"product_tag-animaux","8":"pa_motivo-sardines","9":"pa_pais-portugal","11":"first","12":"instock","13":"shipping-taxable","14":"product-type-simple"},"acf":[],"_links":{"self":[{"href":"https:\/\/olemosaic.orbitalia.org\/fr\/wp-json\/wp\/v2\/product\/27872","targetHints":{"allow":["GET"]}}],"collection":[{"href":"https:\/\/olemosaic.orbitalia.org\/fr\/wp-json\/wp\/v2\/product"}],"about":[{"href":"https:\/\/olemosaic.orbitalia.org\/fr\/wp-json\/wp\/v2\/types\/product"}],"wp:featuredmedia":[{"embeddable":true,"href":"https:\/\/olemosaic.orbitalia.org\/fr\/wp-json\/wp\/v2\/media\/11981"}],"wp:attachment":[{"href":"https:\/\/olemosaic.orbitalia.org\/fr\/wp-json\/wp\/v2\/media?parent=27872"}],"wp:term":[{"taxonomy":"product_brand","embeddable":true,"href":"https:\/\/olemosaic.orbitalia.org\/fr\/wp-json\/wp\/v2\/product_brand?post=27872"},{"taxonomy":"product_cat","embeddable":true,"href":"https:\/\/olemosaic.orbitalia.org\/fr\/wp-json\/wp\/v2\/product_cat?post=27872"},{"taxonomy":"product_tag","embeddable":true,"href":"https:\/\/olemosaic.orbitalia.org\/fr\/wp-json\/wp\/v2\/product_tag?post=27872"}],"curies":[{"name":"wp","href":"https:\/\/api.w.org\/{rel}","templated":true}]}}