{"id":27871,"date":"2025-02-20T23:29:36","date_gmt":"2025-02-20T22:29:36","guid":{"rendered":"https:\/\/olemosaic.orbitalia.org\/producto\/bol-de-coco-amarillo-ibiscus\/"},"modified":"2025-07-25T19:26:50","modified_gmt":"2025-07-25T17:26:50","slug":"bol-coco-jaune-hibiscus","status":"publish","type":"product","link":"https:\/\/olemosaic.orbitalia.org\/fr\/produit\/bol-coco-jaune-hibiscus\/","title":{"rendered":"Bol coco jaune. Hibiscus."},"content":{"rendered":"<p>Ce bol en c\u00e9ramique, d&rsquo;un jaune \u00e9clatant, est un v\u00e9ritable joyau de l&rsquo;artisanat espagnol. D\u00e9cor\u00e9 d&rsquo;un \u00e9l\u00e9gant hibiscus au centre, ce bol capture l&rsquo;essence du folklore ib\u00e9rique, se distinguant par sa finition peinte \u00e0 la main, qui t\u00e9moigne d&rsquo;un savoir-faire et d&rsquo;un d\u00e9vouement artisanal. Les bords sont orn\u00e9s de d\u00e9licats motifs en forme de c\u0153ur, qui compl\u00e8tent le design central et apportent un air romantique et festif. La combinaison de couleurs chaudes ajoute non seulement une touche de chaleur, mais donne \u00e9galement vie \u00e0 n&rsquo;importe quel espace, faisant de ce bol une pi\u00e8ce id\u00e9ale pour servir des ap\u00e9ritifs ou comme \u00e9l\u00e9ment d\u00e9coratif attrayant.<\/p>\n<p>La connexion culturelle de ce bol avec les traditions artisanales de l&rsquo;Espagne en fait un souvenir repr\u00e9sentatif parfait pour ceux qui souhaitent emporter un morceau de la culture espagnole. Ce bol, qui symbolise la joie et l&rsquo;hospitalit\u00e9 des tables ib\u00e9riques, est une excellente option pour les touristes \u00e0 la recherche d&rsquo;un souvenir authentique. Chez Ol\u00e9 Mosaic, nous nous sp\u00e9cialisons dans la distribution de produits artisanaux, garantissant \u00e0 nos clients un acc\u00e8s exclusif \u00e0 des souvenirs authentiques. En tant que grossistes en c\u00e9ramique, nous proposons une s\u00e9lection unique qui met en valeur tant la qualit\u00e9 que la richesse culturelle de l&rsquo;Espagne.<\/p>\n","protected":false},"excerpt":{"rendered":"<p>Bol coco d&rsquo;un jaune \u00e9clatant, d\u00e9cor\u00e9 d&rsquo;un \u00e9l\u00e9gant hibiscus au centre et de motifs en forme de c\u0153ur sur le bord. Ce bol artisanal refl\u00e8te la beaut\u00e9 du folklore espagnol, se distinguant par son design artisanal fini, peint \u00e0 la main, et sa combinaison de couleurs chaudes. Id\u00e9al pour servir des ap\u00e9ritifs ou comme pi\u00e8ce d\u00e9corative, ce produit capture l&rsquo;essence des traditions artisanales ib\u00e9riques, apportant une touche de couleur et d&rsquo;originalit\u00e9 \u00e0 n&rsquo;importe quel foyer.<\/p>\n","protected":false},"featured_media":13452,"template":"","meta":{"_acf_changed":false},"product_brand":[],"product_cat":[521],"product_tag":[],"class_list":{"0":"post-27871","1":"product","2":"type-product","3":"status-publish","4":"has-post-thumbnail","6":"product_cat-bols","7":"pa_motivo-hibiscus","9":"first","10":"instock","11":"shipping-taxable","12":"product-type-simple"},"acf":[],"_links":{"self":[{"href":"https:\/\/olemosaic.orbitalia.org\/fr\/wp-json\/wp\/v2\/product\/27871","targetHints":{"allow":["GET"]}}],"collection":[{"href":"https:\/\/olemosaic.orbitalia.org\/fr\/wp-json\/wp\/v2\/product"}],"about":[{"href":"https:\/\/olemosaic.orbitalia.org\/fr\/wp-json\/wp\/v2\/types\/product"}],"wp:featuredmedia":[{"embeddable":true,"href":"https:\/\/olemosaic.orbitalia.org\/fr\/wp-json\/wp\/v2\/media\/13452"}],"wp:attachment":[{"href":"https:\/\/olemosaic.orbitalia.org\/fr\/wp-json\/wp\/v2\/media?parent=27871"}],"wp:term":[{"taxonomy":"product_brand","embeddable":true,"href":"https:\/\/olemosaic.orbitalia.org\/fr\/wp-json\/wp\/v2\/product_brand?post=27871"},{"taxonomy":"product_cat","embeddable":true,"href":"https:\/\/olemosaic.orbitalia.org\/fr\/wp-json\/wp\/v2\/product_cat?post=27871"},{"taxonomy":"product_tag","embeddable":true,"href":"https:\/\/olemosaic.orbitalia.org\/fr\/wp-json\/wp\/v2\/product_tag?post=27871"}],"curies":[{"name":"wp","href":"https:\/\/api.w.org\/{rel}","templated":true}]}}