{"id":27865,"date":"2025-02-20T23:29:35","date_gmt":"2025-02-20T22:29:35","guid":{"rendered":"https:\/\/olemosaic.orbitalia.org\/producto\/bol-de-coco-abanico\/"},"modified":"2025-07-25T18:33:27","modified_gmt":"2025-07-25T16:33:27","slug":"bol-en-noix-de-coco-eventail","status":"publish","type":"product","link":"https:\/\/olemosaic.orbitalia.org\/fr\/produit\/bol-en-noix-de-coco-eventail\/","title":{"rendered":"Bol en noix de coco. \u00c9ventail."},"content":{"rendered":"<p>Ce bol en c\u00e9ramique, d\u00e9cor\u00e9 d&rsquo;une mosa\u00efque vibrante de couleurs, est un v\u00e9ritable tr\u00e9sor de l&rsquo;artisanat m\u00e9diterran\u00e9en, id\u00e9al pour ceux qui souhaitent ajouter une touche artistique \u00e0 leur int\u00e9rieur. Avec un design \u00e9labor\u00e9 \u00e0 partir de petites pi\u00e8ces de c\u00e9ramique dans des tons rose, bleu et violet, ce r\u00e9cipient \u00e9l\u00e9gant pr\u00e9sente un d\u00e9licat motif central en forme de coquillage qui \u00e9voque la beaut\u00e9 et la diversit\u00e9 des c\u00f4tes espagnoles. Sa finition brillante rehausse non seulement les couleurs vives, mais permet \u00e9galement \u00e0 chaque d\u00e9tail de resplendir, en faisant un objet qui attire l&rsquo;attention dans n&rsquo;importe quel espace.<\/p>\n<p>Le lien culturel de ce bol r\u00e9side dans son inspiration de la tradition c\u00e9ramique qui a fleuri dans des r\u00e9gions comme l&rsquo;Andalousie et Valence, o\u00f9 la c\u00e9ramique est un symbole du patrimoine local. Ce souvenir n&rsquo;est pas seulement un bel \u00e9l\u00e9ment d\u00e9coratif, mais aussi une repr\u00e9sentation authentique de l&rsquo;h\u00e9ritage culturel de l&rsquo;Espagne, id\u00e9al pour les touristes qui cherchent \u00e0 emporter un morceau de la culture m\u00e9diterran\u00e9enne. Chez Ol\u00e9 Mosaic, en tant que grossiste de produits artisanaux, nous garantissons la qualit\u00e9 et l&rsquo;authenticit\u00e9 de nos souvenirs. Ce bol en c\u00e9ramique est une excellente option pour les boutiques de cadeaux touristiques souhaitant offrir un souvenir repr\u00e9sentatif et artistique des traditions espagnoles.<\/p>\n","protected":false},"excerpt":{"rendered":"<p>Bol en noix de coco d\u00e9cor\u00e9 d&rsquo;une mosa\u00efque vibrante de couleurs, id\u00e9al pour ajouter une touche artistique \u00e0 n&rsquo;importe quel foyer. Ce r\u00e9cipient \u00e9l\u00e9gant pr\u00e9sente un design incluant de petites pi\u00e8ces de c\u00e9ramique dans des tons rose, bleu et violet, ainsi qu&rsquo;un d\u00e9licat motif central en forme de coquillage. Sa finition brillante et son esth\u00e9tique m\u00e9diterran\u00e9enne en font un souvenir parfait des c\u00f4tes espagnoles, \u00e9voquant la beaut\u00e9 de la c\u00e9ramique traditionnelle.<\/p>\n","protected":false},"featured_media":11806,"template":"","meta":{"_acf_changed":false},"product_brand":[],"product_cat":[521],"product_tag":[],"class_list":{"0":"post-27865","1":"product","2":"type-product","3":"status-publish","4":"has-post-thumbnail","6":"product_cat-bols","8":"first","9":"instock","10":"shipping-taxable","11":"product-type-simple"},"acf":[],"_links":{"self":[{"href":"https:\/\/olemosaic.orbitalia.org\/fr\/wp-json\/wp\/v2\/product\/27865","targetHints":{"allow":["GET"]}}],"collection":[{"href":"https:\/\/olemosaic.orbitalia.org\/fr\/wp-json\/wp\/v2\/product"}],"about":[{"href":"https:\/\/olemosaic.orbitalia.org\/fr\/wp-json\/wp\/v2\/types\/product"}],"wp:featuredmedia":[{"embeddable":true,"href":"https:\/\/olemosaic.orbitalia.org\/fr\/wp-json\/wp\/v2\/media\/11806"}],"wp:attachment":[{"href":"https:\/\/olemosaic.orbitalia.org\/fr\/wp-json\/wp\/v2\/media?parent=27865"}],"wp:term":[{"taxonomy":"product_brand","embeddable":true,"href":"https:\/\/olemosaic.orbitalia.org\/fr\/wp-json\/wp\/v2\/product_brand?post=27865"},{"taxonomy":"product_cat","embeddable":true,"href":"https:\/\/olemosaic.orbitalia.org\/fr\/wp-json\/wp\/v2\/product_cat?post=27865"},{"taxonomy":"product_tag","embeddable":true,"href":"https:\/\/olemosaic.orbitalia.org\/fr\/wp-json\/wp\/v2\/product_tag?post=27865"}],"curies":[{"name":"wp","href":"https:\/\/api.w.org\/{rel}","templated":true}]}}