{"id":27864,"date":"2025-02-20T23:29:35","date_gmt":"2025-02-20T22:29:35","guid":{"rendered":"https:\/\/olemosaic.orbitalia.org\/producto\/bol-de-ceramica-de-9-cm-caballito-de-mar-beige\/"},"modified":"2025-07-25T20:07:45","modified_gmt":"2025-07-25T18:07:45","slug":"bol-en-ceramique-de-9-cm-hippocampe-beige","status":"publish","type":"product","link":"https:\/\/olemosaic.orbitalia.org\/fr\/produit\/bol-en-ceramique-de-9-cm-hippocampe-beige\/","title":{"rendered":"Bol en c\u00e9ramique de 9 cm. Hippocampe. Beige"},"content":{"rendered":"<p>Ce bol en c\u00e9ramique, d\u00e9cor\u00e9 de charmants hippocampes, est un souvenir id\u00e9al qui capture l&rsquo;essence de la M\u00e9diterran\u00e9e. Avec un diam\u00e8tre de 9 cm, sa base beige offre un fond attrayant qui rehausse les couleurs vibrantes des hippocampes dans des tons bleus, rouges et verts, nageant parmi des \u00e9toiles de mer. Ce design joyeux et sophistiqu\u00e9 est compl\u00e9t\u00e9 par un bord rouge qui ajoute une touche de chaleur et d&rsquo;authenticit\u00e9 \u00e0 la pi\u00e8ce. Chaque bol semble peint \u00e0 la main par des artisans talentueux, ce qui assure non seulement sa singularit\u00e9, mais aussi la qualit\u00e9 de sa finition.<\/p>\n<p>Ce bol ne sert pas seulement de contenant esth\u00e9tique, il \u00e9voque \u00e9galement des souvenirs des c\u00f4tes espagnoles \u00e9tincelantes, devenant un souvenir repr\u00e9sentatif de la riche culture et tradition de la r\u00e9gion. Avec son design attrayant et color\u00e9, c&rsquo;est un excellent choix pour les touristes \u00e0 la recherche de souvenirs uniques qui encapsulent la beaut\u00e9 de la mer et la culture m\u00e9diterran\u00e9enne. Chez Ol\u00e9 Mosaic, nous sommes fiers d&rsquo;\u00eatre des distributeurs en gros de souvenirs authentiques et artisanaux. Ce bol en c\u00e9ramique avec hippocampes est une option remarquable qui ajoute une touche m\u00e9diterran\u00e9enne \u00e0 toute boutique de cadeaux touristiques, garantissant satisfaction et charme \u00e0 chaque achat.<\/p>\n","protected":false},"excerpt":{"rendered":"<p>Bol en c\u00e9ramique de 9 cm d\u00e9cor\u00e9 d&rsquo;un design vibrant d&rsquo;hippocampes, id\u00e9al pour apporter une touche m\u00e9diterran\u00e9enne \u00e0 n&rsquo;importe quel espace. Sa base beige contraste avec les hippocampes color\u00e9s dans des tons bleus, rouges et verts, accompagn\u00e9s d&rsquo;\u00e9toiles de mer sur un fond sophistiqu\u00e9. Cette pi\u00e8ce semble \u00eatre peinte \u00e0 la main, ce qui garantit sa singularit\u00e9 et sa qualit\u00e9 artisanale, \u00e9tant parfaite comme souvenir de la c\u00f4te espagnole.<\/p>\n","protected":false},"featured_media":7362,"template":"","meta":{"_acf_changed":false},"product_brand":[],"product_cat":[521],"product_tag":[530,585],"class_list":{"0":"post-27864","1":"product","2":"type-product","3":"status-publish","4":"has-post-thumbnail","6":"product_cat-bols","7":"product_tag-animaux","8":"product_tag-ceramique","9":"pa_motivo-hippocampes","11":"first","12":"instock","13":"shipping-taxable","14":"product-type-simple"},"acf":[],"_links":{"self":[{"href":"https:\/\/olemosaic.orbitalia.org\/fr\/wp-json\/wp\/v2\/product\/27864","targetHints":{"allow":["GET"]}}],"collection":[{"href":"https:\/\/olemosaic.orbitalia.org\/fr\/wp-json\/wp\/v2\/product"}],"about":[{"href":"https:\/\/olemosaic.orbitalia.org\/fr\/wp-json\/wp\/v2\/types\/product"}],"wp:featuredmedia":[{"embeddable":true,"href":"https:\/\/olemosaic.orbitalia.org\/fr\/wp-json\/wp\/v2\/media\/7362"}],"wp:attachment":[{"href":"https:\/\/olemosaic.orbitalia.org\/fr\/wp-json\/wp\/v2\/media?parent=27864"}],"wp:term":[{"taxonomy":"product_brand","embeddable":true,"href":"https:\/\/olemosaic.orbitalia.org\/fr\/wp-json\/wp\/v2\/product_brand?post=27864"},{"taxonomy":"product_cat","embeddable":true,"href":"https:\/\/olemosaic.orbitalia.org\/fr\/wp-json\/wp\/v2\/product_cat?post=27864"},{"taxonomy":"product_tag","embeddable":true,"href":"https:\/\/olemosaic.orbitalia.org\/fr\/wp-json\/wp\/v2\/product_tag?post=27864"}],"curies":[{"name":"wp","href":"https:\/\/api.w.org\/{rel}","templated":true}]}}